{"id":220,"date":"2025-09-28T19:30:05","date_gmt":"2025-09-28T19:30:05","guid":{"rendered":"https:\/\/saborcito.de\/?post_type=product&#038;p=220"},"modified":"2025-11-15T19:43:59","modified_gmt":"2025-11-15T19:43:59","slug":"chips-jalapeno-170-gr-barcel","status":"publish","type":"product","link":"https:\/\/saborcito.de\/de\/product\/chips-jalapeno-170-gr-barcel\/","title":{"rendered":"Chips Jalape\u00f1o 170 gr. Barcel"},"content":{"rendered":"<p>Las Chips Jalape\u00f1o Barcel ofrecen una experiencia sensorial intensa: papas fritas naturales con un toque picante muy caracter\u00edstico, realzado por especias y sabor aut\u00e9ntico a jalape\u00f1o. Con su presentaci\u00f3n en bolsa de 170?g, son perfectas para momentos de ocio, compartir o disfrutar como snack picante en casa o en salidas.<\/p>","protected":false},"excerpt":{"rendered":"<p>Chips Jalape\u00f1o 170 gr. Barcel<\/p>","protected":false},"featured_media":197,"comment_status":"closed","ping_status":"closed","template":"","meta":[],"product_brand":[23],"product_cat":[18],"product_tag":[],"class_list":{"0":"post-220","1":"product","2":"type-product","3":"status-publish","4":"has-post-thumbnail","6":"product_brand-barcel","7":"product_cat-dulces-y-snacks","9":"first","10":"outofstock","11":"taxable","12":"shipping-taxable","13":"purchasable","14":"product-type-simple"},"yoast_head":"<!-- This site is optimized with the Yoast SEO plugin v27.5 - https:\/\/yoast.com\/product\/yoast-seo-wordpress\/ -->\n<title>Chips Jalape\u00f1o 170 gr. Barcel - Saborcito<\/title>\n<meta name=\"robots\" content=\"index, follow, max-snippet:-1, max-image-preview:large, max-video-preview:-1\" \/>\n<link rel=\"canonical\" href=\"https:\/\/saborcito.de\/de\/?product=chips-jalapeno-170-gr-barcel\" \/>\n<meta property=\"og:locale\" content=\"de_DE\" \/>\n<meta property=\"og:type\" content=\"article\" \/>\n<meta property=\"og:title\" content=\"Chips Jalape\u00f1o 170 gr. Barcel - Saborcito\" \/>\n<meta property=\"og:description\" content=\"Chips Jalape\u00f1o 170 gr. Barcel\" \/>\n<meta property=\"og:url\" content=\"https:\/\/saborcito.de\/de\/?product=chips-jalapeno-170-gr-barcel\" \/>\n<meta property=\"og:site_name\" content=\"Saborcito\" \/>\n<meta property=\"article:modified_time\" content=\"2025-11-15T19:43:59+00:00\" \/>\n<meta name=\"twitter:card\" content=\"summary_large_image\" \/>\n<script type=\"application\/ld+json\" class=\"yoast-schema-graph\">{\"@context\":\"https:\\\/\\\/schema.org\",\"@graph\":[{\"@type\":\"WebPage\",\"@id\":\"https:\\\/\\\/saborcito.de\\\/?product=chips-jalapeno-170-gr-barcel\",\"url\":\"https:\\\/\\\/saborcito.de\\\/?product=chips-jalapeno-170-gr-barcel\",\"name\":\"Chips Jalape\u00f1o 170 gr. Barcel - Saborcito\",\"isPartOf\":{\"@id\":\"https:\\\/\\\/saborcito.de\\\/#website\"},\"primaryImageOfPage\":{\"@id\":\"https:\\\/\\\/saborcito.de\\\/?product=chips-jalapeno-170-gr-barcel#primaryimage\"},\"image\":{\"@id\":\"https:\\\/\\\/saborcito.de\\\/?product=chips-jalapeno-170-gr-barcel#primaryimage\"},\"thumbnailUrl\":\"https:\\\/\\\/saborcito.de\\\/wp-content\\\/uploads\\\/2025\\\/09\\\/667729-1200-900.webp\",\"datePublished\":\"2025-09-28T19:30:05+00:00\",\"dateModified\":\"2025-11-15T19:43:59+00:00\",\"breadcrumb\":{\"@id\":\"https:\\\/\\\/saborcito.de\\\/?product=chips-jalapeno-170-gr-barcel#breadcrumb\"},\"inLanguage\":\"de\",\"potentialAction\":[{\"@type\":\"ReadAction\",\"target\":[\"https:\\\/\\\/saborcito.de\\\/?product=chips-jalapeno-170-gr-barcel\"]}]},{\"@type\":\"ImageObject\",\"inLanguage\":\"de\",\"@id\":\"https:\\\/\\\/saborcito.de\\\/?product=chips-jalapeno-170-gr-barcel#primaryimage\",\"url\":\"https:\\\/\\\/saborcito.de\\\/wp-content\\\/uploads\\\/2025\\\/09\\\/667729-1200-900.webp\",\"contentUrl\":\"https:\\\/\\\/saborcito.de\\\/wp-content\\\/uploads\\\/2025\\\/09\\\/667729-1200-900.webp\",\"width\":1200,\"height\":900},{\"@type\":\"BreadcrumbList\",\"@id\":\"https:\\\/\\\/saborcito.de\\\/?product=chips-jalapeno-170-gr-barcel#breadcrumb\",\"itemListElement\":[{\"@type\":\"ListItem\",\"position\":1,\"name\":\"Home\",\"item\":\"https:\\\/\\\/saborcito.de\\\/de\\\/\"},{\"@type\":\"ListItem\",\"position\":2,\"name\":\"Tienda\",\"item\":\"https:\\\/\\\/saborcito.de\\\/de\\\/\"},{\"@type\":\"ListItem\",\"position\":3,\"name\":\"Chips Jalape\u00f1o 170 gr. Barcel\"}]},{\"@type\":\"WebSite\",\"@id\":\"https:\\\/\\\/saborcito.de\\\/#website\",\"url\":\"https:\\\/\\\/saborcito.de\\\/\",\"name\":\"Saborcito\",\"description\":\"\u00a1El sabor que extra\u00f1abas!\",\"publisher\":{\"@id\":\"https:\\\/\\\/saborcito.de\\\/#organization\"},\"potentialAction\":[{\"@type\":\"SearchAction\",\"target\":{\"@type\":\"EntryPoint\",\"urlTemplate\":\"https:\\\/\\\/saborcito.de\\\/?s={search_term_string}\"},\"query-input\":{\"@type\":\"PropertyValueSpecification\",\"valueRequired\":true,\"valueName\":\"search_term_string\"}}],\"inLanguage\":\"de\"},{\"@type\":\"Organization\",\"@id\":\"https:\\\/\\\/saborcito.de\\\/#organization\",\"name\":\"Saborcito\",\"url\":\"https:\\\/\\\/saborcito.de\\\/\",\"logo\":{\"@type\":\"ImageObject\",\"inLanguage\":\"de\",\"@id\":\"https:\\\/\\\/saborcito.de\\\/#\\\/schema\\\/logo\\\/image\\\/\",\"url\":\"https:\\\/\\\/saborcito.de\\\/wp-content\\\/uploads\\\/2025\\\/09\\\/Gemini_Generated_Image_u5txh9u5txh9u5tx.png\",\"contentUrl\":\"https:\\\/\\\/saborcito.de\\\/wp-content\\\/uploads\\\/2025\\\/09\\\/Gemini_Generated_Image_u5txh9u5txh9u5tx.png\",\"width\":1024,\"height\":330,\"caption\":\"Saborcito\"},\"image\":{\"@id\":\"https:\\\/\\\/saborcito.de\\\/#\\\/schema\\\/logo\\\/image\\\/\"}}]}<\/script>\n<!-- \/ Yoast SEO plugin. -->","yoast_head_json":{"title":"Chips Jalape\u00f1o 170 gr. Barcel - Saborcito","robots":{"index":"index","follow":"follow","max-snippet":"max-snippet:-1","max-image-preview":"max-image-preview:large","max-video-preview":"max-video-preview:-1"},"canonical":"https:\/\/saborcito.de\/de\/?product=chips-jalapeno-170-gr-barcel","og_locale":"de_DE","og_type":"article","og_title":"Chips Jalape\u00f1o 170 gr. Barcel - Saborcito","og_description":"Chips Jalape\u00f1o 170 gr. Barcel","og_url":"https:\/\/saborcito.de\/de\/?product=chips-jalapeno-170-gr-barcel","og_site_name":"Saborcito","article_modified_time":"2025-11-15T19:43:59+00:00","twitter_card":"summary_large_image","schema":{"@context":"https:\/\/schema.org","@graph":[{"@type":"WebPage","@id":"https:\/\/saborcito.de\/?product=chips-jalapeno-170-gr-barcel","url":"https:\/\/saborcito.de\/?product=chips-jalapeno-170-gr-barcel","name":"Chips Jalape\u00f1o 170 gr. Barcel - Saborcito","isPartOf":{"@id":"https:\/\/saborcito.de\/#website"},"primaryImageOfPage":{"@id":"https:\/\/saborcito.de\/?product=chips-jalapeno-170-gr-barcel#primaryimage"},"image":{"@id":"https:\/\/saborcito.de\/?product=chips-jalapeno-170-gr-barcel#primaryimage"},"thumbnailUrl":"https:\/\/saborcito.de\/wp-content\/uploads\/2025\/09\/667729-1200-900.webp","datePublished":"2025-09-28T19:30:05+00:00","dateModified":"2025-11-15T19:43:59+00:00","breadcrumb":{"@id":"https:\/\/saborcito.de\/?product=chips-jalapeno-170-gr-barcel#breadcrumb"},"inLanguage":"de","potentialAction":[{"@type":"ReadAction","target":["https:\/\/saborcito.de\/?product=chips-jalapeno-170-gr-barcel"]}]},{"@type":"ImageObject","inLanguage":"de","@id":"https:\/\/saborcito.de\/?product=chips-jalapeno-170-gr-barcel#primaryimage","url":"https:\/\/saborcito.de\/wp-content\/uploads\/2025\/09\/667729-1200-900.webp","contentUrl":"https:\/\/saborcito.de\/wp-content\/uploads\/2025\/09\/667729-1200-900.webp","width":1200,"height":900},{"@type":"BreadcrumbList","@id":"https:\/\/saborcito.de\/?product=chips-jalapeno-170-gr-barcel#breadcrumb","itemListElement":[{"@type":"ListItem","position":1,"name":"Home","item":"https:\/\/saborcito.de\/de\/"},{"@type":"ListItem","position":2,"name":"Tienda","item":"https:\/\/saborcito.de\/de\/"},{"@type":"ListItem","position":3,"name":"Chips Jalape\u00f1o 170 gr. Barcel"}]},{"@type":"WebSite","@id":"https:\/\/saborcito.de\/#website","url":"https:\/\/saborcito.de\/","name":"Saborcito","description":"\u00a1El sabor que extra\u00f1abas!","publisher":{"@id":"https:\/\/saborcito.de\/#organization"},"potentialAction":[{"@type":"SearchAction","target":{"@type":"EntryPoint","urlTemplate":"https:\/\/saborcito.de\/?s={search_term_string}"},"query-input":{"@type":"PropertyValueSpecification","valueRequired":true,"valueName":"search_term_string"}}],"inLanguage":"de"},{"@type":"Organization","@id":"https:\/\/saborcito.de\/#organization","name":"Saborcito","url":"https:\/\/saborcito.de\/","logo":{"@type":"ImageObject","inLanguage":"de","@id":"https:\/\/saborcito.de\/#\/schema\/logo\/image\/","url":"https:\/\/saborcito.de\/wp-content\/uploads\/2025\/09\/Gemini_Generated_Image_u5txh9u5txh9u5tx.png","contentUrl":"https:\/\/saborcito.de\/wp-content\/uploads\/2025\/09\/Gemini_Generated_Image_u5txh9u5txh9u5tx.png","width":1024,"height":330,"caption":"Saborcito"},"image":{"@id":"https:\/\/saborcito.de\/#\/schema\/logo\/image\/"}}]}},"jetpack_sharing_enabled":true,"_links":{"self":[{"href":"https:\/\/saborcito.de\/de\/wp-json\/wp\/v2\/product\/220","targetHints":{"allow":["GET"]}}],"collection":[{"href":"https:\/\/saborcito.de\/de\/wp-json\/wp\/v2\/product"}],"about":[{"href":"https:\/\/saborcito.de\/de\/wp-json\/wp\/v2\/types\/product"}],"replies":[{"embeddable":true,"href":"https:\/\/saborcito.de\/de\/wp-json\/wp\/v2\/comments?post=220"}],"wp:featuredmedia":[{"embeddable":true,"href":"https:\/\/saborcito.de\/de\/wp-json\/wp\/v2\/media\/197"}],"wp:attachment":[{"href":"https:\/\/saborcito.de\/de\/wp-json\/wp\/v2\/media?parent=220"}],"wp:term":[{"taxonomy":"product_brand","embeddable":true,"href":"https:\/\/saborcito.de\/de\/wp-json\/wp\/v2\/product_brand?post=220"},{"taxonomy":"product_cat","embeddable":true,"href":"https:\/\/saborcito.de\/de\/wp-json\/wp\/v2\/product_cat?post=220"},{"taxonomy":"product_tag","embeddable":true,"href":"https:\/\/saborcito.de\/de\/wp-json\/wp\/v2\/product_tag?post=220"}],"curies":[{"name":"wp","href":"https:\/\/api.w.org\/{rel}","templated":true}]}}