{"id":222,"date":"2025-09-28T19:30:07","date_gmt":"2025-09-28T19:30:07","guid":{"rendered":"https:\/\/saborcito.de\/?post_type=product&#038;p=222"},"modified":"2026-04-27T15:26:47","modified_gmt":"2026-04-27T15:26:47","slug":"clamato-original-pet-946-ml","status":"publish","type":"product","link":"https:\/\/saborcito.de\/de\/product\/clamato-original-pet-946-ml\/","title":{"rendered":"Clamato Original PET 946 ml."},"content":{"rendered":"<p>agua, jugo de tomate, jugo de fruta, glutamato monos\u00f3dico (E621), \u00e1cido c\u00edtrico (E330), sal yodada, cebolla en polvo, apio en polvo, \u00e1cido asc\u00f3rbico (E300) (color preservado), mejill\u00f3n en polvo (para condimento), salsa de pimienta en polvo, sucralosa (E955) (2 mg\/ 100g), coloraci\u00f3n artificial (rojo 40) E129 (te\u00f1ir este color puede tener efectos negativos en la actividad y atenci\u00f3n de los ni\u00f1os).<\/p>","protected":false},"excerpt":{"rendered":"<p>Clamato Original PET 946 ml.<\/p>","protected":false},"featured_media":171,"comment_status":"closed","ping_status":"closed","template":"","meta":[],"product_brand":[35],"product_cat":[19],"product_tag":[],"class_list":{"0":"post-222","1":"product","2":"type-product","3":"status-publish","4":"has-post-thumbnail","6":"product_brand-clamato","7":"product_cat-bebidas","9":"first","10":"outofstock","11":"taxable","12":"shipping-taxable","13":"purchasable","14":"product-type-simple"},"yoast_head":"<!-- This site is optimized with the Yoast SEO plugin v27.5 - https:\/\/yoast.com\/product\/yoast-seo-wordpress\/ -->\n<title>Clamato Original PET 946 ml. - Saborcito<\/title>\n<meta name=\"robots\" content=\"index, follow, max-snippet:-1, max-image-preview:large, max-video-preview:-1\" \/>\n<link rel=\"canonical\" href=\"https:\/\/saborcito.de\/de\/?product=clamato-original-pet-946-ml\" \/>\n<meta property=\"og:locale\" content=\"de_DE\" \/>\n<meta property=\"og:type\" content=\"article\" \/>\n<meta property=\"og:title\" content=\"Clamato Original PET 946 ml. - Saborcito\" \/>\n<meta property=\"og:description\" content=\"Clamato Original PET 946 ml.\" \/>\n<meta property=\"og:url\" content=\"https:\/\/saborcito.de\/de\/?product=clamato-original-pet-946-ml\" \/>\n<meta property=\"og:site_name\" content=\"Saborcito\" \/>\n<meta property=\"article:modified_time\" content=\"2026-04-27T15:26:47+00:00\" \/>\n<meta name=\"twitter:card\" content=\"summary_large_image\" \/>\n<script type=\"application\/ld+json\" class=\"yoast-schema-graph\">{\"@context\":\"https:\\\/\\\/schema.org\",\"@graph\":[{\"@type\":\"WebPage\",\"@id\":\"https:\\\/\\\/saborcito.de\\\/?product=clamato-original-pet-946-ml\",\"url\":\"https:\\\/\\\/saborcito.de\\\/?product=clamato-original-pet-946-ml\",\"name\":\"Clamato Original PET 946 ml. - Saborcito\",\"isPartOf\":{\"@id\":\"https:\\\/\\\/saborcito.de\\\/#website\"},\"primaryImageOfPage\":{\"@id\":\"https:\\\/\\\/saborcito.de\\\/?product=clamato-original-pet-946-ml#primaryimage\"},\"image\":{\"@id\":\"https:\\\/\\\/saborcito.de\\\/?product=clamato-original-pet-946-ml#primaryimage\"},\"thumbnailUrl\":\"https:\\\/\\\/saborcito.de\\\/wp-content\\\/uploads\\\/2025\\\/09\\\/60a2882cedcde-17-05-21.webp\",\"datePublished\":\"2025-09-28T19:30:07+00:00\",\"dateModified\":\"2026-04-27T15:26:47+00:00\",\"breadcrumb\":{\"@id\":\"https:\\\/\\\/saborcito.de\\\/?product=clamato-original-pet-946-ml#breadcrumb\"},\"inLanguage\":\"de\",\"potentialAction\":[{\"@type\":\"ReadAction\",\"target\":[\"https:\\\/\\\/saborcito.de\\\/?product=clamato-original-pet-946-ml\"]}]},{\"@type\":\"ImageObject\",\"inLanguage\":\"de\",\"@id\":\"https:\\\/\\\/saborcito.de\\\/?product=clamato-original-pet-946-ml#primaryimage\",\"url\":\"https:\\\/\\\/saborcito.de\\\/wp-content\\\/uploads\\\/2025\\\/09\\\/60a2882cedcde-17-05-21.webp\",\"contentUrl\":\"https:\\\/\\\/saborcito.de\\\/wp-content\\\/uploads\\\/2025\\\/09\\\/60a2882cedcde-17-05-21.webp\",\"width\":540,\"height\":560},{\"@type\":\"BreadcrumbList\",\"@id\":\"https:\\\/\\\/saborcito.de\\\/?product=clamato-original-pet-946-ml#breadcrumb\",\"itemListElement\":[{\"@type\":\"ListItem\",\"position\":1,\"name\":\"Home\",\"item\":\"https:\\\/\\\/saborcito.de\\\/de\\\/\"},{\"@type\":\"ListItem\",\"position\":2,\"name\":\"Tienda\",\"item\":\"https:\\\/\\\/saborcito.de\\\/de\\\/\"},{\"@type\":\"ListItem\",\"position\":3,\"name\":\"Clamato Original PET 946 ml.\"}]},{\"@type\":\"WebSite\",\"@id\":\"https:\\\/\\\/saborcito.de\\\/#website\",\"url\":\"https:\\\/\\\/saborcito.de\\\/\",\"name\":\"Saborcito\",\"description\":\"\u00a1El sabor que extra\u00f1abas!\",\"publisher\":{\"@id\":\"https:\\\/\\\/saborcito.de\\\/#organization\"},\"potentialAction\":[{\"@type\":\"SearchAction\",\"target\":{\"@type\":\"EntryPoint\",\"urlTemplate\":\"https:\\\/\\\/saborcito.de\\\/?s={search_term_string}\"},\"query-input\":{\"@type\":\"PropertyValueSpecification\",\"valueRequired\":true,\"valueName\":\"search_term_string\"}}],\"inLanguage\":\"de\"},{\"@type\":\"Organization\",\"@id\":\"https:\\\/\\\/saborcito.de\\\/#organization\",\"name\":\"Saborcito\",\"url\":\"https:\\\/\\\/saborcito.de\\\/\",\"logo\":{\"@type\":\"ImageObject\",\"inLanguage\":\"de\",\"@id\":\"https:\\\/\\\/saborcito.de\\\/#\\\/schema\\\/logo\\\/image\\\/\",\"url\":\"https:\\\/\\\/saborcito.de\\\/wp-content\\\/uploads\\\/2025\\\/09\\\/Gemini_Generated_Image_u5txh9u5txh9u5tx.png\",\"contentUrl\":\"https:\\\/\\\/saborcito.de\\\/wp-content\\\/uploads\\\/2025\\\/09\\\/Gemini_Generated_Image_u5txh9u5txh9u5tx.png\",\"width\":1024,\"height\":330,\"caption\":\"Saborcito\"},\"image\":{\"@id\":\"https:\\\/\\\/saborcito.de\\\/#\\\/schema\\\/logo\\\/image\\\/\"}}]}<\/script>\n<!-- \/ Yoast SEO plugin. -->","yoast_head_json":{"title":"Clamato Original PET 946 ml. - Saborcito","robots":{"index":"index","follow":"follow","max-snippet":"max-snippet:-1","max-image-preview":"max-image-preview:large","max-video-preview":"max-video-preview:-1"},"canonical":"https:\/\/saborcito.de\/de\/?product=clamato-original-pet-946-ml","og_locale":"de_DE","og_type":"article","og_title":"Clamato Original PET 946 ml. - Saborcito","og_description":"Clamato Original PET 946 ml.","og_url":"https:\/\/saborcito.de\/de\/?product=clamato-original-pet-946-ml","og_site_name":"Saborcito","article_modified_time":"2026-04-27T15:26:47+00:00","twitter_card":"summary_large_image","schema":{"@context":"https:\/\/schema.org","@graph":[{"@type":"WebPage","@id":"https:\/\/saborcito.de\/?product=clamato-original-pet-946-ml","url":"https:\/\/saborcito.de\/?product=clamato-original-pet-946-ml","name":"Clamato Original PET 946 ml. - Saborcito","isPartOf":{"@id":"https:\/\/saborcito.de\/#website"},"primaryImageOfPage":{"@id":"https:\/\/saborcito.de\/?product=clamato-original-pet-946-ml#primaryimage"},"image":{"@id":"https:\/\/saborcito.de\/?product=clamato-original-pet-946-ml#primaryimage"},"thumbnailUrl":"https:\/\/saborcito.de\/wp-content\/uploads\/2025\/09\/60a2882cedcde-17-05-21.webp","datePublished":"2025-09-28T19:30:07+00:00","dateModified":"2026-04-27T15:26:47+00:00","breadcrumb":{"@id":"https:\/\/saborcito.de\/?product=clamato-original-pet-946-ml#breadcrumb"},"inLanguage":"de","potentialAction":[{"@type":"ReadAction","target":["https:\/\/saborcito.de\/?product=clamato-original-pet-946-ml"]}]},{"@type":"ImageObject","inLanguage":"de","@id":"https:\/\/saborcito.de\/?product=clamato-original-pet-946-ml#primaryimage","url":"https:\/\/saborcito.de\/wp-content\/uploads\/2025\/09\/60a2882cedcde-17-05-21.webp","contentUrl":"https:\/\/saborcito.de\/wp-content\/uploads\/2025\/09\/60a2882cedcde-17-05-21.webp","width":540,"height":560},{"@type":"BreadcrumbList","@id":"https:\/\/saborcito.de\/?product=clamato-original-pet-946-ml#breadcrumb","itemListElement":[{"@type":"ListItem","position":1,"name":"Home","item":"https:\/\/saborcito.de\/de\/"},{"@type":"ListItem","position":2,"name":"Tienda","item":"https:\/\/saborcito.de\/de\/"},{"@type":"ListItem","position":3,"name":"Clamato Original PET 946 ml."}]},{"@type":"WebSite","@id":"https:\/\/saborcito.de\/#website","url":"https:\/\/saborcito.de\/","name":"Saborcito","description":"\u00a1El sabor que extra\u00f1abas!","publisher":{"@id":"https:\/\/saborcito.de\/#organization"},"potentialAction":[{"@type":"SearchAction","target":{"@type":"EntryPoint","urlTemplate":"https:\/\/saborcito.de\/?s={search_term_string}"},"query-input":{"@type":"PropertyValueSpecification","valueRequired":true,"valueName":"search_term_string"}}],"inLanguage":"de"},{"@type":"Organization","@id":"https:\/\/saborcito.de\/#organization","name":"Saborcito","url":"https:\/\/saborcito.de\/","logo":{"@type":"ImageObject","inLanguage":"de","@id":"https:\/\/saborcito.de\/#\/schema\/logo\/image\/","url":"https:\/\/saborcito.de\/wp-content\/uploads\/2025\/09\/Gemini_Generated_Image_u5txh9u5txh9u5tx.png","contentUrl":"https:\/\/saborcito.de\/wp-content\/uploads\/2025\/09\/Gemini_Generated_Image_u5txh9u5txh9u5tx.png","width":1024,"height":330,"caption":"Saborcito"},"image":{"@id":"https:\/\/saborcito.de\/#\/schema\/logo\/image\/"}}]}},"jetpack_sharing_enabled":true,"_links":{"self":[{"href":"https:\/\/saborcito.de\/de\/wp-json\/wp\/v2\/product\/222","targetHints":{"allow":["GET"]}}],"collection":[{"href":"https:\/\/saborcito.de\/de\/wp-json\/wp\/v2\/product"}],"about":[{"href":"https:\/\/saborcito.de\/de\/wp-json\/wp\/v2\/types\/product"}],"replies":[{"embeddable":true,"href":"https:\/\/saborcito.de\/de\/wp-json\/wp\/v2\/comments?post=222"}],"wp:featuredmedia":[{"embeddable":true,"href":"https:\/\/saborcito.de\/de\/wp-json\/wp\/v2\/media\/171"}],"wp:attachment":[{"href":"https:\/\/saborcito.de\/de\/wp-json\/wp\/v2\/media?parent=222"}],"wp:term":[{"taxonomy":"product_brand","embeddable":true,"href":"https:\/\/saborcito.de\/de\/wp-json\/wp\/v2\/product_brand?post=222"},{"taxonomy":"product_cat","embeddable":true,"href":"https:\/\/saborcito.de\/de\/wp-json\/wp\/v2\/product_cat?post=222"},{"taxonomy":"product_tag","embeddable":true,"href":"https:\/\/saborcito.de\/de\/wp-json\/wp\/v2\/product_tag?post=222"}],"curies":[{"name":"wp","href":"https:\/\/api.w.org\/{rel}","templated":true}]}}