{"id":224,"date":"2025-09-28T19:30:08","date_gmt":"2025-09-28T19:30:08","guid":{"rendered":"https:\/\/saborcito.de\/?post_type=product&#038;p=224"},"modified":"2025-10-03T11:50:50","modified_gmt":"2025-10-03T11:50:50","slug":"electrolit-hydration-beverage-mandarin-orange-flavour-625m","status":"publish","type":"product","link":"https:\/\/saborcito.de\/de\/product\/electrolit-hydration-beverage-mandarin-orange-flavour-625m\/","title":{"rendered":"Electrolit Hydration Beverage Mandarin-Orange Flavour 625m"},"content":{"rendered":"<p>Electrolit NARANJA MANDARINA es una bebida isot\u00f3nica especialmente desarrollada para reponer de forma r\u00e1pida y eficaz los electrolitos perdidos. Con un sabor natural a naranja, realzado por la dulzura de las mandarinas, ofrece una agradable experiencia de sabor. La bebida contiene una mezcla equilibrada de minerales esenciales como sodio, potasio, magnesio y cloruro, que ayudan a restablecer el equilibrio h\u00eddrico del cuerpo. Sin colorantes artificiales y bajo en az\u00facar, Electrolit NARANJA MANDARINA es una opci\u00f3n saludable para quienes buscan mantenerse activos y saludables.<\/p>","protected":false},"excerpt":{"rendered":"<p>Electrolit Hydration Beverage Mandarin-Orange Flavour 625m<\/p>","protected":false},"featured_media":186,"comment_status":"closed","ping_status":"closed","template":"","meta":[],"product_brand":[36],"product_cat":[19],"product_tag":[],"class_list":{"0":"post-224","1":"product","2":"type-product","3":"status-publish","4":"has-post-thumbnail","6":"product_brand-electrolit","7":"product_cat-bebidas","9":"first","10":"instock","11":"taxable","12":"shipping-taxable","13":"purchasable","14":"product-type-simple"},"yoast_head":"<!-- This site is optimized with the Yoast SEO plugin v27.5 - https:\/\/yoast.com\/product\/yoast-seo-wordpress\/ -->\n<title>Electrolit Hydration Beverage Mandarin-Orange Flavour 625m - Saborcito<\/title>\n<meta name=\"robots\" content=\"index, follow, max-snippet:-1, max-image-preview:large, max-video-preview:-1\" \/>\n<link rel=\"canonical\" href=\"https:\/\/saborcito.de\/de\/?product=electrolit-hydration-beverage-mandarin-orange-flavour-625m\" \/>\n<meta property=\"og:locale\" content=\"de_DE\" \/>\n<meta property=\"og:type\" content=\"article\" \/>\n<meta property=\"og:title\" content=\"Electrolit Hydration Beverage Mandarin-Orange Flavour 625m - Saborcito\" \/>\n<meta property=\"og:description\" content=\"Electrolit Hydration Beverage Mandarin-Orange Flavour 625m\" \/>\n<meta property=\"og:url\" content=\"https:\/\/saborcito.de\/de\/?product=electrolit-hydration-beverage-mandarin-orange-flavour-625m\" \/>\n<meta property=\"og:site_name\" content=\"Saborcito\" \/>\n<meta property=\"article:modified_time\" content=\"2025-10-03T11:50:50+00:00\" \/>\n<meta name=\"twitter:card\" content=\"summary_large_image\" \/>\n<script type=\"application\/ld+json\" class=\"yoast-schema-graph\">{\"@context\":\"https:\\\/\\\/schema.org\",\"@graph\":[{\"@type\":\"WebPage\",\"@id\":\"https:\\\/\\\/saborcito.de\\\/?product=electrolit-hydration-beverage-mandarin-orange-flavour-625m\",\"url\":\"https:\\\/\\\/saborcito.de\\\/?product=electrolit-hydration-beverage-mandarin-orange-flavour-625m\",\"name\":\"Electrolit Hydration Beverage Mandarin-Orange Flavour 625m - Saborcito\",\"isPartOf\":{\"@id\":\"https:\\\/\\\/saborcito.de\\\/#website\"},\"primaryImageOfPage\":{\"@id\":\"https:\\\/\\\/saborcito.de\\\/?product=electrolit-hydration-beverage-mandarin-orange-flavour-625m#primaryimage\"},\"image\":{\"@id\":\"https:\\\/\\\/saborcito.de\\\/?product=electrolit-hydration-beverage-mandarin-orange-flavour-625m#primaryimage\"},\"thumbnailUrl\":\"https:\\\/\\\/saborcito.de\\\/wp-content\\\/uploads\\\/2025\\\/09\\\/electrolit.mandarina.webp\",\"datePublished\":\"2025-09-28T19:30:08+00:00\",\"dateModified\":\"2025-10-03T11:50:50+00:00\",\"breadcrumb\":{\"@id\":\"https:\\\/\\\/saborcito.de\\\/?product=electrolit-hydration-beverage-mandarin-orange-flavour-625m#breadcrumb\"},\"inLanguage\":\"de\",\"potentialAction\":[{\"@type\":\"ReadAction\",\"target\":[\"https:\\\/\\\/saborcito.de\\\/?product=electrolit-hydration-beverage-mandarin-orange-flavour-625m\"]}]},{\"@type\":\"ImageObject\",\"inLanguage\":\"de\",\"@id\":\"https:\\\/\\\/saborcito.de\\\/?product=electrolit-hydration-beverage-mandarin-orange-flavour-625m#primaryimage\",\"url\":\"https:\\\/\\\/saborcito.de\\\/wp-content\\\/uploads\\\/2025\\\/09\\\/electrolit.mandarina.webp\",\"contentUrl\":\"https:\\\/\\\/saborcito.de\\\/wp-content\\\/uploads\\\/2025\\\/09\\\/electrolit.mandarina.webp\",\"width\":2000,\"height\":2000},{\"@type\":\"BreadcrumbList\",\"@id\":\"https:\\\/\\\/saborcito.de\\\/?product=electrolit-hydration-beverage-mandarin-orange-flavour-625m#breadcrumb\",\"itemListElement\":[{\"@type\":\"ListItem\",\"position\":1,\"name\":\"Home\",\"item\":\"https:\\\/\\\/saborcito.de\\\/de\\\/\"},{\"@type\":\"ListItem\",\"position\":2,\"name\":\"Tienda\",\"item\":\"https:\\\/\\\/saborcito.de\\\/de\\\/\"},{\"@type\":\"ListItem\",\"position\":3,\"name\":\"Electrolit Hydration Beverage Mandarin-Orange Flavour 625m\"}]},{\"@type\":\"WebSite\",\"@id\":\"https:\\\/\\\/saborcito.de\\\/#website\",\"url\":\"https:\\\/\\\/saborcito.de\\\/\",\"name\":\"Saborcito\",\"description\":\"\u00a1El sabor que extra\u00f1abas!\",\"publisher\":{\"@id\":\"https:\\\/\\\/saborcito.de\\\/#organization\"},\"potentialAction\":[{\"@type\":\"SearchAction\",\"target\":{\"@type\":\"EntryPoint\",\"urlTemplate\":\"https:\\\/\\\/saborcito.de\\\/?s={search_term_string}\"},\"query-input\":{\"@type\":\"PropertyValueSpecification\",\"valueRequired\":true,\"valueName\":\"search_term_string\"}}],\"inLanguage\":\"de\"},{\"@type\":\"Organization\",\"@id\":\"https:\\\/\\\/saborcito.de\\\/#organization\",\"name\":\"Saborcito\",\"url\":\"https:\\\/\\\/saborcito.de\\\/\",\"logo\":{\"@type\":\"ImageObject\",\"inLanguage\":\"de\",\"@id\":\"https:\\\/\\\/saborcito.de\\\/#\\\/schema\\\/logo\\\/image\\\/\",\"url\":\"https:\\\/\\\/saborcito.de\\\/wp-content\\\/uploads\\\/2025\\\/09\\\/Gemini_Generated_Image_u5txh9u5txh9u5tx.png\",\"contentUrl\":\"https:\\\/\\\/saborcito.de\\\/wp-content\\\/uploads\\\/2025\\\/09\\\/Gemini_Generated_Image_u5txh9u5txh9u5tx.png\",\"width\":1024,\"height\":330,\"caption\":\"Saborcito\"},\"image\":{\"@id\":\"https:\\\/\\\/saborcito.de\\\/#\\\/schema\\\/logo\\\/image\\\/\"}}]}<\/script>\n<!-- \/ Yoast SEO plugin. -->","yoast_head_json":{"title":"Electrolit Hydration Beverage Mandarin-Orange Flavour 625m - Saborcito","robots":{"index":"index","follow":"follow","max-snippet":"max-snippet:-1","max-image-preview":"max-image-preview:large","max-video-preview":"max-video-preview:-1"},"canonical":"https:\/\/saborcito.de\/de\/?product=electrolit-hydration-beverage-mandarin-orange-flavour-625m","og_locale":"de_DE","og_type":"article","og_title":"Electrolit Hydration Beverage Mandarin-Orange Flavour 625m - Saborcito","og_description":"Electrolit Hydration Beverage Mandarin-Orange Flavour 625m","og_url":"https:\/\/saborcito.de\/de\/?product=electrolit-hydration-beverage-mandarin-orange-flavour-625m","og_site_name":"Saborcito","article_modified_time":"2025-10-03T11:50:50+00:00","twitter_card":"summary_large_image","schema":{"@context":"https:\/\/schema.org","@graph":[{"@type":"WebPage","@id":"https:\/\/saborcito.de\/?product=electrolit-hydration-beverage-mandarin-orange-flavour-625m","url":"https:\/\/saborcito.de\/?product=electrolit-hydration-beverage-mandarin-orange-flavour-625m","name":"Electrolit Hydration Beverage Mandarin-Orange Flavour 625m - Saborcito","isPartOf":{"@id":"https:\/\/saborcito.de\/#website"},"primaryImageOfPage":{"@id":"https:\/\/saborcito.de\/?product=electrolit-hydration-beverage-mandarin-orange-flavour-625m#primaryimage"},"image":{"@id":"https:\/\/saborcito.de\/?product=electrolit-hydration-beverage-mandarin-orange-flavour-625m#primaryimage"},"thumbnailUrl":"https:\/\/saborcito.de\/wp-content\/uploads\/2025\/09\/electrolit.mandarina.webp","datePublished":"2025-09-28T19:30:08+00:00","dateModified":"2025-10-03T11:50:50+00:00","breadcrumb":{"@id":"https:\/\/saborcito.de\/?product=electrolit-hydration-beverage-mandarin-orange-flavour-625m#breadcrumb"},"inLanguage":"de","potentialAction":[{"@type":"ReadAction","target":["https:\/\/saborcito.de\/?product=electrolit-hydration-beverage-mandarin-orange-flavour-625m"]}]},{"@type":"ImageObject","inLanguage":"de","@id":"https:\/\/saborcito.de\/?product=electrolit-hydration-beverage-mandarin-orange-flavour-625m#primaryimage","url":"https:\/\/saborcito.de\/wp-content\/uploads\/2025\/09\/electrolit.mandarina.webp","contentUrl":"https:\/\/saborcito.de\/wp-content\/uploads\/2025\/09\/electrolit.mandarina.webp","width":2000,"height":2000},{"@type":"BreadcrumbList","@id":"https:\/\/saborcito.de\/?product=electrolit-hydration-beverage-mandarin-orange-flavour-625m#breadcrumb","itemListElement":[{"@type":"ListItem","position":1,"name":"Home","item":"https:\/\/saborcito.de\/de\/"},{"@type":"ListItem","position":2,"name":"Tienda","item":"https:\/\/saborcito.de\/de\/"},{"@type":"ListItem","position":3,"name":"Electrolit Hydration Beverage Mandarin-Orange Flavour 625m"}]},{"@type":"WebSite","@id":"https:\/\/saborcito.de\/#website","url":"https:\/\/saborcito.de\/","name":"Saborcito","description":"\u00a1El sabor que extra\u00f1abas!","publisher":{"@id":"https:\/\/saborcito.de\/#organization"},"potentialAction":[{"@type":"SearchAction","target":{"@type":"EntryPoint","urlTemplate":"https:\/\/saborcito.de\/?s={search_term_string}"},"query-input":{"@type":"PropertyValueSpecification","valueRequired":true,"valueName":"search_term_string"}}],"inLanguage":"de"},{"@type":"Organization","@id":"https:\/\/saborcito.de\/#organization","name":"Saborcito","url":"https:\/\/saborcito.de\/","logo":{"@type":"ImageObject","inLanguage":"de","@id":"https:\/\/saborcito.de\/#\/schema\/logo\/image\/","url":"https:\/\/saborcito.de\/wp-content\/uploads\/2025\/09\/Gemini_Generated_Image_u5txh9u5txh9u5tx.png","contentUrl":"https:\/\/saborcito.de\/wp-content\/uploads\/2025\/09\/Gemini_Generated_Image_u5txh9u5txh9u5tx.png","width":1024,"height":330,"caption":"Saborcito"},"image":{"@id":"https:\/\/saborcito.de\/#\/schema\/logo\/image\/"}}]}},"jetpack_sharing_enabled":true,"_links":{"self":[{"href":"https:\/\/saborcito.de\/de\/wp-json\/wp\/v2\/product\/224","targetHints":{"allow":["GET"]}}],"collection":[{"href":"https:\/\/saborcito.de\/de\/wp-json\/wp\/v2\/product"}],"about":[{"href":"https:\/\/saborcito.de\/de\/wp-json\/wp\/v2\/types\/product"}],"replies":[{"embeddable":true,"href":"https:\/\/saborcito.de\/de\/wp-json\/wp\/v2\/comments?post=224"}],"wp:featuredmedia":[{"embeddable":true,"href":"https:\/\/saborcito.de\/de\/wp-json\/wp\/v2\/media\/186"}],"wp:attachment":[{"href":"https:\/\/saborcito.de\/de\/wp-json\/wp\/v2\/media?parent=224"}],"wp:term":[{"taxonomy":"product_brand","embeddable":true,"href":"https:\/\/saborcito.de\/de\/wp-json\/wp\/v2\/product_brand?post=224"},{"taxonomy":"product_cat","embeddable":true,"href":"https:\/\/saborcito.de\/de\/wp-json\/wp\/v2\/product_cat?post=224"},{"taxonomy":"product_tag","embeddable":true,"href":"https:\/\/saborcito.de\/de\/wp-json\/wp\/v2\/product_tag?post=224"}],"curies":[{"name":"wp","href":"https:\/\/api.w.org\/{rel}","templated":true}]}}