{"id":226,"date":"2025-09-28T19:30:08","date_gmt":"2025-09-28T19:30:08","guid":{"rendered":"https:\/\/saborcito.de\/?post_type=product&#038;p=226"},"modified":"2026-04-21T04:24:41","modified_gmt":"2026-04-21T04:24:41","slug":"chiles-chipotle-adobado-lata-215-gr-carey","status":"publish","type":"product","link":"https:\/\/saborcito.de\/de\/product\/chiles-chipotle-adobado-lata-215-gr-carey\/","title":{"rendered":"Chiles Chipotle Adobado Lata 215 gr. San Marcos"},"content":{"rendered":"<p>Contenido: 0.215 kg \u2013 Lo que mucha gente desconoce es que el chile chipotle es en realidad un jalape\u00f1o rojo ahumado y deshidratado. Esto le da su c\u00e1lido y picante sabor a roble y ahumado, que combina a la perfecci\u00f3n con el adobo rojo que lo acompa\u00f1a. El adobo consiste en pasta de tomate mezclada con hierbas y especias, y es muy sabroso. Su intenso picante lo hace perfecto para salsas, guisos y carnes especiales.<\/p>","protected":false},"excerpt":{"rendered":"<p>Chiles Chipotle Adobado Lata 215 gr. Carey<\/p>","protected":false},"featured_media":272,"comment_status":"closed","ping_status":"closed","template":"","meta":[],"product_brand":[49],"product_cat":[17],"product_tag":[],"class_list":{"0":"post-226","1":"product","2":"type-product","3":"status-publish","4":"has-post-thumbnail","6":"product_brand-san-marcos","7":"product_cat-chiles-y-salsas","9":"first","10":"instock","11":"taxable","12":"shipping-taxable","13":"purchasable","14":"product-type-simple"},"yoast_head":"<!-- This site is optimized with the Yoast SEO plugin v27.5 - https:\/\/yoast.com\/product\/yoast-seo-wordpress\/ -->\n<title>Chiles Chipotle Adobado Lata 215 gr. San Marcos - Saborcito<\/title>\n<meta name=\"robots\" content=\"index, follow, max-snippet:-1, max-image-preview:large, max-video-preview:-1\" \/>\n<link rel=\"canonical\" href=\"https:\/\/saborcito.de\/de\/?product=chiles-chipotle-adobado-lata-215-gr-carey\" \/>\n<meta property=\"og:locale\" content=\"de_DE\" \/>\n<meta property=\"og:type\" content=\"article\" \/>\n<meta property=\"og:title\" content=\"Chiles Chipotle Adobado Lata 215 gr. San Marcos - Saborcito\" \/>\n<meta property=\"og:description\" content=\"Chiles Chipotle Adobado Lata 215 gr. Carey\" \/>\n<meta property=\"og:url\" content=\"https:\/\/saborcito.de\/de\/?product=chiles-chipotle-adobado-lata-215-gr-carey\" \/>\n<meta property=\"og:site_name\" content=\"Saborcito\" \/>\n<meta property=\"article:modified_time\" content=\"2026-04-21T04:24:41+00:00\" \/>\n<meta property=\"og:image\" content=\"https:\/\/saborcito.de\/wp-content\/uploads\/2025\/09\/71T4Ki3dJPL._AC_SL1200_.jpg\" \/>\n\t<meta property=\"og:image:width\" content=\"883\" \/>\n\t<meta property=\"og:image:height\" content=\"1064\" \/>\n\t<meta property=\"og:image:type\" content=\"image\/jpeg\" \/>\n<meta name=\"twitter:card\" content=\"summary_large_image\" \/>\n<script type=\"application\/ld+json\" class=\"yoast-schema-graph\">{\"@context\":\"https:\\\/\\\/schema.org\",\"@graph\":[{\"@type\":\"WebPage\",\"@id\":\"https:\\\/\\\/saborcito.de\\\/?product=chiles-chipotle-adobado-lata-215-gr-carey\",\"url\":\"https:\\\/\\\/saborcito.de\\\/?product=chiles-chipotle-adobado-lata-215-gr-carey\",\"name\":\"Chiles Chipotle Adobado Lata 215 gr. San Marcos - Saborcito\",\"isPartOf\":{\"@id\":\"https:\\\/\\\/saborcito.de\\\/#website\"},\"primaryImageOfPage\":{\"@id\":\"https:\\\/\\\/saborcito.de\\\/?product=chiles-chipotle-adobado-lata-215-gr-carey#primaryimage\"},\"image\":{\"@id\":\"https:\\\/\\\/saborcito.de\\\/?product=chiles-chipotle-adobado-lata-215-gr-carey#primaryimage\"},\"thumbnailUrl\":\"https:\\\/\\\/saborcito.de\\\/wp-content\\\/uploads\\\/2025\\\/09\\\/00750102331904L4.webp\",\"datePublished\":\"2025-09-28T19:30:08+00:00\",\"dateModified\":\"2026-04-21T04:24:41+00:00\",\"breadcrumb\":{\"@id\":\"https:\\\/\\\/saborcito.de\\\/?product=chiles-chipotle-adobado-lata-215-gr-carey#breadcrumb\"},\"inLanguage\":\"de\",\"potentialAction\":[{\"@type\":\"ReadAction\",\"target\":[\"https:\\\/\\\/saborcito.de\\\/?product=chiles-chipotle-adobado-lata-215-gr-carey\"]}]},{\"@type\":\"ImageObject\",\"inLanguage\":\"de\",\"@id\":\"https:\\\/\\\/saborcito.de\\\/?product=chiles-chipotle-adobado-lata-215-gr-carey#primaryimage\",\"url\":\"https:\\\/\\\/saborcito.de\\\/wp-content\\\/uploads\\\/2025\\\/09\\\/00750102331904L4.webp\",\"contentUrl\":\"https:\\\/\\\/saborcito.de\\\/wp-content\\\/uploads\\\/2025\\\/09\\\/00750102331904L4.webp\",\"width\":768,\"height\":768},{\"@type\":\"BreadcrumbList\",\"@id\":\"https:\\\/\\\/saborcito.de\\\/?product=chiles-chipotle-adobado-lata-215-gr-carey#breadcrumb\",\"itemListElement\":[{\"@type\":\"ListItem\",\"position\":1,\"name\":\"Home\",\"item\":\"https:\\\/\\\/saborcito.de\\\/de\\\/\"},{\"@type\":\"ListItem\",\"position\":2,\"name\":\"Tienda\",\"item\":\"https:\\\/\\\/saborcito.de\\\/de\\\/\"},{\"@type\":\"ListItem\",\"position\":3,\"name\":\"Chiles Chipotle Adobado Lata 215 gr. San Marcos\"}]},{\"@type\":\"WebSite\",\"@id\":\"https:\\\/\\\/saborcito.de\\\/#website\",\"url\":\"https:\\\/\\\/saborcito.de\\\/\",\"name\":\"Saborcito\",\"description\":\"\u00a1El sabor que extra\u00f1abas!\",\"publisher\":{\"@id\":\"https:\\\/\\\/saborcito.de\\\/#organization\"},\"potentialAction\":[{\"@type\":\"SearchAction\",\"target\":{\"@type\":\"EntryPoint\",\"urlTemplate\":\"https:\\\/\\\/saborcito.de\\\/?s={search_term_string}\"},\"query-input\":{\"@type\":\"PropertyValueSpecification\",\"valueRequired\":true,\"valueName\":\"search_term_string\"}}],\"inLanguage\":\"de\"},{\"@type\":\"Organization\",\"@id\":\"https:\\\/\\\/saborcito.de\\\/#organization\",\"name\":\"Saborcito\",\"url\":\"https:\\\/\\\/saborcito.de\\\/\",\"logo\":{\"@type\":\"ImageObject\",\"inLanguage\":\"de\",\"@id\":\"https:\\\/\\\/saborcito.de\\\/#\\\/schema\\\/logo\\\/image\\\/\",\"url\":\"https:\\\/\\\/saborcito.de\\\/wp-content\\\/uploads\\\/2025\\\/09\\\/Gemini_Generated_Image_u5txh9u5txh9u5tx.png\",\"contentUrl\":\"https:\\\/\\\/saborcito.de\\\/wp-content\\\/uploads\\\/2025\\\/09\\\/Gemini_Generated_Image_u5txh9u5txh9u5tx.png\",\"width\":1024,\"height\":330,\"caption\":\"Saborcito\"},\"image\":{\"@id\":\"https:\\\/\\\/saborcito.de\\\/#\\\/schema\\\/logo\\\/image\\\/\"}}]}<\/script>\n<!-- \/ Yoast SEO plugin. -->","yoast_head_json":{"title":"Chiles Chipotle Adobado Lata 215 gr. San Marcos - Saborcito","robots":{"index":"index","follow":"follow","max-snippet":"max-snippet:-1","max-image-preview":"max-image-preview:large","max-video-preview":"max-video-preview:-1"},"canonical":"https:\/\/saborcito.de\/de\/?product=chiles-chipotle-adobado-lata-215-gr-carey","og_locale":"de_DE","og_type":"article","og_title":"Chiles Chipotle Adobado Lata 215 gr. San Marcos - Saborcito","og_description":"Chiles Chipotle Adobado Lata 215 gr. Carey","og_url":"https:\/\/saborcito.de\/de\/?product=chiles-chipotle-adobado-lata-215-gr-carey","og_site_name":"Saborcito","article_modified_time":"2026-04-21T04:24:41+00:00","og_image":[{"width":883,"height":1064,"url":"https:\/\/saborcito.de\/wp-content\/uploads\/2025\/09\/71T4Ki3dJPL._AC_SL1200_.jpg","type":"image\/jpeg"}],"twitter_card":"summary_large_image","schema":{"@context":"https:\/\/schema.org","@graph":[{"@type":"WebPage","@id":"https:\/\/saborcito.de\/?product=chiles-chipotle-adobado-lata-215-gr-carey","url":"https:\/\/saborcito.de\/?product=chiles-chipotle-adobado-lata-215-gr-carey","name":"Chiles Chipotle Adobado Lata 215 gr. San Marcos - Saborcito","isPartOf":{"@id":"https:\/\/saborcito.de\/#website"},"primaryImageOfPage":{"@id":"https:\/\/saborcito.de\/?product=chiles-chipotle-adobado-lata-215-gr-carey#primaryimage"},"image":{"@id":"https:\/\/saborcito.de\/?product=chiles-chipotle-adobado-lata-215-gr-carey#primaryimage"},"thumbnailUrl":"https:\/\/saborcito.de\/wp-content\/uploads\/2025\/09\/00750102331904L4.webp","datePublished":"2025-09-28T19:30:08+00:00","dateModified":"2026-04-21T04:24:41+00:00","breadcrumb":{"@id":"https:\/\/saborcito.de\/?product=chiles-chipotle-adobado-lata-215-gr-carey#breadcrumb"},"inLanguage":"de","potentialAction":[{"@type":"ReadAction","target":["https:\/\/saborcito.de\/?product=chiles-chipotle-adobado-lata-215-gr-carey"]}]},{"@type":"ImageObject","inLanguage":"de","@id":"https:\/\/saborcito.de\/?product=chiles-chipotle-adobado-lata-215-gr-carey#primaryimage","url":"https:\/\/saborcito.de\/wp-content\/uploads\/2025\/09\/00750102331904L4.webp","contentUrl":"https:\/\/saborcito.de\/wp-content\/uploads\/2025\/09\/00750102331904L4.webp","width":768,"height":768},{"@type":"BreadcrumbList","@id":"https:\/\/saborcito.de\/?product=chiles-chipotle-adobado-lata-215-gr-carey#breadcrumb","itemListElement":[{"@type":"ListItem","position":1,"name":"Home","item":"https:\/\/saborcito.de\/de\/"},{"@type":"ListItem","position":2,"name":"Tienda","item":"https:\/\/saborcito.de\/de\/"},{"@type":"ListItem","position":3,"name":"Chiles Chipotle Adobado Lata 215 gr. San Marcos"}]},{"@type":"WebSite","@id":"https:\/\/saborcito.de\/#website","url":"https:\/\/saborcito.de\/","name":"Saborcito","description":"\u00a1El sabor que extra\u00f1abas!","publisher":{"@id":"https:\/\/saborcito.de\/#organization"},"potentialAction":[{"@type":"SearchAction","target":{"@type":"EntryPoint","urlTemplate":"https:\/\/saborcito.de\/?s={search_term_string}"},"query-input":{"@type":"PropertyValueSpecification","valueRequired":true,"valueName":"search_term_string"}}],"inLanguage":"de"},{"@type":"Organization","@id":"https:\/\/saborcito.de\/#organization","name":"Saborcito","url":"https:\/\/saborcito.de\/","logo":{"@type":"ImageObject","inLanguage":"de","@id":"https:\/\/saborcito.de\/#\/schema\/logo\/image\/","url":"https:\/\/saborcito.de\/wp-content\/uploads\/2025\/09\/Gemini_Generated_Image_u5txh9u5txh9u5tx.png","contentUrl":"https:\/\/saborcito.de\/wp-content\/uploads\/2025\/09\/Gemini_Generated_Image_u5txh9u5txh9u5tx.png","width":1024,"height":330,"caption":"Saborcito"},"image":{"@id":"https:\/\/saborcito.de\/#\/schema\/logo\/image\/"}}]}},"jetpack_sharing_enabled":true,"_links":{"self":[{"href":"https:\/\/saborcito.de\/de\/wp-json\/wp\/v2\/product\/226","targetHints":{"allow":["GET"]}}],"collection":[{"href":"https:\/\/saborcito.de\/de\/wp-json\/wp\/v2\/product"}],"about":[{"href":"https:\/\/saborcito.de\/de\/wp-json\/wp\/v2\/types\/product"}],"replies":[{"embeddable":true,"href":"https:\/\/saborcito.de\/de\/wp-json\/wp\/v2\/comments?post=226"}],"wp:featuredmedia":[{"embeddable":true,"href":"https:\/\/saborcito.de\/de\/wp-json\/wp\/v2\/media\/272"}],"wp:attachment":[{"href":"https:\/\/saborcito.de\/de\/wp-json\/wp\/v2\/media?parent=226"}],"wp:term":[{"taxonomy":"product_brand","embeddable":true,"href":"https:\/\/saborcito.de\/de\/wp-json\/wp\/v2\/product_brand?post=226"},{"taxonomy":"product_cat","embeddable":true,"href":"https:\/\/saborcito.de\/de\/wp-json\/wp\/v2\/product_cat?post=226"},{"taxonomy":"product_tag","embeddable":true,"href":"https:\/\/saborcito.de\/de\/wp-json\/wp\/v2\/product_tag?post=226"}],"curies":[{"name":"wp","href":"https:\/\/api.w.org\/{rel}","templated":true}]}}