{"id":231,"date":"2025-09-28T19:30:09","date_gmt":"2025-09-28T19:30:09","guid":{"rendered":"https:\/\/saborcito.de\/?post_type=product&#038;p=231"},"modified":"2026-04-13T13:20:30","modified_gmt":"2026-04-13T13:20:30","slug":"dulce-de-tamarindo-pulparindo-clasico-20-pz-14-gr-280-gr","status":"publish","type":"product","link":"https:\/\/saborcito.de\/de\/product\/dulce-de-tamarindo-pulparindo-clasico-20-pz-14-gr-280-gr\/","title":{"rendered":"Dulce de Tamarindo Pulparindo Clasico 20 pz.\/14 gr. (280 gr.)"},"content":{"rendered":"<p>Tiras individuales de dulce de tamarindo Pulparindo. Para quienes buscan probar algo nuevo. \u00bfLe apetece una experiencia de sabor \u00fanica? Este dulce, producido por De La Rosa, se elabora con la pulpa del tamarindo. Se le a\u00f1ade az\u00facar, sal y chiles para darle un sabor \u00e1cido, dulce, salado y ligeramente picante.<\/p>","protected":false},"excerpt":{"rendered":"<p>Dulce de Tamarindo Pulparindo Clasico 20 pz.\/14 gr. (280 gr.)<\/p>","protected":false},"featured_media":212,"comment_status":"closed","ping_status":"closed","template":"","meta":[],"product_brand":[37],"product_cat":[18],"product_tag":[],"class_list":{"0":"post-231","1":"product","2":"type-product","3":"status-publish","4":"has-post-thumbnail","6":"product_brand-de-la-rosa","7":"product_cat-dulces-y-snacks","9":"first","10":"instock","11":"taxable","12":"shipping-taxable","13":"purchasable","14":"product-type-simple"},"yoast_head":"<!-- This site is optimized with the Yoast SEO plugin v27.5 - https:\/\/yoast.com\/product\/yoast-seo-wordpress\/ -->\n<title>Dulce de Tamarindo Pulparindo Clasico 20 pz.\/14 gr. (280 gr.) - Saborcito<\/title>\n<meta name=\"robots\" content=\"index, follow, max-snippet:-1, max-image-preview:large, max-video-preview:-1\" \/>\n<link rel=\"canonical\" href=\"https:\/\/saborcito.de\/de\/?product=dulce-de-tamarindo-pulparindo-clasico-20-pz-14-gr-280-gr\" \/>\n<meta property=\"og:locale\" content=\"de_DE\" \/>\n<meta property=\"og:type\" content=\"article\" \/>\n<meta property=\"og:title\" content=\"Dulce de Tamarindo Pulparindo Clasico 20 pz.\/14 gr. (280 gr.) - Saborcito\" \/>\n<meta property=\"og:description\" content=\"Dulce de Tamarindo Pulparindo Clasico 20 pz.\/14 gr. (280 gr.)\" \/>\n<meta property=\"og:url\" content=\"https:\/\/saborcito.de\/de\/?product=dulce-de-tamarindo-pulparindo-clasico-20-pz-14-gr-280-gr\" \/>\n<meta property=\"og:site_name\" content=\"Saborcito\" \/>\n<meta property=\"article:modified_time\" content=\"2026-04-13T13:20:30+00:00\" \/>\n<meta name=\"twitter:card\" content=\"summary_large_image\" \/>\n<script type=\"application\/ld+json\" class=\"yoast-schema-graph\">{\"@context\":\"https:\\\/\\\/schema.org\",\"@graph\":[{\"@type\":\"WebPage\",\"@id\":\"https:\\\/\\\/saborcito.de\\\/?product=dulce-de-tamarindo-pulparindo-clasico-20-pz-14-gr-280-gr\",\"url\":\"https:\\\/\\\/saborcito.de\\\/?product=dulce-de-tamarindo-pulparindo-clasico-20-pz-14-gr-280-gr\",\"name\":\"Dulce de Tamarindo Pulparindo Clasico 20 pz.\\\/14 gr. (280 gr.) - Saborcito\",\"isPartOf\":{\"@id\":\"https:\\\/\\\/saborcito.de\\\/#website\"},\"primaryImageOfPage\":{\"@id\":\"https:\\\/\\\/saborcito.de\\\/?product=dulce-de-tamarindo-pulparindo-clasico-20-pz-14-gr-280-gr#primaryimage\"},\"image\":{\"@id\":\"https:\\\/\\\/saborcito.de\\\/?product=dulce-de-tamarindo-pulparindo-clasico-20-pz-14-gr-280-gr#primaryimage\"},\"thumbnailUrl\":\"https:\\\/\\\/saborcito.de\\\/wp-content\\\/uploads\\\/2025\\\/09\\\/Disenosintitulo-2021-05-21T102022.540_1296x.webp\",\"datePublished\":\"2025-09-28T19:30:09+00:00\",\"dateModified\":\"2026-04-13T13:20:30+00:00\",\"breadcrumb\":{\"@id\":\"https:\\\/\\\/saborcito.de\\\/?product=dulce-de-tamarindo-pulparindo-clasico-20-pz-14-gr-280-gr#breadcrumb\"},\"inLanguage\":\"de\",\"potentialAction\":[{\"@type\":\"ReadAction\",\"target\":[\"https:\\\/\\\/saborcito.de\\\/?product=dulce-de-tamarindo-pulparindo-clasico-20-pz-14-gr-280-gr\"]}]},{\"@type\":\"ImageObject\",\"inLanguage\":\"de\",\"@id\":\"https:\\\/\\\/saborcito.de\\\/?product=dulce-de-tamarindo-pulparindo-clasico-20-pz-14-gr-280-gr#primaryimage\",\"url\":\"https:\\\/\\\/saborcito.de\\\/wp-content\\\/uploads\\\/2025\\\/09\\\/Disenosintitulo-2021-05-21T102022.540_1296x.webp\",\"contentUrl\":\"https:\\\/\\\/saborcito.de\\\/wp-content\\\/uploads\\\/2025\\\/09\\\/Disenosintitulo-2021-05-21T102022.540_1296x.webp\",\"width\":1080,\"height\":1080},{\"@type\":\"BreadcrumbList\",\"@id\":\"https:\\\/\\\/saborcito.de\\\/?product=dulce-de-tamarindo-pulparindo-clasico-20-pz-14-gr-280-gr#breadcrumb\",\"itemListElement\":[{\"@type\":\"ListItem\",\"position\":1,\"name\":\"Home\",\"item\":\"https:\\\/\\\/saborcito.de\\\/de\\\/\"},{\"@type\":\"ListItem\",\"position\":2,\"name\":\"Tienda\",\"item\":\"https:\\\/\\\/saborcito.de\\\/de\\\/\"},{\"@type\":\"ListItem\",\"position\":3,\"name\":\"Dulce de Tamarindo Pulparindo Clasico 20 pz.\\\/14 gr. (280 gr.)\"}]},{\"@type\":\"WebSite\",\"@id\":\"https:\\\/\\\/saborcito.de\\\/#website\",\"url\":\"https:\\\/\\\/saborcito.de\\\/\",\"name\":\"Saborcito\",\"description\":\"\u00a1El sabor que extra\u00f1abas!\",\"publisher\":{\"@id\":\"https:\\\/\\\/saborcito.de\\\/#organization\"},\"potentialAction\":[{\"@type\":\"SearchAction\",\"target\":{\"@type\":\"EntryPoint\",\"urlTemplate\":\"https:\\\/\\\/saborcito.de\\\/?s={search_term_string}\"},\"query-input\":{\"@type\":\"PropertyValueSpecification\",\"valueRequired\":true,\"valueName\":\"search_term_string\"}}],\"inLanguage\":\"de\"},{\"@type\":\"Organization\",\"@id\":\"https:\\\/\\\/saborcito.de\\\/#organization\",\"name\":\"Saborcito\",\"url\":\"https:\\\/\\\/saborcito.de\\\/\",\"logo\":{\"@type\":\"ImageObject\",\"inLanguage\":\"de\",\"@id\":\"https:\\\/\\\/saborcito.de\\\/#\\\/schema\\\/logo\\\/image\\\/\",\"url\":\"https:\\\/\\\/saborcito.de\\\/wp-content\\\/uploads\\\/2025\\\/09\\\/Gemini_Generated_Image_u5txh9u5txh9u5tx.png\",\"contentUrl\":\"https:\\\/\\\/saborcito.de\\\/wp-content\\\/uploads\\\/2025\\\/09\\\/Gemini_Generated_Image_u5txh9u5txh9u5tx.png\",\"width\":1024,\"height\":330,\"caption\":\"Saborcito\"},\"image\":{\"@id\":\"https:\\\/\\\/saborcito.de\\\/#\\\/schema\\\/logo\\\/image\\\/\"}}]}<\/script>\n<!-- \/ Yoast SEO plugin. -->","yoast_head_json":{"title":"Dulce de Tamarindo Pulparindo Clasico 20 pz.\/14 gr. (280 gr.) - Saborcito","robots":{"index":"index","follow":"follow","max-snippet":"max-snippet:-1","max-image-preview":"max-image-preview:large","max-video-preview":"max-video-preview:-1"},"canonical":"https:\/\/saborcito.de\/de\/?product=dulce-de-tamarindo-pulparindo-clasico-20-pz-14-gr-280-gr","og_locale":"de_DE","og_type":"article","og_title":"Dulce de Tamarindo Pulparindo Clasico 20 pz.\/14 gr. (280 gr.) - Saborcito","og_description":"Dulce de Tamarindo Pulparindo Clasico 20 pz.\/14 gr. (280 gr.)","og_url":"https:\/\/saborcito.de\/de\/?product=dulce-de-tamarindo-pulparindo-clasico-20-pz-14-gr-280-gr","og_site_name":"Saborcito","article_modified_time":"2026-04-13T13:20:30+00:00","twitter_card":"summary_large_image","schema":{"@context":"https:\/\/schema.org","@graph":[{"@type":"WebPage","@id":"https:\/\/saborcito.de\/?product=dulce-de-tamarindo-pulparindo-clasico-20-pz-14-gr-280-gr","url":"https:\/\/saborcito.de\/?product=dulce-de-tamarindo-pulparindo-clasico-20-pz-14-gr-280-gr","name":"Dulce de Tamarindo Pulparindo Clasico 20 pz.\/14 gr. (280 gr.) - Saborcito","isPartOf":{"@id":"https:\/\/saborcito.de\/#website"},"primaryImageOfPage":{"@id":"https:\/\/saborcito.de\/?product=dulce-de-tamarindo-pulparindo-clasico-20-pz-14-gr-280-gr#primaryimage"},"image":{"@id":"https:\/\/saborcito.de\/?product=dulce-de-tamarindo-pulparindo-clasico-20-pz-14-gr-280-gr#primaryimage"},"thumbnailUrl":"https:\/\/saborcito.de\/wp-content\/uploads\/2025\/09\/Disenosintitulo-2021-05-21T102022.540_1296x.webp","datePublished":"2025-09-28T19:30:09+00:00","dateModified":"2026-04-13T13:20:30+00:00","breadcrumb":{"@id":"https:\/\/saborcito.de\/?product=dulce-de-tamarindo-pulparindo-clasico-20-pz-14-gr-280-gr#breadcrumb"},"inLanguage":"de","potentialAction":[{"@type":"ReadAction","target":["https:\/\/saborcito.de\/?product=dulce-de-tamarindo-pulparindo-clasico-20-pz-14-gr-280-gr"]}]},{"@type":"ImageObject","inLanguage":"de","@id":"https:\/\/saborcito.de\/?product=dulce-de-tamarindo-pulparindo-clasico-20-pz-14-gr-280-gr#primaryimage","url":"https:\/\/saborcito.de\/wp-content\/uploads\/2025\/09\/Disenosintitulo-2021-05-21T102022.540_1296x.webp","contentUrl":"https:\/\/saborcito.de\/wp-content\/uploads\/2025\/09\/Disenosintitulo-2021-05-21T102022.540_1296x.webp","width":1080,"height":1080},{"@type":"BreadcrumbList","@id":"https:\/\/saborcito.de\/?product=dulce-de-tamarindo-pulparindo-clasico-20-pz-14-gr-280-gr#breadcrumb","itemListElement":[{"@type":"ListItem","position":1,"name":"Home","item":"https:\/\/saborcito.de\/de\/"},{"@type":"ListItem","position":2,"name":"Tienda","item":"https:\/\/saborcito.de\/de\/"},{"@type":"ListItem","position":3,"name":"Dulce de Tamarindo Pulparindo Clasico 20 pz.\/14 gr. (280 gr.)"}]},{"@type":"WebSite","@id":"https:\/\/saborcito.de\/#website","url":"https:\/\/saborcito.de\/","name":"Saborcito","description":"\u00a1El sabor que extra\u00f1abas!","publisher":{"@id":"https:\/\/saborcito.de\/#organization"},"potentialAction":[{"@type":"SearchAction","target":{"@type":"EntryPoint","urlTemplate":"https:\/\/saborcito.de\/?s={search_term_string}"},"query-input":{"@type":"PropertyValueSpecification","valueRequired":true,"valueName":"search_term_string"}}],"inLanguage":"de"},{"@type":"Organization","@id":"https:\/\/saborcito.de\/#organization","name":"Saborcito","url":"https:\/\/saborcito.de\/","logo":{"@type":"ImageObject","inLanguage":"de","@id":"https:\/\/saborcito.de\/#\/schema\/logo\/image\/","url":"https:\/\/saborcito.de\/wp-content\/uploads\/2025\/09\/Gemini_Generated_Image_u5txh9u5txh9u5tx.png","contentUrl":"https:\/\/saborcito.de\/wp-content\/uploads\/2025\/09\/Gemini_Generated_Image_u5txh9u5txh9u5tx.png","width":1024,"height":330,"caption":"Saborcito"},"image":{"@id":"https:\/\/saborcito.de\/#\/schema\/logo\/image\/"}}]}},"jetpack_sharing_enabled":true,"_links":{"self":[{"href":"https:\/\/saborcito.de\/de\/wp-json\/wp\/v2\/product\/231","targetHints":{"allow":["GET"]}}],"collection":[{"href":"https:\/\/saborcito.de\/de\/wp-json\/wp\/v2\/product"}],"about":[{"href":"https:\/\/saborcito.de\/de\/wp-json\/wp\/v2\/types\/product"}],"replies":[{"embeddable":true,"href":"https:\/\/saborcito.de\/de\/wp-json\/wp\/v2\/comments?post=231"}],"wp:featuredmedia":[{"embeddable":true,"href":"https:\/\/saborcito.de\/de\/wp-json\/wp\/v2\/media\/212"}],"wp:attachment":[{"href":"https:\/\/saborcito.de\/de\/wp-json\/wp\/v2\/media?parent=231"}],"wp:term":[{"taxonomy":"product_brand","embeddable":true,"href":"https:\/\/saborcito.de\/de\/wp-json\/wp\/v2\/product_brand?post=231"},{"taxonomy":"product_cat","embeddable":true,"href":"https:\/\/saborcito.de\/de\/wp-json\/wp\/v2\/product_cat?post=231"},{"taxonomy":"product_tag","embeddable":true,"href":"https:\/\/saborcito.de\/de\/wp-json\/wp\/v2\/product_tag?post=231"}],"curies":[{"name":"wp","href":"https:\/\/api.w.org\/{rel}","templated":true}]}}