{"id":233,"date":"2025-09-28T19:30:09","date_gmt":"2025-09-28T19:30:09","guid":{"rendered":"https:\/\/saborcito.de\/?post_type=product&#038;p=233"},"modified":"2025-10-03T11:50:53","modified_gmt":"2025-10-03T11:50:53","slug":"salsa-habanera-roja-120-ml-el-yucateco","status":"publish","type":"product","link":"https:\/\/saborcito.de\/de\/product\/salsa-habanera-roja-120-ml-el-yucateco\/","title":{"rendered":"Salsa Habanera Roja 120 ml. El Yucateco"},"content":{"rendered":"<p>La Salsa Roja de Habanero El Yucateco se elabora seg\u00fan una receta cl\u00e1sica a base de chiles habaneros rojos, tomates, especias y hierbas selectas. Su textura espesa y firme permite que la disfruten incluso los paladares m\u00e1s exigentes. Marida a la perfecci\u00f3n con todo tipo de platillos, especialmente mariscos. Tambi\u00e9n es ideal para c\u00f3cteles de camarones, Bloody Marys, Sangritas y Micheladas. Ya sea que desee darle un toque picante a sus platillos de mariscos o a\u00f1adir un toque picante a sus c\u00f3cteles, la Salsa Roja de Habanero El Yucateco es la opci\u00f3n perfecta. El Yucateco es un fabricante de salsas mexicanas con m\u00e1s de 50 a\u00f1os de tradici\u00f3n. Gracias a su compromiso con la calidad y la autenticidad, la marca se ha consolidado y ahora es sin\u00f3nimo de excelentes salsas mexicanas.<\/p>","protected":false},"excerpt":{"rendered":"<p>Salsa Habanera Roja 120 ml. El Yucateco<\/p>","protected":false},"featured_media":168,"comment_status":"closed","ping_status":"closed","template":"","meta":[],"product_brand":[40],"product_cat":[17],"product_tag":[],"class_list":{"0":"post-233","1":"product","2":"type-product","3":"status-publish","4":"has-post-thumbnail","6":"product_brand-el-yucateco","7":"product_cat-chiles-y-salsas","9":"first","10":"outofstock","11":"taxable","12":"shipping-taxable","13":"purchasable","14":"product-type-simple"},"yoast_head":"<!-- This site is optimized with the Yoast SEO plugin v27.5 - https:\/\/yoast.com\/product\/yoast-seo-wordpress\/ -->\n<title>Salsa Habanera Roja 120 ml. El Yucateco - Saborcito<\/title>\n<meta name=\"robots\" content=\"index, follow, max-snippet:-1, max-image-preview:large, max-video-preview:-1\" \/>\n<link rel=\"canonical\" href=\"https:\/\/saborcito.de\/de\/?product=salsa-habanera-roja-120-ml-el-yucateco\" \/>\n<meta property=\"og:locale\" content=\"de_DE\" \/>\n<meta property=\"og:type\" content=\"article\" \/>\n<meta property=\"og:title\" content=\"Salsa Habanera Roja 120 ml. El Yucateco - Saborcito\" \/>\n<meta property=\"og:description\" content=\"Salsa Habanera Roja 120 ml. El Yucateco\" \/>\n<meta property=\"og:url\" content=\"https:\/\/saborcito.de\/de\/?product=salsa-habanera-roja-120-ml-el-yucateco\" \/>\n<meta property=\"og:site_name\" content=\"Saborcito\" \/>\n<meta property=\"article:modified_time\" content=\"2025-10-03T11:50:53+00:00\" \/>\n<meta name=\"twitter:card\" content=\"summary_large_image\" \/>\n<meta name=\"twitter:label1\" content=\"Gesch\u00e4tzte Lesezeit\" \/>\n\t<meta name=\"twitter:data1\" content=\"1\u00a0Minute\" \/>\n<script type=\"application\/ld+json\" class=\"yoast-schema-graph\">{\"@context\":\"https:\\\/\\\/schema.org\",\"@graph\":[{\"@type\":\"WebPage\",\"@id\":\"https:\\\/\\\/saborcito.de\\\/?product=salsa-habanera-roja-120-ml-el-yucateco\",\"url\":\"https:\\\/\\\/saborcito.de\\\/?product=salsa-habanera-roja-120-ml-el-yucateco\",\"name\":\"Salsa Habanera Roja 120 ml. El Yucateco - Saborcito\",\"isPartOf\":{\"@id\":\"https:\\\/\\\/saborcito.de\\\/#website\"},\"primaryImageOfPage\":{\"@id\":\"https:\\\/\\\/saborcito.de\\\/?product=salsa-habanera-roja-120-ml-el-yucateco#primaryimage\"},\"image\":{\"@id\":\"https:\\\/\\\/saborcito.de\\\/?product=salsa-habanera-roja-120-ml-el-yucateco#primaryimage\"},\"thumbnailUrl\":\"https:\\\/\\\/saborcito.de\\\/wp-content\\\/uploads\\\/2025\\\/09\\\/ELyucateco_SalsaRotHabaneroChili_120ml.webp\",\"datePublished\":\"2025-09-28T19:30:09+00:00\",\"dateModified\":\"2025-10-03T11:50:53+00:00\",\"breadcrumb\":{\"@id\":\"https:\\\/\\\/saborcito.de\\\/?product=salsa-habanera-roja-120-ml-el-yucateco#breadcrumb\"},\"inLanguage\":\"de\",\"potentialAction\":[{\"@type\":\"ReadAction\",\"target\":[\"https:\\\/\\\/saborcito.de\\\/?product=salsa-habanera-roja-120-ml-el-yucateco\"]}]},{\"@type\":\"ImageObject\",\"inLanguage\":\"de\",\"@id\":\"https:\\\/\\\/saborcito.de\\\/?product=salsa-habanera-roja-120-ml-el-yucateco#primaryimage\",\"url\":\"https:\\\/\\\/saborcito.de\\\/wp-content\\\/uploads\\\/2025\\\/09\\\/ELyucateco_SalsaRotHabaneroChili_120ml.webp\",\"contentUrl\":\"https:\\\/\\\/saborcito.de\\\/wp-content\\\/uploads\\\/2025\\\/09\\\/ELyucateco_SalsaRotHabaneroChili_120ml.webp\",\"width\":1080,\"height\":1080},{\"@type\":\"BreadcrumbList\",\"@id\":\"https:\\\/\\\/saborcito.de\\\/?product=salsa-habanera-roja-120-ml-el-yucateco#breadcrumb\",\"itemListElement\":[{\"@type\":\"ListItem\",\"position\":1,\"name\":\"Home\",\"item\":\"https:\\\/\\\/saborcito.de\\\/de\\\/\"},{\"@type\":\"ListItem\",\"position\":2,\"name\":\"Tienda\",\"item\":\"https:\\\/\\\/saborcito.de\\\/de\\\/\"},{\"@type\":\"ListItem\",\"position\":3,\"name\":\"Salsa Habanera Roja 120 ml. El Yucateco\"}]},{\"@type\":\"WebSite\",\"@id\":\"https:\\\/\\\/saborcito.de\\\/#website\",\"url\":\"https:\\\/\\\/saborcito.de\\\/\",\"name\":\"Saborcito\",\"description\":\"\u00a1El sabor que extra\u00f1abas!\",\"publisher\":{\"@id\":\"https:\\\/\\\/saborcito.de\\\/#organization\"},\"potentialAction\":[{\"@type\":\"SearchAction\",\"target\":{\"@type\":\"EntryPoint\",\"urlTemplate\":\"https:\\\/\\\/saborcito.de\\\/?s={search_term_string}\"},\"query-input\":{\"@type\":\"PropertyValueSpecification\",\"valueRequired\":true,\"valueName\":\"search_term_string\"}}],\"inLanguage\":\"de\"},{\"@type\":\"Organization\",\"@id\":\"https:\\\/\\\/saborcito.de\\\/#organization\",\"name\":\"Saborcito\",\"url\":\"https:\\\/\\\/saborcito.de\\\/\",\"logo\":{\"@type\":\"ImageObject\",\"inLanguage\":\"de\",\"@id\":\"https:\\\/\\\/saborcito.de\\\/#\\\/schema\\\/logo\\\/image\\\/\",\"url\":\"https:\\\/\\\/saborcito.de\\\/wp-content\\\/uploads\\\/2025\\\/09\\\/Gemini_Generated_Image_u5txh9u5txh9u5tx.png\",\"contentUrl\":\"https:\\\/\\\/saborcito.de\\\/wp-content\\\/uploads\\\/2025\\\/09\\\/Gemini_Generated_Image_u5txh9u5txh9u5tx.png\",\"width\":1024,\"height\":330,\"caption\":\"Saborcito\"},\"image\":{\"@id\":\"https:\\\/\\\/saborcito.de\\\/#\\\/schema\\\/logo\\\/image\\\/\"}}]}<\/script>\n<!-- \/ Yoast SEO plugin. -->","yoast_head_json":{"title":"Salsa Habanera Roja 120 ml. El Yucateco - Saborcito","robots":{"index":"index","follow":"follow","max-snippet":"max-snippet:-1","max-image-preview":"max-image-preview:large","max-video-preview":"max-video-preview:-1"},"canonical":"https:\/\/saborcito.de\/de\/?product=salsa-habanera-roja-120-ml-el-yucateco","og_locale":"de_DE","og_type":"article","og_title":"Salsa Habanera Roja 120 ml. El Yucateco - Saborcito","og_description":"Salsa Habanera Roja 120 ml. El Yucateco","og_url":"https:\/\/saborcito.de\/de\/?product=salsa-habanera-roja-120-ml-el-yucateco","og_site_name":"Saborcito","article_modified_time":"2025-10-03T11:50:53+00:00","twitter_card":"summary_large_image","twitter_misc":{"Gesch\u00e4tzte Lesezeit":"1\u00a0Minute"},"schema":{"@context":"https:\/\/schema.org","@graph":[{"@type":"WebPage","@id":"https:\/\/saborcito.de\/?product=salsa-habanera-roja-120-ml-el-yucateco","url":"https:\/\/saborcito.de\/?product=salsa-habanera-roja-120-ml-el-yucateco","name":"Salsa Habanera Roja 120 ml. El Yucateco - Saborcito","isPartOf":{"@id":"https:\/\/saborcito.de\/#website"},"primaryImageOfPage":{"@id":"https:\/\/saborcito.de\/?product=salsa-habanera-roja-120-ml-el-yucateco#primaryimage"},"image":{"@id":"https:\/\/saborcito.de\/?product=salsa-habanera-roja-120-ml-el-yucateco#primaryimage"},"thumbnailUrl":"https:\/\/saborcito.de\/wp-content\/uploads\/2025\/09\/ELyucateco_SalsaRotHabaneroChili_120ml.webp","datePublished":"2025-09-28T19:30:09+00:00","dateModified":"2025-10-03T11:50:53+00:00","breadcrumb":{"@id":"https:\/\/saborcito.de\/?product=salsa-habanera-roja-120-ml-el-yucateco#breadcrumb"},"inLanguage":"de","potentialAction":[{"@type":"ReadAction","target":["https:\/\/saborcito.de\/?product=salsa-habanera-roja-120-ml-el-yucateco"]}]},{"@type":"ImageObject","inLanguage":"de","@id":"https:\/\/saborcito.de\/?product=salsa-habanera-roja-120-ml-el-yucateco#primaryimage","url":"https:\/\/saborcito.de\/wp-content\/uploads\/2025\/09\/ELyucateco_SalsaRotHabaneroChili_120ml.webp","contentUrl":"https:\/\/saborcito.de\/wp-content\/uploads\/2025\/09\/ELyucateco_SalsaRotHabaneroChili_120ml.webp","width":1080,"height":1080},{"@type":"BreadcrumbList","@id":"https:\/\/saborcito.de\/?product=salsa-habanera-roja-120-ml-el-yucateco#breadcrumb","itemListElement":[{"@type":"ListItem","position":1,"name":"Home","item":"https:\/\/saborcito.de\/de\/"},{"@type":"ListItem","position":2,"name":"Tienda","item":"https:\/\/saborcito.de\/de\/"},{"@type":"ListItem","position":3,"name":"Salsa Habanera Roja 120 ml. El Yucateco"}]},{"@type":"WebSite","@id":"https:\/\/saborcito.de\/#website","url":"https:\/\/saborcito.de\/","name":"Saborcito","description":"\u00a1El sabor que extra\u00f1abas!","publisher":{"@id":"https:\/\/saborcito.de\/#organization"},"potentialAction":[{"@type":"SearchAction","target":{"@type":"EntryPoint","urlTemplate":"https:\/\/saborcito.de\/?s={search_term_string}"},"query-input":{"@type":"PropertyValueSpecification","valueRequired":true,"valueName":"search_term_string"}}],"inLanguage":"de"},{"@type":"Organization","@id":"https:\/\/saborcito.de\/#organization","name":"Saborcito","url":"https:\/\/saborcito.de\/","logo":{"@type":"ImageObject","inLanguage":"de","@id":"https:\/\/saborcito.de\/#\/schema\/logo\/image\/","url":"https:\/\/saborcito.de\/wp-content\/uploads\/2025\/09\/Gemini_Generated_Image_u5txh9u5txh9u5tx.png","contentUrl":"https:\/\/saborcito.de\/wp-content\/uploads\/2025\/09\/Gemini_Generated_Image_u5txh9u5txh9u5tx.png","width":1024,"height":330,"caption":"Saborcito"},"image":{"@id":"https:\/\/saborcito.de\/#\/schema\/logo\/image\/"}}]}},"jetpack_sharing_enabled":true,"_links":{"self":[{"href":"https:\/\/saborcito.de\/de\/wp-json\/wp\/v2\/product\/233","targetHints":{"allow":["GET"]}}],"collection":[{"href":"https:\/\/saborcito.de\/de\/wp-json\/wp\/v2\/product"}],"about":[{"href":"https:\/\/saborcito.de\/de\/wp-json\/wp\/v2\/types\/product"}],"replies":[{"embeddable":true,"href":"https:\/\/saborcito.de\/de\/wp-json\/wp\/v2\/comments?post=233"}],"wp:featuredmedia":[{"embeddable":true,"href":"https:\/\/saborcito.de\/de\/wp-json\/wp\/v2\/media\/168"}],"wp:attachment":[{"href":"https:\/\/saborcito.de\/de\/wp-json\/wp\/v2\/media?parent=233"}],"wp:term":[{"taxonomy":"product_brand","embeddable":true,"href":"https:\/\/saborcito.de\/de\/wp-json\/wp\/v2\/product_brand?post=233"},{"taxonomy":"product_cat","embeddable":true,"href":"https:\/\/saborcito.de\/de\/wp-json\/wp\/v2\/product_cat?post=233"},{"taxonomy":"product_tag","embeddable":true,"href":"https:\/\/saborcito.de\/de\/wp-json\/wp\/v2\/product_tag?post=233"}],"curies":[{"name":"wp","href":"https:\/\/api.w.org\/{rel}","templated":true}]}}