{"id":237,"date":"2025-09-28T19:30:10","date_gmt":"2025-09-28T19:30:10","guid":{"rendered":"https:\/\/saborcito.de\/?post_type=product&#038;p=237"},"modified":"2025-12-20T10:03:27","modified_gmt":"2025-12-20T10:03:27","slug":"salsa-cholula-grande-150-gr","status":"publish","type":"product","link":"https:\/\/saborcito.de\/de\/product\/salsa-cholula-grande-150-gr\/","title":{"rendered":"Salsa Cholula Grande 150 gr."},"content":{"rendered":"<p>La Salsa Picante Original Cholula es una salsa picante mexicana elaborada con ingredientes frescos y el sabor caracter\u00edstico de Cholula. Contiene piment\u00f3n, vinagre, ajo y especias arom\u00e1ticas para un toque sutil y un sabor \u00fanico. Cholula es vers\u00e1til y perfecta para sazonar tacos, burritos, guisos y como dip para totopos. Adem\u00e1s, es sin gluten y vegana.<\/p>","protected":false},"excerpt":{"rendered":"<p>Salsa Cholula Grande 150 gr.<\/p>","protected":false},"featured_media":189,"comment_status":"closed","ping_status":"closed","template":"","meta":[],"product_brand":[41],"product_cat":[17],"product_tag":[],"class_list":{"0":"post-237","1":"product","2":"type-product","3":"status-publish","4":"has-post-thumbnail","6":"product_brand-mccormick","7":"product_cat-chiles-y-salsas","9":"first","10":"outofstock","11":"taxable","12":"shipping-taxable","13":"purchasable","14":"product-type-simple"},"yoast_head":"<!-- This site is optimized with the Yoast SEO plugin v27.5 - https:\/\/yoast.com\/product\/yoast-seo-wordpress\/ -->\n<title>Salsa Cholula Grande 150 gr. - Saborcito<\/title>\n<meta name=\"robots\" content=\"index, follow, max-snippet:-1, max-image-preview:large, max-video-preview:-1\" \/>\n<link rel=\"canonical\" href=\"https:\/\/saborcito.de\/de\/?product=salsa-cholula-grande-150-gr\" \/>\n<meta property=\"og:locale\" content=\"de_DE\" \/>\n<meta property=\"og:type\" content=\"article\" \/>\n<meta property=\"og:title\" content=\"Salsa Cholula Grande 150 gr. - Saborcito\" \/>\n<meta property=\"og:description\" content=\"Salsa Cholula Grande 150 gr.\" \/>\n<meta property=\"og:url\" content=\"https:\/\/saborcito.de\/de\/?product=salsa-cholula-grande-150-gr\" \/>\n<meta property=\"og:site_name\" content=\"Saborcito\" \/>\n<meta property=\"article:modified_time\" content=\"2025-12-20T10:03:27+00:00\" \/>\n<meta name=\"twitter:card\" content=\"summary_large_image\" \/>\n<script type=\"application\/ld+json\" class=\"yoast-schema-graph\">{\"@context\":\"https:\\\/\\\/schema.org\",\"@graph\":[{\"@type\":\"WebPage\",\"@id\":\"https:\\\/\\\/saborcito.de\\\/?product=salsa-cholula-grande-150-gr\",\"url\":\"https:\\\/\\\/saborcito.de\\\/?product=salsa-cholula-grande-150-gr\",\"name\":\"Salsa Cholula Grande 150 gr. - Saborcito\",\"isPartOf\":{\"@id\":\"https:\\\/\\\/saborcito.de\\\/#website\"},\"primaryImageOfPage\":{\"@id\":\"https:\\\/\\\/saborcito.de\\\/?product=salsa-cholula-grande-150-gr#primaryimage\"},\"image\":{\"@id\":\"https:\\\/\\\/saborcito.de\\\/?product=salsa-cholula-grande-150-gr#primaryimage\"},\"thumbnailUrl\":\"https:\\\/\\\/saborcito.de\\\/wp-content\\\/uploads\\\/2025\\\/09\\\/003938.webp\",\"datePublished\":\"2025-09-28T19:30:10+00:00\",\"dateModified\":\"2025-12-20T10:03:27+00:00\",\"breadcrumb\":{\"@id\":\"https:\\\/\\\/saborcito.de\\\/?product=salsa-cholula-grande-150-gr#breadcrumb\"},\"inLanguage\":\"de\",\"potentialAction\":[{\"@type\":\"ReadAction\",\"target\":[\"https:\\\/\\\/saborcito.de\\\/?product=salsa-cholula-grande-150-gr\"]}]},{\"@type\":\"ImageObject\",\"inLanguage\":\"de\",\"@id\":\"https:\\\/\\\/saborcito.de\\\/?product=salsa-cholula-grande-150-gr#primaryimage\",\"url\":\"https:\\\/\\\/saborcito.de\\\/wp-content\\\/uploads\\\/2025\\\/09\\\/003938.webp\",\"contentUrl\":\"https:\\\/\\\/saborcito.de\\\/wp-content\\\/uploads\\\/2025\\\/09\\\/003938.webp\",\"width\":1600,\"height\":1600},{\"@type\":\"BreadcrumbList\",\"@id\":\"https:\\\/\\\/saborcito.de\\\/?product=salsa-cholula-grande-150-gr#breadcrumb\",\"itemListElement\":[{\"@type\":\"ListItem\",\"position\":1,\"name\":\"Home\",\"item\":\"https:\\\/\\\/saborcito.de\\\/de\\\/\"},{\"@type\":\"ListItem\",\"position\":2,\"name\":\"Tienda\",\"item\":\"https:\\\/\\\/saborcito.de\\\/de\\\/\"},{\"@type\":\"ListItem\",\"position\":3,\"name\":\"Salsa Cholula Grande 150 gr.\"}]},{\"@type\":\"WebSite\",\"@id\":\"https:\\\/\\\/saborcito.de\\\/#website\",\"url\":\"https:\\\/\\\/saborcito.de\\\/\",\"name\":\"Saborcito\",\"description\":\"\u00a1El sabor que extra\u00f1abas!\",\"publisher\":{\"@id\":\"https:\\\/\\\/saborcito.de\\\/#organization\"},\"potentialAction\":[{\"@type\":\"SearchAction\",\"target\":{\"@type\":\"EntryPoint\",\"urlTemplate\":\"https:\\\/\\\/saborcito.de\\\/?s={search_term_string}\"},\"query-input\":{\"@type\":\"PropertyValueSpecification\",\"valueRequired\":true,\"valueName\":\"search_term_string\"}}],\"inLanguage\":\"de\"},{\"@type\":\"Organization\",\"@id\":\"https:\\\/\\\/saborcito.de\\\/#organization\",\"name\":\"Saborcito\",\"url\":\"https:\\\/\\\/saborcito.de\\\/\",\"logo\":{\"@type\":\"ImageObject\",\"inLanguage\":\"de\",\"@id\":\"https:\\\/\\\/saborcito.de\\\/#\\\/schema\\\/logo\\\/image\\\/\",\"url\":\"https:\\\/\\\/saborcito.de\\\/wp-content\\\/uploads\\\/2025\\\/09\\\/Gemini_Generated_Image_u5txh9u5txh9u5tx.png\",\"contentUrl\":\"https:\\\/\\\/saborcito.de\\\/wp-content\\\/uploads\\\/2025\\\/09\\\/Gemini_Generated_Image_u5txh9u5txh9u5tx.png\",\"width\":1024,\"height\":330,\"caption\":\"Saborcito\"},\"image\":{\"@id\":\"https:\\\/\\\/saborcito.de\\\/#\\\/schema\\\/logo\\\/image\\\/\"}}]}<\/script>\n<!-- \/ Yoast SEO plugin. -->","yoast_head_json":{"title":"Salsa Cholula Grande 150 gr. - Saborcito","robots":{"index":"index","follow":"follow","max-snippet":"max-snippet:-1","max-image-preview":"max-image-preview:large","max-video-preview":"max-video-preview:-1"},"canonical":"https:\/\/saborcito.de\/de\/?product=salsa-cholula-grande-150-gr","og_locale":"de_DE","og_type":"article","og_title":"Salsa Cholula Grande 150 gr. - Saborcito","og_description":"Salsa Cholula Grande 150 gr.","og_url":"https:\/\/saborcito.de\/de\/?product=salsa-cholula-grande-150-gr","og_site_name":"Saborcito","article_modified_time":"2025-12-20T10:03:27+00:00","twitter_card":"summary_large_image","schema":{"@context":"https:\/\/schema.org","@graph":[{"@type":"WebPage","@id":"https:\/\/saborcito.de\/?product=salsa-cholula-grande-150-gr","url":"https:\/\/saborcito.de\/?product=salsa-cholula-grande-150-gr","name":"Salsa Cholula Grande 150 gr. - Saborcito","isPartOf":{"@id":"https:\/\/saborcito.de\/#website"},"primaryImageOfPage":{"@id":"https:\/\/saborcito.de\/?product=salsa-cholula-grande-150-gr#primaryimage"},"image":{"@id":"https:\/\/saborcito.de\/?product=salsa-cholula-grande-150-gr#primaryimage"},"thumbnailUrl":"https:\/\/saborcito.de\/wp-content\/uploads\/2025\/09\/003938.webp","datePublished":"2025-09-28T19:30:10+00:00","dateModified":"2025-12-20T10:03:27+00:00","breadcrumb":{"@id":"https:\/\/saborcito.de\/?product=salsa-cholula-grande-150-gr#breadcrumb"},"inLanguage":"de","potentialAction":[{"@type":"ReadAction","target":["https:\/\/saborcito.de\/?product=salsa-cholula-grande-150-gr"]}]},{"@type":"ImageObject","inLanguage":"de","@id":"https:\/\/saborcito.de\/?product=salsa-cholula-grande-150-gr#primaryimage","url":"https:\/\/saborcito.de\/wp-content\/uploads\/2025\/09\/003938.webp","contentUrl":"https:\/\/saborcito.de\/wp-content\/uploads\/2025\/09\/003938.webp","width":1600,"height":1600},{"@type":"BreadcrumbList","@id":"https:\/\/saborcito.de\/?product=salsa-cholula-grande-150-gr#breadcrumb","itemListElement":[{"@type":"ListItem","position":1,"name":"Home","item":"https:\/\/saborcito.de\/de\/"},{"@type":"ListItem","position":2,"name":"Tienda","item":"https:\/\/saborcito.de\/de\/"},{"@type":"ListItem","position":3,"name":"Salsa Cholula Grande 150 gr."}]},{"@type":"WebSite","@id":"https:\/\/saborcito.de\/#website","url":"https:\/\/saborcito.de\/","name":"Saborcito","description":"\u00a1El sabor que extra\u00f1abas!","publisher":{"@id":"https:\/\/saborcito.de\/#organization"},"potentialAction":[{"@type":"SearchAction","target":{"@type":"EntryPoint","urlTemplate":"https:\/\/saborcito.de\/?s={search_term_string}"},"query-input":{"@type":"PropertyValueSpecification","valueRequired":true,"valueName":"search_term_string"}}],"inLanguage":"de"},{"@type":"Organization","@id":"https:\/\/saborcito.de\/#organization","name":"Saborcito","url":"https:\/\/saborcito.de\/","logo":{"@type":"ImageObject","inLanguage":"de","@id":"https:\/\/saborcito.de\/#\/schema\/logo\/image\/","url":"https:\/\/saborcito.de\/wp-content\/uploads\/2025\/09\/Gemini_Generated_Image_u5txh9u5txh9u5tx.png","contentUrl":"https:\/\/saborcito.de\/wp-content\/uploads\/2025\/09\/Gemini_Generated_Image_u5txh9u5txh9u5tx.png","width":1024,"height":330,"caption":"Saborcito"},"image":{"@id":"https:\/\/saborcito.de\/#\/schema\/logo\/image\/"}}]}},"jetpack_sharing_enabled":true,"_links":{"self":[{"href":"https:\/\/saborcito.de\/de\/wp-json\/wp\/v2\/product\/237","targetHints":{"allow":["GET"]}}],"collection":[{"href":"https:\/\/saborcito.de\/de\/wp-json\/wp\/v2\/product"}],"about":[{"href":"https:\/\/saborcito.de\/de\/wp-json\/wp\/v2\/types\/product"}],"replies":[{"embeddable":true,"href":"https:\/\/saborcito.de\/de\/wp-json\/wp\/v2\/comments?post=237"}],"wp:featuredmedia":[{"embeddable":true,"href":"https:\/\/saborcito.de\/de\/wp-json\/wp\/v2\/media\/189"}],"wp:attachment":[{"href":"https:\/\/saborcito.de\/de\/wp-json\/wp\/v2\/media?parent=237"}],"wp:term":[{"taxonomy":"product_brand","embeddable":true,"href":"https:\/\/saborcito.de\/de\/wp-json\/wp\/v2\/product_brand?post=237"},{"taxonomy":"product_cat","embeddable":true,"href":"https:\/\/saborcito.de\/de\/wp-json\/wp\/v2\/product_cat?post=237"},{"taxonomy":"product_tag","embeddable":true,"href":"https:\/\/saborcito.de\/de\/wp-json\/wp\/v2\/product_tag?post=237"}],"curies":[{"name":"wp","href":"https:\/\/api.w.org\/{rel}","templated":true}]}}