{"id":248,"date":"2025-09-28T19:30:11","date_gmt":"2025-09-28T19:30:11","guid":{"rendered":"https:\/\/saborcito.de\/?post_type=product&#038;p=248"},"modified":"2025-11-15T19:43:40","modified_gmt":"2025-11-15T19:43:40","slug":"chips-fuego-limon-170-gr-barcel","status":"publish","type":"product","link":"https:\/\/saborcito.de\/de\/product\/chips-fuego-limon-170-gr-barcel\/","title":{"rendered":"Chips Fuego Lim\u00f3n 170 gr. Barcel"},"content":{"rendered":"<p>La botana de tus sue\u00f1os, ahora con tu salsa favorita; prueba los Chicharrones Valentones Barcel 175g que lo tienen todo para ser el complemento perfecto para tus reuniones con amigos, familiares, en fiestas o para los d\u00edas de marat\u00f3n en casa viendo pel\u00edculas o series. S\u00f3lo basta con ponerlas en un recipiente y agregarles m\u00e1s sala si as\u00ed lo deseas, son tan deliciosamente crujientes que, desde la primera mordida, el crujir ser\u00e1 como dulces melod\u00edas para tus o\u00eddos y un verdadero manjar para tu paladar, tanto que no podr\u00e1s resistirte a probar m\u00e1s de una. Su envoltura contiene la cantidad justa para compartir y que nadie se quede con el antojo, \u00a1pru\u00e9balas!<\/p>","protected":false},"excerpt":{"rendered":"<p>Chips Fuego Lim\u00f3n 170 gr. Barcel<\/p>","protected":false},"featured_media":187,"comment_status":"closed","ping_status":"closed","template":"","meta":[],"product_brand":[23],"product_cat":[18],"product_tag":[],"class_list":{"0":"post-248","1":"product","2":"type-product","3":"status-publish","4":"has-post-thumbnail","6":"product_brand-barcel","7":"product_cat-dulces-y-snacks","9":"first","10":"outofstock","11":"taxable","12":"shipping-taxable","13":"purchasable","14":"product-type-simple"},"yoast_head":"<!-- This site is optimized with the Yoast SEO plugin v27.5 - https:\/\/yoast.com\/product\/yoast-seo-wordpress\/ -->\n<title>Chips Fuego Lim\u00f3n 170 gr. Barcel - Saborcito<\/title>\n<meta name=\"robots\" content=\"index, follow, max-snippet:-1, max-image-preview:large, max-video-preview:-1\" \/>\n<link rel=\"canonical\" href=\"https:\/\/saborcito.de\/de\/?product=chips-fuego-limon-170-gr-barcel\" \/>\n<meta property=\"og:locale\" content=\"de_DE\" \/>\n<meta property=\"og:type\" content=\"article\" \/>\n<meta property=\"og:title\" content=\"Chips Fuego Lim\u00f3n 170 gr. Barcel - Saborcito\" \/>\n<meta property=\"og:description\" content=\"Chips Fuego Lim\u00f3n 170 gr. Barcel\" \/>\n<meta property=\"og:url\" content=\"https:\/\/saborcito.de\/de\/?product=chips-fuego-limon-170-gr-barcel\" \/>\n<meta property=\"og:site_name\" content=\"Saborcito\" \/>\n<meta property=\"article:modified_time\" content=\"2025-11-15T19:43:40+00:00\" \/>\n<meta name=\"twitter:card\" content=\"summary_large_image\" \/>\n<meta name=\"twitter:label1\" content=\"Gesch\u00e4tzte Lesezeit\" \/>\n\t<meta name=\"twitter:data1\" content=\"1\u00a0Minute\" \/>\n<script type=\"application\/ld+json\" class=\"yoast-schema-graph\">{\"@context\":\"https:\\\/\\\/schema.org\",\"@graph\":[{\"@type\":\"WebPage\",\"@id\":\"https:\\\/\\\/saborcito.de\\\/?product=chips-fuego-limon-170-gr-barcel\",\"url\":\"https:\\\/\\\/saborcito.de\\\/?product=chips-fuego-limon-170-gr-barcel\",\"name\":\"Chips Fuego Lim\u00f3n 170 gr. Barcel - Saborcito\",\"isPartOf\":{\"@id\":\"https:\\\/\\\/saborcito.de\\\/#website\"},\"primaryImageOfPage\":{\"@id\":\"https:\\\/\\\/saborcito.de\\\/?product=chips-fuego-limon-170-gr-barcel#primaryimage\"},\"image\":{\"@id\":\"https:\\\/\\\/saborcito.de\\\/?product=chips-fuego-limon-170-gr-barcel#primaryimage\"},\"thumbnailUrl\":\"https:\\\/\\\/saborcito.de\\\/wp-content\\\/uploads\\\/2025\\\/09\\\/60a15e5974f53-16-05-21.webp\",\"datePublished\":\"2025-09-28T19:30:11+00:00\",\"dateModified\":\"2025-11-15T19:43:40+00:00\",\"breadcrumb\":{\"@id\":\"https:\\\/\\\/saborcito.de\\\/?product=chips-fuego-limon-170-gr-barcel#breadcrumb\"},\"inLanguage\":\"de\",\"potentialAction\":[{\"@type\":\"ReadAction\",\"target\":[\"https:\\\/\\\/saborcito.de\\\/?product=chips-fuego-limon-170-gr-barcel\"]}]},{\"@type\":\"ImageObject\",\"inLanguage\":\"de\",\"@id\":\"https:\\\/\\\/saborcito.de\\\/?product=chips-fuego-limon-170-gr-barcel#primaryimage\",\"url\":\"https:\\\/\\\/saborcito.de\\\/wp-content\\\/uploads\\\/2025\\\/09\\\/60a15e5974f53-16-05-21.webp\",\"contentUrl\":\"https:\\\/\\\/saborcito.de\\\/wp-content\\\/uploads\\\/2025\\\/09\\\/60a15e5974f53-16-05-21.webp\",\"width\":540,\"height\":560},{\"@type\":\"BreadcrumbList\",\"@id\":\"https:\\\/\\\/saborcito.de\\\/?product=chips-fuego-limon-170-gr-barcel#breadcrumb\",\"itemListElement\":[{\"@type\":\"ListItem\",\"position\":1,\"name\":\"Home\",\"item\":\"https:\\\/\\\/saborcito.de\\\/de\\\/\"},{\"@type\":\"ListItem\",\"position\":2,\"name\":\"Tienda\",\"item\":\"https:\\\/\\\/saborcito.de\\\/de\\\/\"},{\"@type\":\"ListItem\",\"position\":3,\"name\":\"Chips Fuego Lim\u00f3n 170 gr. Barcel\"}]},{\"@type\":\"WebSite\",\"@id\":\"https:\\\/\\\/saborcito.de\\\/#website\",\"url\":\"https:\\\/\\\/saborcito.de\\\/\",\"name\":\"Saborcito\",\"description\":\"\u00a1El sabor que extra\u00f1abas!\",\"publisher\":{\"@id\":\"https:\\\/\\\/saborcito.de\\\/#organization\"},\"potentialAction\":[{\"@type\":\"SearchAction\",\"target\":{\"@type\":\"EntryPoint\",\"urlTemplate\":\"https:\\\/\\\/saborcito.de\\\/?s={search_term_string}\"},\"query-input\":{\"@type\":\"PropertyValueSpecification\",\"valueRequired\":true,\"valueName\":\"search_term_string\"}}],\"inLanguage\":\"de\"},{\"@type\":\"Organization\",\"@id\":\"https:\\\/\\\/saborcito.de\\\/#organization\",\"name\":\"Saborcito\",\"url\":\"https:\\\/\\\/saborcito.de\\\/\",\"logo\":{\"@type\":\"ImageObject\",\"inLanguage\":\"de\",\"@id\":\"https:\\\/\\\/saborcito.de\\\/#\\\/schema\\\/logo\\\/image\\\/\",\"url\":\"https:\\\/\\\/saborcito.de\\\/wp-content\\\/uploads\\\/2025\\\/09\\\/Gemini_Generated_Image_u5txh9u5txh9u5tx.png\",\"contentUrl\":\"https:\\\/\\\/saborcito.de\\\/wp-content\\\/uploads\\\/2025\\\/09\\\/Gemini_Generated_Image_u5txh9u5txh9u5tx.png\",\"width\":1024,\"height\":330,\"caption\":\"Saborcito\"},\"image\":{\"@id\":\"https:\\\/\\\/saborcito.de\\\/#\\\/schema\\\/logo\\\/image\\\/\"}}]}<\/script>\n<!-- \/ Yoast SEO plugin. -->","yoast_head_json":{"title":"Chips Fuego Lim\u00f3n 170 gr. Barcel - Saborcito","robots":{"index":"index","follow":"follow","max-snippet":"max-snippet:-1","max-image-preview":"max-image-preview:large","max-video-preview":"max-video-preview:-1"},"canonical":"https:\/\/saborcito.de\/de\/?product=chips-fuego-limon-170-gr-barcel","og_locale":"de_DE","og_type":"article","og_title":"Chips Fuego Lim\u00f3n 170 gr. Barcel - Saborcito","og_description":"Chips Fuego Lim\u00f3n 170 gr. Barcel","og_url":"https:\/\/saborcito.de\/de\/?product=chips-fuego-limon-170-gr-barcel","og_site_name":"Saborcito","article_modified_time":"2025-11-15T19:43:40+00:00","twitter_card":"summary_large_image","twitter_misc":{"Gesch\u00e4tzte Lesezeit":"1\u00a0Minute"},"schema":{"@context":"https:\/\/schema.org","@graph":[{"@type":"WebPage","@id":"https:\/\/saborcito.de\/?product=chips-fuego-limon-170-gr-barcel","url":"https:\/\/saborcito.de\/?product=chips-fuego-limon-170-gr-barcel","name":"Chips Fuego Lim\u00f3n 170 gr. Barcel - Saborcito","isPartOf":{"@id":"https:\/\/saborcito.de\/#website"},"primaryImageOfPage":{"@id":"https:\/\/saborcito.de\/?product=chips-fuego-limon-170-gr-barcel#primaryimage"},"image":{"@id":"https:\/\/saborcito.de\/?product=chips-fuego-limon-170-gr-barcel#primaryimage"},"thumbnailUrl":"https:\/\/saborcito.de\/wp-content\/uploads\/2025\/09\/60a15e5974f53-16-05-21.webp","datePublished":"2025-09-28T19:30:11+00:00","dateModified":"2025-11-15T19:43:40+00:00","breadcrumb":{"@id":"https:\/\/saborcito.de\/?product=chips-fuego-limon-170-gr-barcel#breadcrumb"},"inLanguage":"de","potentialAction":[{"@type":"ReadAction","target":["https:\/\/saborcito.de\/?product=chips-fuego-limon-170-gr-barcel"]}]},{"@type":"ImageObject","inLanguage":"de","@id":"https:\/\/saborcito.de\/?product=chips-fuego-limon-170-gr-barcel#primaryimage","url":"https:\/\/saborcito.de\/wp-content\/uploads\/2025\/09\/60a15e5974f53-16-05-21.webp","contentUrl":"https:\/\/saborcito.de\/wp-content\/uploads\/2025\/09\/60a15e5974f53-16-05-21.webp","width":540,"height":560},{"@type":"BreadcrumbList","@id":"https:\/\/saborcito.de\/?product=chips-fuego-limon-170-gr-barcel#breadcrumb","itemListElement":[{"@type":"ListItem","position":1,"name":"Home","item":"https:\/\/saborcito.de\/de\/"},{"@type":"ListItem","position":2,"name":"Tienda","item":"https:\/\/saborcito.de\/de\/"},{"@type":"ListItem","position":3,"name":"Chips Fuego Lim\u00f3n 170 gr. Barcel"}]},{"@type":"WebSite","@id":"https:\/\/saborcito.de\/#website","url":"https:\/\/saborcito.de\/","name":"Saborcito","description":"\u00a1El sabor que extra\u00f1abas!","publisher":{"@id":"https:\/\/saborcito.de\/#organization"},"potentialAction":[{"@type":"SearchAction","target":{"@type":"EntryPoint","urlTemplate":"https:\/\/saborcito.de\/?s={search_term_string}"},"query-input":{"@type":"PropertyValueSpecification","valueRequired":true,"valueName":"search_term_string"}}],"inLanguage":"de"},{"@type":"Organization","@id":"https:\/\/saborcito.de\/#organization","name":"Saborcito","url":"https:\/\/saborcito.de\/","logo":{"@type":"ImageObject","inLanguage":"de","@id":"https:\/\/saborcito.de\/#\/schema\/logo\/image\/","url":"https:\/\/saborcito.de\/wp-content\/uploads\/2025\/09\/Gemini_Generated_Image_u5txh9u5txh9u5tx.png","contentUrl":"https:\/\/saborcito.de\/wp-content\/uploads\/2025\/09\/Gemini_Generated_Image_u5txh9u5txh9u5tx.png","width":1024,"height":330,"caption":"Saborcito"},"image":{"@id":"https:\/\/saborcito.de\/#\/schema\/logo\/image\/"}}]}},"jetpack_sharing_enabled":true,"_links":{"self":[{"href":"https:\/\/saborcito.de\/de\/wp-json\/wp\/v2\/product\/248","targetHints":{"allow":["GET"]}}],"collection":[{"href":"https:\/\/saborcito.de\/de\/wp-json\/wp\/v2\/product"}],"about":[{"href":"https:\/\/saborcito.de\/de\/wp-json\/wp\/v2\/types\/product"}],"replies":[{"embeddable":true,"href":"https:\/\/saborcito.de\/de\/wp-json\/wp\/v2\/comments?post=248"}],"wp:featuredmedia":[{"embeddable":true,"href":"https:\/\/saborcito.de\/de\/wp-json\/wp\/v2\/media\/187"}],"wp:attachment":[{"href":"https:\/\/saborcito.de\/de\/wp-json\/wp\/v2\/media?parent=248"}],"wp:term":[{"taxonomy":"product_brand","embeddable":true,"href":"https:\/\/saborcito.de\/de\/wp-json\/wp\/v2\/product_brand?post=248"},{"taxonomy":"product_cat","embeddable":true,"href":"https:\/\/saborcito.de\/de\/wp-json\/wp\/v2\/product_cat?post=248"},{"taxonomy":"product_tag","embeddable":true,"href":"https:\/\/saborcito.de\/de\/wp-json\/wp\/v2\/product_tag?post=248"}],"curies":[{"name":"wp","href":"https:\/\/api.w.org\/{rel}","templated":true}]}}