{"id":251,"date":"2025-09-28T19:30:20","date_gmt":"2025-09-28T19:30:20","guid":{"rendered":"https:\/\/saborcito.de\/?post_type=product&#038;p=251"},"modified":"2026-04-27T15:26:47","modified_gmt":"2026-04-27T15:26:47","slug":"salsa-sabor-chamoy-355-ml-el-chilerito","status":"publish","type":"product","link":"https:\/\/saborcito.de\/de\/product\/salsa-sabor-chamoy-355-ml-el-chilerito\/","title":{"rendered":"Salsa Sabor Chamoy 355 ml. El Chilerito"},"content":{"rendered":"<p>La Salsa de Chamoy Chilerito es el toque perfecto para realzar tus platillos y botanas. Esta deliciosa salsa combina los mejores sabores agridulces con un toque picante, ofreciendo una experiencia \u00fanica para quienes buscan la combinaci\u00f3n perfecta de dulzor, acidez y picante. Su versatilidad la convierte en un ingrediente esencial de la cocina mexicana. Ideal para rociar sobre frutas frescas como manzana, pi\u00f1a o mel\u00f3n, o para darle un toque especial a papas fritas, c\u00f3cteles o incluso helado.<\/p>","protected":false},"excerpt":{"rendered":"<p>Salsa Sabor Chamoy 355 ml. El Chilerito<\/p>","protected":false},"featured_media":121,"comment_status":"closed","ping_status":"closed","template":"","meta":[],"product_brand":[28],"product_cat":[17],"product_tag":[],"class_list":{"0":"post-251","1":"product","2":"type-product","3":"status-publish","4":"has-post-thumbnail","6":"product_brand-el-chilerito","7":"product_cat-chiles-y-salsas","9":"first","10":"instock","11":"taxable","12":"shipping-taxable","13":"purchasable","14":"product-type-simple"},"yoast_head":"<!-- This site is optimized with the Yoast SEO plugin v27.5 - https:\/\/yoast.com\/product\/yoast-seo-wordpress\/ -->\n<title>Salsa Sabor Chamoy 355 ml. El Chilerito - Saborcito<\/title>\n<meta name=\"robots\" content=\"index, follow, max-snippet:-1, max-image-preview:large, max-video-preview:-1\" \/>\n<link rel=\"canonical\" href=\"https:\/\/saborcito.de\/de\/?product=salsa-sabor-chamoy-355-ml-el-chilerito\" \/>\n<meta property=\"og:locale\" content=\"de_DE\" \/>\n<meta property=\"og:type\" content=\"article\" \/>\n<meta property=\"og:title\" content=\"Salsa Sabor Chamoy 355 ml. El Chilerito - Saborcito\" \/>\n<meta property=\"og:description\" content=\"Salsa Sabor Chamoy 355 ml. El Chilerito\" \/>\n<meta property=\"og:url\" content=\"https:\/\/saborcito.de\/de\/?product=salsa-sabor-chamoy-355-ml-el-chilerito\" \/>\n<meta property=\"og:site_name\" content=\"Saborcito\" \/>\n<meta property=\"article:modified_time\" content=\"2026-04-27T15:26:47+00:00\" \/>\n<meta name=\"twitter:card\" content=\"summary_large_image\" \/>\n<script type=\"application\/ld+json\" class=\"yoast-schema-graph\">{\"@context\":\"https:\\\/\\\/schema.org\",\"@graph\":[{\"@type\":\"WebPage\",\"@id\":\"https:\\\/\\\/saborcito.de\\\/?product=salsa-sabor-chamoy-355-ml-el-chilerito\",\"url\":\"https:\\\/\\\/saborcito.de\\\/?product=salsa-sabor-chamoy-355-ml-el-chilerito\",\"name\":\"Salsa Sabor Chamoy 355 ml. El Chilerito - Saborcito\",\"isPartOf\":{\"@id\":\"https:\\\/\\\/saborcito.de\\\/#website\"},\"primaryImageOfPage\":{\"@id\":\"https:\\\/\\\/saborcito.de\\\/?product=salsa-sabor-chamoy-355-ml-el-chilerito#primaryimage\"},\"image\":{\"@id\":\"https:\\\/\\\/saborcito.de\\\/?product=salsa-sabor-chamoy-355-ml-el-chilerito#primaryimage\"},\"thumbnailUrl\":\"https:\\\/\\\/saborcito.de\\\/wp-content\\\/uploads\\\/2025\\\/09\\\/664a6b8d-85ee-4b01-976a-4d5d102975a6.922e0b245e919e43fd9be8c807fab247.webp\",\"datePublished\":\"2025-09-28T19:30:20+00:00\",\"dateModified\":\"2026-04-27T15:26:47+00:00\",\"breadcrumb\":{\"@id\":\"https:\\\/\\\/saborcito.de\\\/?product=salsa-sabor-chamoy-355-ml-el-chilerito#breadcrumb\"},\"inLanguage\":\"de\",\"potentialAction\":[{\"@type\":\"ReadAction\",\"target\":[\"https:\\\/\\\/saborcito.de\\\/?product=salsa-sabor-chamoy-355-ml-el-chilerito\"]}]},{\"@type\":\"ImageObject\",\"inLanguage\":\"de\",\"@id\":\"https:\\\/\\\/saborcito.de\\\/?product=salsa-sabor-chamoy-355-ml-el-chilerito#primaryimage\",\"url\":\"https:\\\/\\\/saborcito.de\\\/wp-content\\\/uploads\\\/2025\\\/09\\\/664a6b8d-85ee-4b01-976a-4d5d102975a6.922e0b245e919e43fd9be8c807fab247.webp\",\"contentUrl\":\"https:\\\/\\\/saborcito.de\\\/wp-content\\\/uploads\\\/2025\\\/09\\\/664a6b8d-85ee-4b01-976a-4d5d102975a6.922e0b245e919e43fd9be8c807fab247.webp\",\"width\":612,\"height\":612},{\"@type\":\"BreadcrumbList\",\"@id\":\"https:\\\/\\\/saborcito.de\\\/?product=salsa-sabor-chamoy-355-ml-el-chilerito#breadcrumb\",\"itemListElement\":[{\"@type\":\"ListItem\",\"position\":1,\"name\":\"Home\",\"item\":\"https:\\\/\\\/saborcito.de\\\/de\\\/\"},{\"@type\":\"ListItem\",\"position\":2,\"name\":\"Tienda\",\"item\":\"https:\\\/\\\/saborcito.de\\\/de\\\/\"},{\"@type\":\"ListItem\",\"position\":3,\"name\":\"Salsa Sabor Chamoy 355 ml. El Chilerito\"}]},{\"@type\":\"WebSite\",\"@id\":\"https:\\\/\\\/saborcito.de\\\/#website\",\"url\":\"https:\\\/\\\/saborcito.de\\\/\",\"name\":\"Saborcito\",\"description\":\"\u00a1El sabor que extra\u00f1abas!\",\"publisher\":{\"@id\":\"https:\\\/\\\/saborcito.de\\\/#organization\"},\"potentialAction\":[{\"@type\":\"SearchAction\",\"target\":{\"@type\":\"EntryPoint\",\"urlTemplate\":\"https:\\\/\\\/saborcito.de\\\/?s={search_term_string}\"},\"query-input\":{\"@type\":\"PropertyValueSpecification\",\"valueRequired\":true,\"valueName\":\"search_term_string\"}}],\"inLanguage\":\"de\"},{\"@type\":\"Organization\",\"@id\":\"https:\\\/\\\/saborcito.de\\\/#organization\",\"name\":\"Saborcito\",\"url\":\"https:\\\/\\\/saborcito.de\\\/\",\"logo\":{\"@type\":\"ImageObject\",\"inLanguage\":\"de\",\"@id\":\"https:\\\/\\\/saborcito.de\\\/#\\\/schema\\\/logo\\\/image\\\/\",\"url\":\"https:\\\/\\\/saborcito.de\\\/wp-content\\\/uploads\\\/2025\\\/09\\\/Gemini_Generated_Image_u5txh9u5txh9u5tx.png\",\"contentUrl\":\"https:\\\/\\\/saborcito.de\\\/wp-content\\\/uploads\\\/2025\\\/09\\\/Gemini_Generated_Image_u5txh9u5txh9u5tx.png\",\"width\":1024,\"height\":330,\"caption\":\"Saborcito\"},\"image\":{\"@id\":\"https:\\\/\\\/saborcito.de\\\/#\\\/schema\\\/logo\\\/image\\\/\"}}]}<\/script>\n<!-- \/ Yoast SEO plugin. -->","yoast_head_json":{"title":"Salsa Sabor Chamoy 355 ml. El Chilerito - Saborcito","robots":{"index":"index","follow":"follow","max-snippet":"max-snippet:-1","max-image-preview":"max-image-preview:large","max-video-preview":"max-video-preview:-1"},"canonical":"https:\/\/saborcito.de\/de\/?product=salsa-sabor-chamoy-355-ml-el-chilerito","og_locale":"de_DE","og_type":"article","og_title":"Salsa Sabor Chamoy 355 ml. El Chilerito - Saborcito","og_description":"Salsa Sabor Chamoy 355 ml. El Chilerito","og_url":"https:\/\/saborcito.de\/de\/?product=salsa-sabor-chamoy-355-ml-el-chilerito","og_site_name":"Saborcito","article_modified_time":"2026-04-27T15:26:47+00:00","twitter_card":"summary_large_image","schema":{"@context":"https:\/\/schema.org","@graph":[{"@type":"WebPage","@id":"https:\/\/saborcito.de\/?product=salsa-sabor-chamoy-355-ml-el-chilerito","url":"https:\/\/saborcito.de\/?product=salsa-sabor-chamoy-355-ml-el-chilerito","name":"Salsa Sabor Chamoy 355 ml. El Chilerito - Saborcito","isPartOf":{"@id":"https:\/\/saborcito.de\/#website"},"primaryImageOfPage":{"@id":"https:\/\/saborcito.de\/?product=salsa-sabor-chamoy-355-ml-el-chilerito#primaryimage"},"image":{"@id":"https:\/\/saborcito.de\/?product=salsa-sabor-chamoy-355-ml-el-chilerito#primaryimage"},"thumbnailUrl":"https:\/\/saborcito.de\/wp-content\/uploads\/2025\/09\/664a6b8d-85ee-4b01-976a-4d5d102975a6.922e0b245e919e43fd9be8c807fab247.webp","datePublished":"2025-09-28T19:30:20+00:00","dateModified":"2026-04-27T15:26:47+00:00","breadcrumb":{"@id":"https:\/\/saborcito.de\/?product=salsa-sabor-chamoy-355-ml-el-chilerito#breadcrumb"},"inLanguage":"de","potentialAction":[{"@type":"ReadAction","target":["https:\/\/saborcito.de\/?product=salsa-sabor-chamoy-355-ml-el-chilerito"]}]},{"@type":"ImageObject","inLanguage":"de","@id":"https:\/\/saborcito.de\/?product=salsa-sabor-chamoy-355-ml-el-chilerito#primaryimage","url":"https:\/\/saborcito.de\/wp-content\/uploads\/2025\/09\/664a6b8d-85ee-4b01-976a-4d5d102975a6.922e0b245e919e43fd9be8c807fab247.webp","contentUrl":"https:\/\/saborcito.de\/wp-content\/uploads\/2025\/09\/664a6b8d-85ee-4b01-976a-4d5d102975a6.922e0b245e919e43fd9be8c807fab247.webp","width":612,"height":612},{"@type":"BreadcrumbList","@id":"https:\/\/saborcito.de\/?product=salsa-sabor-chamoy-355-ml-el-chilerito#breadcrumb","itemListElement":[{"@type":"ListItem","position":1,"name":"Home","item":"https:\/\/saborcito.de\/de\/"},{"@type":"ListItem","position":2,"name":"Tienda","item":"https:\/\/saborcito.de\/de\/"},{"@type":"ListItem","position":3,"name":"Salsa Sabor Chamoy 355 ml. El Chilerito"}]},{"@type":"WebSite","@id":"https:\/\/saborcito.de\/#website","url":"https:\/\/saborcito.de\/","name":"Saborcito","description":"\u00a1El sabor que extra\u00f1abas!","publisher":{"@id":"https:\/\/saborcito.de\/#organization"},"potentialAction":[{"@type":"SearchAction","target":{"@type":"EntryPoint","urlTemplate":"https:\/\/saborcito.de\/?s={search_term_string}"},"query-input":{"@type":"PropertyValueSpecification","valueRequired":true,"valueName":"search_term_string"}}],"inLanguage":"de"},{"@type":"Organization","@id":"https:\/\/saborcito.de\/#organization","name":"Saborcito","url":"https:\/\/saborcito.de\/","logo":{"@type":"ImageObject","inLanguage":"de","@id":"https:\/\/saborcito.de\/#\/schema\/logo\/image\/","url":"https:\/\/saborcito.de\/wp-content\/uploads\/2025\/09\/Gemini_Generated_Image_u5txh9u5txh9u5tx.png","contentUrl":"https:\/\/saborcito.de\/wp-content\/uploads\/2025\/09\/Gemini_Generated_Image_u5txh9u5txh9u5tx.png","width":1024,"height":330,"caption":"Saborcito"},"image":{"@id":"https:\/\/saborcito.de\/#\/schema\/logo\/image\/"}}]}},"jetpack_sharing_enabled":true,"_links":{"self":[{"href":"https:\/\/saborcito.de\/de\/wp-json\/wp\/v2\/product\/251","targetHints":{"allow":["GET"]}}],"collection":[{"href":"https:\/\/saborcito.de\/de\/wp-json\/wp\/v2\/product"}],"about":[{"href":"https:\/\/saborcito.de\/de\/wp-json\/wp\/v2\/types\/product"}],"replies":[{"embeddable":true,"href":"https:\/\/saborcito.de\/de\/wp-json\/wp\/v2\/comments?post=251"}],"wp:featuredmedia":[{"embeddable":true,"href":"https:\/\/saborcito.de\/de\/wp-json\/wp\/v2\/media\/121"}],"wp:attachment":[{"href":"https:\/\/saborcito.de\/de\/wp-json\/wp\/v2\/media?parent=251"}],"wp:term":[{"taxonomy":"product_brand","embeddable":true,"href":"https:\/\/saborcito.de\/de\/wp-json\/wp\/v2\/product_brand?post=251"},{"taxonomy":"product_cat","embeddable":true,"href":"https:\/\/saborcito.de\/de\/wp-json\/wp\/v2\/product_cat?post=251"},{"taxonomy":"product_tag","embeddable":true,"href":"https:\/\/saborcito.de\/de\/wp-json\/wp\/v2\/product_tag?post=251"}],"curies":[{"name":"wp","href":"https:\/\/api.w.org\/{rel}","templated":true}]}}