{"id":253,"date":"2025-09-28T19:30:20","date_gmt":"2025-09-28T19:30:20","guid":{"rendered":"https:\/\/saborcito.de\/?post_type=product&#038;p=253"},"modified":"2025-11-09T21:01:05","modified_gmt":"2025-11-09T21:01:05","slug":"cerveza-sol-lata-mangoyada","status":"publish","type":"product","link":"https:\/\/saborcito.de\/de\/product\/cerveza-sol-lata-mangoyada\/","title":{"rendered":"Cerveza Sol lata mangoyada"},"content":{"rendered":"<p>Sol Mezclas Mangoyada Mango y Chamoy proviene de una marca de cerveza tradicional mexicana. Este refrescante vaso de cerveza con 473 ml de contenido (3.5% alcohol) con mango y el t\u00edpico chamoy mexicano es una bebida ideal para fiestas de adultos en cualquier momento. Si recomienda servir alimentos frescos, tendr\u00e1 una temperatura especialmente alta. El enfoque pr\u00e1ctico es mucho m\u00e1s preciso y seguro que la entrega del paquete con las botellas de vidrio. Sol Mangoyada es, junto con la variante Clamato, una mezcla de cerveza muy solicitada en M\u00e9xico y ahora puedes disfrutarla fuera de sus fronteras. Dispensando el aroma aterciopelado, afrutado y \u00e1cido de esta mezcla de cerveza. Ning\u00fan permiso para el pedido o entrada en este art\u00edculo es para mayores de 18 a\u00f1os. Al confirmar tu edad antes de utilizar nuestro sitio web, estar\u00e1s confirmando que cuentas con la mayor\u00eda de edad y que est\u00e1s capacitado para realizar la compra. Recomendamos consumir bebidas alcoh\u00f3licas con moderaci\u00f3n.<\/p>","protected":false},"excerpt":{"rendered":"<p>Cerveza Sol lata mangoyada<\/p>","protected":false},"featured_media":151,"comment_status":"closed","ping_status":"closed","template":"","meta":[],"product_brand":[29],"product_cat":[19],"product_tag":[],"class_list":{"0":"post-253","1":"product","2":"type-product","3":"status-publish","4":"has-post-thumbnail","6":"product_brand-sol","7":"product_cat-bebidas","9":"first","10":"instock","11":"taxable","12":"shipping-taxable","13":"purchasable","14":"product-type-simple"},"yoast_head":"<!-- This site is optimized with the Yoast SEO plugin v27.5 - https:\/\/yoast.com\/product\/yoast-seo-wordpress\/ -->\n<title>Cerveza Sol lata mangoyada - Saborcito<\/title>\n<meta name=\"robots\" content=\"index, follow, max-snippet:-1, max-image-preview:large, max-video-preview:-1\" \/>\n<link rel=\"canonical\" href=\"https:\/\/saborcito.de\/de\/?product=cerveza-sol-lata-mangoyada\" \/>\n<meta property=\"og:locale\" content=\"de_DE\" \/>\n<meta property=\"og:type\" content=\"article\" \/>\n<meta property=\"og:title\" content=\"Cerveza Sol lata mangoyada - Saborcito\" \/>\n<meta property=\"og:description\" content=\"Cerveza Sol lata mangoyada\" \/>\n<meta property=\"og:url\" content=\"https:\/\/saborcito.de\/de\/?product=cerveza-sol-lata-mangoyada\" \/>\n<meta property=\"og:site_name\" content=\"Saborcito\" \/>\n<meta property=\"article:modified_time\" content=\"2025-11-09T21:01:05+00:00\" \/>\n<meta property=\"og:image\" content=\"https:\/\/saborcito.de\/wp-content\/uploads\/2025\/09\/751078-1600-1600.png\" \/>\n\t<meta property=\"og:image:width\" content=\"1600\" \/>\n\t<meta property=\"og:image:height\" content=\"1600\" \/>\n\t<meta property=\"og:image:type\" content=\"image\/png\" \/>\n<meta name=\"twitter:card\" content=\"summary_large_image\" \/>\n<meta name=\"twitter:label1\" content=\"Gesch\u00e4tzte Lesezeit\" \/>\n\t<meta name=\"twitter:data1\" content=\"1\u00a0Minute\" \/>\n<script type=\"application\/ld+json\" class=\"yoast-schema-graph\">{\"@context\":\"https:\\\/\\\/schema.org\",\"@graph\":[{\"@type\":\"WebPage\",\"@id\":\"https:\\\/\\\/saborcito.de\\\/?product=cerveza-sol-lata-mangoyada\",\"url\":\"https:\\\/\\\/saborcito.de\\\/?product=cerveza-sol-lata-mangoyada\",\"name\":\"Cerveza Sol lata mangoyada - Saborcito\",\"isPartOf\":{\"@id\":\"https:\\\/\\\/saborcito.de\\\/#website\"},\"primaryImageOfPage\":{\"@id\":\"https:\\\/\\\/saborcito.de\\\/?product=cerveza-sol-lata-mangoyada#primaryimage\"},\"image\":{\"@id\":\"https:\\\/\\\/saborcito.de\\\/?product=cerveza-sol-lata-mangoyada#primaryimage\"},\"thumbnailUrl\":\"https:\\\/\\\/saborcito.de\\\/wp-content\\\/uploads\\\/2025\\\/09\\\/751078-1600-1600.png\",\"datePublished\":\"2025-09-28T19:30:20+00:00\",\"dateModified\":\"2025-11-09T21:01:05+00:00\",\"breadcrumb\":{\"@id\":\"https:\\\/\\\/saborcito.de\\\/?product=cerveza-sol-lata-mangoyada#breadcrumb\"},\"inLanguage\":\"de\",\"potentialAction\":[{\"@type\":\"ReadAction\",\"target\":[\"https:\\\/\\\/saborcito.de\\\/?product=cerveza-sol-lata-mangoyada\"]}]},{\"@type\":\"ImageObject\",\"inLanguage\":\"de\",\"@id\":\"https:\\\/\\\/saborcito.de\\\/?product=cerveza-sol-lata-mangoyada#primaryimage\",\"url\":\"https:\\\/\\\/saborcito.de\\\/wp-content\\\/uploads\\\/2025\\\/09\\\/751078-1600-1600.png\",\"contentUrl\":\"https:\\\/\\\/saborcito.de\\\/wp-content\\\/uploads\\\/2025\\\/09\\\/751078-1600-1600.png\",\"width\":1600,\"height\":1600},{\"@type\":\"BreadcrumbList\",\"@id\":\"https:\\\/\\\/saborcito.de\\\/?product=cerveza-sol-lata-mangoyada#breadcrumb\",\"itemListElement\":[{\"@type\":\"ListItem\",\"position\":1,\"name\":\"Home\",\"item\":\"https:\\\/\\\/saborcito.de\\\/de\\\/\"},{\"@type\":\"ListItem\",\"position\":2,\"name\":\"Tienda\",\"item\":\"https:\\\/\\\/saborcito.de\\\/de\\\/\"},{\"@type\":\"ListItem\",\"position\":3,\"name\":\"Cerveza Sol lata mangoyada\"}]},{\"@type\":\"WebSite\",\"@id\":\"https:\\\/\\\/saborcito.de\\\/#website\",\"url\":\"https:\\\/\\\/saborcito.de\\\/\",\"name\":\"Saborcito\",\"description\":\"\u00a1El sabor que extra\u00f1abas!\",\"publisher\":{\"@id\":\"https:\\\/\\\/saborcito.de\\\/#organization\"},\"potentialAction\":[{\"@type\":\"SearchAction\",\"target\":{\"@type\":\"EntryPoint\",\"urlTemplate\":\"https:\\\/\\\/saborcito.de\\\/?s={search_term_string}\"},\"query-input\":{\"@type\":\"PropertyValueSpecification\",\"valueRequired\":true,\"valueName\":\"search_term_string\"}}],\"inLanguage\":\"de\"},{\"@type\":\"Organization\",\"@id\":\"https:\\\/\\\/saborcito.de\\\/#organization\",\"name\":\"Saborcito\",\"url\":\"https:\\\/\\\/saborcito.de\\\/\",\"logo\":{\"@type\":\"ImageObject\",\"inLanguage\":\"de\",\"@id\":\"https:\\\/\\\/saborcito.de\\\/#\\\/schema\\\/logo\\\/image\\\/\",\"url\":\"https:\\\/\\\/saborcito.de\\\/wp-content\\\/uploads\\\/2025\\\/09\\\/Gemini_Generated_Image_u5txh9u5txh9u5tx.png\",\"contentUrl\":\"https:\\\/\\\/saborcito.de\\\/wp-content\\\/uploads\\\/2025\\\/09\\\/Gemini_Generated_Image_u5txh9u5txh9u5tx.png\",\"width\":1024,\"height\":330,\"caption\":\"Saborcito\"},\"image\":{\"@id\":\"https:\\\/\\\/saborcito.de\\\/#\\\/schema\\\/logo\\\/image\\\/\"}}]}<\/script>\n<!-- \/ Yoast SEO plugin. -->","yoast_head_json":{"title":"Cerveza Sol lata mangoyada - Saborcito","robots":{"index":"index","follow":"follow","max-snippet":"max-snippet:-1","max-image-preview":"max-image-preview:large","max-video-preview":"max-video-preview:-1"},"canonical":"https:\/\/saborcito.de\/de\/?product=cerveza-sol-lata-mangoyada","og_locale":"de_DE","og_type":"article","og_title":"Cerveza Sol lata mangoyada - Saborcito","og_description":"Cerveza Sol lata mangoyada","og_url":"https:\/\/saborcito.de\/de\/?product=cerveza-sol-lata-mangoyada","og_site_name":"Saborcito","article_modified_time":"2025-11-09T21:01:05+00:00","og_image":[{"width":1600,"height":1600,"url":"https:\/\/saborcito.de\/wp-content\/uploads\/2025\/09\/751078-1600-1600.png","type":"image\/png"}],"twitter_card":"summary_large_image","twitter_misc":{"Gesch\u00e4tzte Lesezeit":"1\u00a0Minute"},"schema":{"@context":"https:\/\/schema.org","@graph":[{"@type":"WebPage","@id":"https:\/\/saborcito.de\/?product=cerveza-sol-lata-mangoyada","url":"https:\/\/saborcito.de\/?product=cerveza-sol-lata-mangoyada","name":"Cerveza Sol lata mangoyada - Saborcito","isPartOf":{"@id":"https:\/\/saborcito.de\/#website"},"primaryImageOfPage":{"@id":"https:\/\/saborcito.de\/?product=cerveza-sol-lata-mangoyada#primaryimage"},"image":{"@id":"https:\/\/saborcito.de\/?product=cerveza-sol-lata-mangoyada#primaryimage"},"thumbnailUrl":"https:\/\/saborcito.de\/wp-content\/uploads\/2025\/09\/751078-1600-1600.png","datePublished":"2025-09-28T19:30:20+00:00","dateModified":"2025-11-09T21:01:05+00:00","breadcrumb":{"@id":"https:\/\/saborcito.de\/?product=cerveza-sol-lata-mangoyada#breadcrumb"},"inLanguage":"de","potentialAction":[{"@type":"ReadAction","target":["https:\/\/saborcito.de\/?product=cerveza-sol-lata-mangoyada"]}]},{"@type":"ImageObject","inLanguage":"de","@id":"https:\/\/saborcito.de\/?product=cerveza-sol-lata-mangoyada#primaryimage","url":"https:\/\/saborcito.de\/wp-content\/uploads\/2025\/09\/751078-1600-1600.png","contentUrl":"https:\/\/saborcito.de\/wp-content\/uploads\/2025\/09\/751078-1600-1600.png","width":1600,"height":1600},{"@type":"BreadcrumbList","@id":"https:\/\/saborcito.de\/?product=cerveza-sol-lata-mangoyada#breadcrumb","itemListElement":[{"@type":"ListItem","position":1,"name":"Home","item":"https:\/\/saborcito.de\/de\/"},{"@type":"ListItem","position":2,"name":"Tienda","item":"https:\/\/saborcito.de\/de\/"},{"@type":"ListItem","position":3,"name":"Cerveza Sol lata mangoyada"}]},{"@type":"WebSite","@id":"https:\/\/saborcito.de\/#website","url":"https:\/\/saborcito.de\/","name":"Saborcito","description":"\u00a1El sabor que extra\u00f1abas!","publisher":{"@id":"https:\/\/saborcito.de\/#organization"},"potentialAction":[{"@type":"SearchAction","target":{"@type":"EntryPoint","urlTemplate":"https:\/\/saborcito.de\/?s={search_term_string}"},"query-input":{"@type":"PropertyValueSpecification","valueRequired":true,"valueName":"search_term_string"}}],"inLanguage":"de"},{"@type":"Organization","@id":"https:\/\/saborcito.de\/#organization","name":"Saborcito","url":"https:\/\/saborcito.de\/","logo":{"@type":"ImageObject","inLanguage":"de","@id":"https:\/\/saborcito.de\/#\/schema\/logo\/image\/","url":"https:\/\/saborcito.de\/wp-content\/uploads\/2025\/09\/Gemini_Generated_Image_u5txh9u5txh9u5tx.png","contentUrl":"https:\/\/saborcito.de\/wp-content\/uploads\/2025\/09\/Gemini_Generated_Image_u5txh9u5txh9u5tx.png","width":1024,"height":330,"caption":"Saborcito"},"image":{"@id":"https:\/\/saborcito.de\/#\/schema\/logo\/image\/"}}]}},"jetpack_sharing_enabled":true,"_links":{"self":[{"href":"https:\/\/saborcito.de\/de\/wp-json\/wp\/v2\/product\/253","targetHints":{"allow":["GET"]}}],"collection":[{"href":"https:\/\/saborcito.de\/de\/wp-json\/wp\/v2\/product"}],"about":[{"href":"https:\/\/saborcito.de\/de\/wp-json\/wp\/v2\/types\/product"}],"replies":[{"embeddable":true,"href":"https:\/\/saborcito.de\/de\/wp-json\/wp\/v2\/comments?post=253"}],"wp:featuredmedia":[{"embeddable":true,"href":"https:\/\/saborcito.de\/de\/wp-json\/wp\/v2\/media\/151"}],"wp:attachment":[{"href":"https:\/\/saborcito.de\/de\/wp-json\/wp\/v2\/media?parent=253"}],"wp:term":[{"taxonomy":"product_brand","embeddable":true,"href":"https:\/\/saborcito.de\/de\/wp-json\/wp\/v2\/product_brand?post=253"},{"taxonomy":"product_cat","embeddable":true,"href":"https:\/\/saborcito.de\/de\/wp-json\/wp\/v2\/product_cat?post=253"},{"taxonomy":"product_tag","embeddable":true,"href":"https:\/\/saborcito.de\/de\/wp-json\/wp\/v2\/product_tag?post=253"}],"curies":[{"name":"wp","href":"https:\/\/api.w.org\/{rel}","templated":true}]}}