{"id":255,"date":"2025-09-28T19:30:20","date_gmt":"2025-09-28T19:30:20","guid":{"rendered":"https:\/\/saborcito.de\/?post_type=product&#038;p=255"},"modified":"2026-04-27T15:26:47","modified_gmt":"2026-04-27T15:26:47","slug":"horchata-mexquisita-700-ml","status":"publish","type":"product","link":"https:\/\/saborcito.de\/de\/product\/horchata-mexquisita-700-ml\/","title":{"rendered":"Horchata Mexquisita 700 ml."},"content":{"rendered":"<p>La horchata es una bebida dulce mexicana hecha con arroz, leche y canela. Es muy popular en todo M\u00e9xico. Mezcla el concentrado con agua para obtener una horchata deliciosa y refrescante. La botella de 700 ml rinde m\u00e1s de 4 litros de deliciosa horchata. Tambi\u00e9n se dice que ayuda con las enfermedades y la resaca.<\/p>","protected":false},"excerpt":{"rendered":"<p>Horchata Mexquisita 700 ml<\/p>","protected":false},"featured_media":170,"comment_status":"closed","ping_status":"closed","template":"","meta":[],"product_brand":[31],"product_cat":[19],"product_tag":[],"class_list":{"0":"post-255","1":"product","2":"type-product","3":"status-publish","4":"has-post-thumbnail","6":"product_brand-mexquisita","7":"product_cat-bebidas","9":"first","10":"instock","11":"taxable","12":"shipping-taxable","13":"purchasable","14":"product-type-simple"},"yoast_head":"<!-- This site is optimized with the Yoast SEO plugin v27.5 - https:\/\/yoast.com\/product\/yoast-seo-wordpress\/ -->\n<title>Horchata Mexquisita 700 ml. - Saborcito<\/title>\n<meta name=\"robots\" content=\"index, follow, max-snippet:-1, max-image-preview:large, max-video-preview:-1\" \/>\n<link rel=\"canonical\" href=\"https:\/\/saborcito.de\/de\/?product=horchata-mexquisita-700-ml\" \/>\n<meta property=\"og:locale\" content=\"de_DE\" \/>\n<meta property=\"og:type\" content=\"article\" \/>\n<meta property=\"og:title\" content=\"Horchata Mexquisita 700 ml. - Saborcito\" \/>\n<meta property=\"og:description\" content=\"Horchata Mexquisita 700 ml\" \/>\n<meta property=\"og:url\" content=\"https:\/\/saborcito.de\/de\/?product=horchata-mexquisita-700-ml\" \/>\n<meta property=\"og:site_name\" content=\"Saborcito\" \/>\n<meta property=\"article:modified_time\" content=\"2026-04-27T15:26:47+00:00\" \/>\n<meta property=\"og:image\" content=\"https:\/\/saborcito.de\/wp-content\/uploads\/2025\/09\/20408.webp\" \/>\n\t<meta property=\"og:image:width\" content=\"900\" \/>\n\t<meta property=\"og:image:height\" content=\"900\" \/>\n\t<meta property=\"og:image:type\" content=\"image\/webp\" \/>\n<meta name=\"twitter:card\" content=\"summary_large_image\" \/>\n<script type=\"application\/ld+json\" class=\"yoast-schema-graph\">{\"@context\":\"https:\\\/\\\/schema.org\",\"@graph\":[{\"@type\":\"WebPage\",\"@id\":\"https:\\\/\\\/saborcito.de\\\/?product=horchata-mexquisita-700-ml\",\"url\":\"https:\\\/\\\/saborcito.de\\\/?product=horchata-mexquisita-700-ml\",\"name\":\"Horchata Mexquisita 700 ml. - Saborcito\",\"isPartOf\":{\"@id\":\"https:\\\/\\\/saborcito.de\\\/#website\"},\"primaryImageOfPage\":{\"@id\":\"https:\\\/\\\/saborcito.de\\\/?product=horchata-mexquisita-700-ml#primaryimage\"},\"image\":{\"@id\":\"https:\\\/\\\/saborcito.de\\\/?product=horchata-mexquisita-700-ml#primaryimage\"},\"thumbnailUrl\":\"https:\\\/\\\/saborcito.de\\\/wp-content\\\/uploads\\\/2025\\\/09\\\/20408.webp\",\"datePublished\":\"2025-09-28T19:30:20+00:00\",\"dateModified\":\"2026-04-27T15:26:47+00:00\",\"breadcrumb\":{\"@id\":\"https:\\\/\\\/saborcito.de\\\/?product=horchata-mexquisita-700-ml#breadcrumb\"},\"inLanguage\":\"de\",\"potentialAction\":[{\"@type\":\"ReadAction\",\"target\":[\"https:\\\/\\\/saborcito.de\\\/?product=horchata-mexquisita-700-ml\"]}]},{\"@type\":\"ImageObject\",\"inLanguage\":\"de\",\"@id\":\"https:\\\/\\\/saborcito.de\\\/?product=horchata-mexquisita-700-ml#primaryimage\",\"url\":\"https:\\\/\\\/saborcito.de\\\/wp-content\\\/uploads\\\/2025\\\/09\\\/20408.webp\",\"contentUrl\":\"https:\\\/\\\/saborcito.de\\\/wp-content\\\/uploads\\\/2025\\\/09\\\/20408.webp\",\"width\":900,\"height\":900},{\"@type\":\"BreadcrumbList\",\"@id\":\"https:\\\/\\\/saborcito.de\\\/?product=horchata-mexquisita-700-ml#breadcrumb\",\"itemListElement\":[{\"@type\":\"ListItem\",\"position\":1,\"name\":\"Home\",\"item\":\"https:\\\/\\\/saborcito.de\\\/de\\\/\"},{\"@type\":\"ListItem\",\"position\":2,\"name\":\"Tienda\",\"item\":\"https:\\\/\\\/saborcito.de\\\/de\\\/\"},{\"@type\":\"ListItem\",\"position\":3,\"name\":\"Horchata Mexquisita 700 ml.\"}]},{\"@type\":\"WebSite\",\"@id\":\"https:\\\/\\\/saborcito.de\\\/#website\",\"url\":\"https:\\\/\\\/saborcito.de\\\/\",\"name\":\"Saborcito\",\"description\":\"\u00a1El sabor que extra\u00f1abas!\",\"publisher\":{\"@id\":\"https:\\\/\\\/saborcito.de\\\/#organization\"},\"potentialAction\":[{\"@type\":\"SearchAction\",\"target\":{\"@type\":\"EntryPoint\",\"urlTemplate\":\"https:\\\/\\\/saborcito.de\\\/?s={search_term_string}\"},\"query-input\":{\"@type\":\"PropertyValueSpecification\",\"valueRequired\":true,\"valueName\":\"search_term_string\"}}],\"inLanguage\":\"de\"},{\"@type\":\"Organization\",\"@id\":\"https:\\\/\\\/saborcito.de\\\/#organization\",\"name\":\"Saborcito\",\"url\":\"https:\\\/\\\/saborcito.de\\\/\",\"logo\":{\"@type\":\"ImageObject\",\"inLanguage\":\"de\",\"@id\":\"https:\\\/\\\/saborcito.de\\\/#\\\/schema\\\/logo\\\/image\\\/\",\"url\":\"https:\\\/\\\/saborcito.de\\\/wp-content\\\/uploads\\\/2025\\\/09\\\/Gemini_Generated_Image_u5txh9u5txh9u5tx.png\",\"contentUrl\":\"https:\\\/\\\/saborcito.de\\\/wp-content\\\/uploads\\\/2025\\\/09\\\/Gemini_Generated_Image_u5txh9u5txh9u5tx.png\",\"width\":1024,\"height\":330,\"caption\":\"Saborcito\"},\"image\":{\"@id\":\"https:\\\/\\\/saborcito.de\\\/#\\\/schema\\\/logo\\\/image\\\/\"}}]}<\/script>\n<!-- \/ Yoast SEO plugin. -->","yoast_head_json":{"title":"Horchata Mexquisita 700 ml. - Saborcito","robots":{"index":"index","follow":"follow","max-snippet":"max-snippet:-1","max-image-preview":"max-image-preview:large","max-video-preview":"max-video-preview:-1"},"canonical":"https:\/\/saborcito.de\/de\/?product=horchata-mexquisita-700-ml","og_locale":"de_DE","og_type":"article","og_title":"Horchata Mexquisita 700 ml. - Saborcito","og_description":"Horchata Mexquisita 700 ml","og_url":"https:\/\/saborcito.de\/de\/?product=horchata-mexquisita-700-ml","og_site_name":"Saborcito","article_modified_time":"2026-04-27T15:26:47+00:00","og_image":[{"width":900,"height":900,"url":"https:\/\/saborcito.de\/wp-content\/uploads\/2025\/09\/20408.webp","type":"image\/webp"}],"twitter_card":"summary_large_image","schema":{"@context":"https:\/\/schema.org","@graph":[{"@type":"WebPage","@id":"https:\/\/saborcito.de\/?product=horchata-mexquisita-700-ml","url":"https:\/\/saborcito.de\/?product=horchata-mexquisita-700-ml","name":"Horchata Mexquisita 700 ml. - Saborcito","isPartOf":{"@id":"https:\/\/saborcito.de\/#website"},"primaryImageOfPage":{"@id":"https:\/\/saborcito.de\/?product=horchata-mexquisita-700-ml#primaryimage"},"image":{"@id":"https:\/\/saborcito.de\/?product=horchata-mexquisita-700-ml#primaryimage"},"thumbnailUrl":"https:\/\/saborcito.de\/wp-content\/uploads\/2025\/09\/20408.webp","datePublished":"2025-09-28T19:30:20+00:00","dateModified":"2026-04-27T15:26:47+00:00","breadcrumb":{"@id":"https:\/\/saborcito.de\/?product=horchata-mexquisita-700-ml#breadcrumb"},"inLanguage":"de","potentialAction":[{"@type":"ReadAction","target":["https:\/\/saborcito.de\/?product=horchata-mexquisita-700-ml"]}]},{"@type":"ImageObject","inLanguage":"de","@id":"https:\/\/saborcito.de\/?product=horchata-mexquisita-700-ml#primaryimage","url":"https:\/\/saborcito.de\/wp-content\/uploads\/2025\/09\/20408.webp","contentUrl":"https:\/\/saborcito.de\/wp-content\/uploads\/2025\/09\/20408.webp","width":900,"height":900},{"@type":"BreadcrumbList","@id":"https:\/\/saborcito.de\/?product=horchata-mexquisita-700-ml#breadcrumb","itemListElement":[{"@type":"ListItem","position":1,"name":"Home","item":"https:\/\/saborcito.de\/de\/"},{"@type":"ListItem","position":2,"name":"Tienda","item":"https:\/\/saborcito.de\/de\/"},{"@type":"ListItem","position":3,"name":"Horchata Mexquisita 700 ml."}]},{"@type":"WebSite","@id":"https:\/\/saborcito.de\/#website","url":"https:\/\/saborcito.de\/","name":"Saborcito","description":"\u00a1El sabor que extra\u00f1abas!","publisher":{"@id":"https:\/\/saborcito.de\/#organization"},"potentialAction":[{"@type":"SearchAction","target":{"@type":"EntryPoint","urlTemplate":"https:\/\/saborcito.de\/?s={search_term_string}"},"query-input":{"@type":"PropertyValueSpecification","valueRequired":true,"valueName":"search_term_string"}}],"inLanguage":"de"},{"@type":"Organization","@id":"https:\/\/saborcito.de\/#organization","name":"Saborcito","url":"https:\/\/saborcito.de\/","logo":{"@type":"ImageObject","inLanguage":"de","@id":"https:\/\/saborcito.de\/#\/schema\/logo\/image\/","url":"https:\/\/saborcito.de\/wp-content\/uploads\/2025\/09\/Gemini_Generated_Image_u5txh9u5txh9u5tx.png","contentUrl":"https:\/\/saborcito.de\/wp-content\/uploads\/2025\/09\/Gemini_Generated_Image_u5txh9u5txh9u5tx.png","width":1024,"height":330,"caption":"Saborcito"},"image":{"@id":"https:\/\/saborcito.de\/#\/schema\/logo\/image\/"}}]}},"jetpack_sharing_enabled":true,"_links":{"self":[{"href":"https:\/\/saborcito.de\/de\/wp-json\/wp\/v2\/product\/255","targetHints":{"allow":["GET"]}}],"collection":[{"href":"https:\/\/saborcito.de\/de\/wp-json\/wp\/v2\/product"}],"about":[{"href":"https:\/\/saborcito.de\/de\/wp-json\/wp\/v2\/types\/product"}],"replies":[{"embeddable":true,"href":"https:\/\/saborcito.de\/de\/wp-json\/wp\/v2\/comments?post=255"}],"wp:featuredmedia":[{"embeddable":true,"href":"https:\/\/saborcito.de\/de\/wp-json\/wp\/v2\/media\/170"}],"wp:attachment":[{"href":"https:\/\/saborcito.de\/de\/wp-json\/wp\/v2\/media?parent=255"}],"wp:term":[{"taxonomy":"product_brand","embeddable":true,"href":"https:\/\/saborcito.de\/de\/wp-json\/wp\/v2\/product_brand?post=255"},{"taxonomy":"product_cat","embeddable":true,"href":"https:\/\/saborcito.de\/de\/wp-json\/wp\/v2\/product_cat?post=255"},{"taxonomy":"product_tag","embeddable":true,"href":"https:\/\/saborcito.de\/de\/wp-json\/wp\/v2\/product_tag?post=255"}],"curies":[{"name":"wp","href":"https:\/\/api.w.org\/{rel}","templated":true}]}}