{"id":257,"date":"2025-09-28T19:30:21","date_gmt":"2025-09-28T19:30:21","guid":{"rendered":"https:\/\/saborcito.de\/?post_type=product&#038;p=257"},"modified":"2026-04-21T04:24:41","modified_gmt":"2026-04-21T04:24:41","slug":"chile-poblano-en-rajas-220-gr-san-miguel","status":"publish","type":"product","link":"https:\/\/saborcito.de\/de\/product\/chile-poblano-en-rajas-220-gr-san-miguel\/","title":{"rendered":"Chile Poblano en Rajas 220 gr. San Miguel"},"content":{"rendered":"<p>\u00a1Descubre la variedad de chiles poblanos verdes en rajas de San Miguel! Estos chiles, tambi\u00e9n conocidos como Chiles Poblanos en espa\u00f1ol o Chiles Poblanos en ingl\u00e9s, provienen del centro y sur de M\u00e9xico y son un alimento b\u00e1sico en la cocina mexicana. Los chiles poblanos verdes se cortan en finas tiras para presentar de manera \u00f3ptima su textura \u00fanica y sabor caracter\u00edstico. Estos chiles son conocidos por su nivel medio de picante, lo que los convierte en un ingrediente vers\u00e1til en una variedad de platos.<\/p>","protected":false},"excerpt":{"rendered":"<p>Chile Poblano en Rajas 220 gr. San Migue<\/p>","protected":false},"featured_media":216,"comment_status":"closed","ping_status":"closed","template":"","meta":[],"product_brand":[32],"product_cat":[17,21],"product_tag":[],"class_list":{"0":"post-257","1":"product","2":"type-product","3":"status-publish","4":"has-post-thumbnail","6":"product_brand-san-miguel","7":"product_cat-chiles-y-salsas","8":"product_cat-ingredientes","10":"first","11":"instock","12":"taxable","13":"shipping-taxable","14":"purchasable","15":"product-type-simple"},"yoast_head":"<!-- This site is optimized with the Yoast SEO plugin v27.5 - https:\/\/yoast.com\/product\/yoast-seo-wordpress\/ -->\n<title>Chile Poblano en Rajas 220 gr. San Miguel - Saborcito<\/title>\n<meta name=\"robots\" content=\"index, follow, max-snippet:-1, max-image-preview:large, max-video-preview:-1\" \/>\n<link rel=\"canonical\" href=\"https:\/\/saborcito.de\/de\/?product=chile-poblano-en-rajas-220-gr-san-miguel\" \/>\n<meta property=\"og:locale\" content=\"de_DE\" \/>\n<meta property=\"og:type\" content=\"article\" \/>\n<meta property=\"og:title\" content=\"Chile Poblano en Rajas 220 gr. San Miguel - Saborcito\" \/>\n<meta property=\"og:description\" content=\"Chile Poblano en Rajas 220 gr. San Migue\" \/>\n<meta property=\"og:url\" content=\"https:\/\/saborcito.de\/de\/?product=chile-poblano-en-rajas-220-gr-san-miguel\" \/>\n<meta property=\"og:site_name\" content=\"Saborcito\" \/>\n<meta property=\"article:modified_time\" content=\"2026-04-21T04:24:41+00:00\" \/>\n<meta property=\"og:image\" content=\"https:\/\/saborcito.de\/wp-content\/uploads\/2025\/09\/San_Miguel_Chile_Poblano_en_tiras_220g_110gjpg-e1731330015341.webp\" \/>\n\t<meta property=\"og:image:width\" content=\"660\" \/>\n\t<meta property=\"og:image:height\" content=\"680\" \/>\n\t<meta property=\"og:image:type\" content=\"image\/webp\" \/>\n<meta name=\"twitter:card\" content=\"summary_large_image\" \/>\n<meta name=\"twitter:label1\" content=\"Gesch\u00e4tzte Lesezeit\" \/>\n\t<meta name=\"twitter:data1\" content=\"1\u00a0Minute\" \/>\n<script type=\"application\/ld+json\" class=\"yoast-schema-graph\">{\"@context\":\"https:\\\/\\\/schema.org\",\"@graph\":[{\"@type\":\"WebPage\",\"@id\":\"https:\\\/\\\/saborcito.de\\\/?product=chile-poblano-en-rajas-220-gr-san-miguel\",\"url\":\"https:\\\/\\\/saborcito.de\\\/?product=chile-poblano-en-rajas-220-gr-san-miguel\",\"name\":\"Chile Poblano en Rajas 220 gr. San Miguel - Saborcito\",\"isPartOf\":{\"@id\":\"https:\\\/\\\/saborcito.de\\\/#website\"},\"primaryImageOfPage\":{\"@id\":\"https:\\\/\\\/saborcito.de\\\/?product=chile-poblano-en-rajas-220-gr-san-miguel#primaryimage\"},\"image\":{\"@id\":\"https:\\\/\\\/saborcito.de\\\/?product=chile-poblano-en-rajas-220-gr-san-miguel#primaryimage\"},\"thumbnailUrl\":\"https:\\\/\\\/saborcito.de\\\/wp-content\\\/uploads\\\/2025\\\/09\\\/San_Miguel_Chile_Poblano_en_tiras_220g_110gjpg-e1731330015341.webp\",\"datePublished\":\"2025-09-28T19:30:21+00:00\",\"dateModified\":\"2026-04-21T04:24:41+00:00\",\"breadcrumb\":{\"@id\":\"https:\\\/\\\/saborcito.de\\\/?product=chile-poblano-en-rajas-220-gr-san-miguel#breadcrumb\"},\"inLanguage\":\"de\",\"potentialAction\":[{\"@type\":\"ReadAction\",\"target\":[\"https:\\\/\\\/saborcito.de\\\/?product=chile-poblano-en-rajas-220-gr-san-miguel\"]}]},{\"@type\":\"ImageObject\",\"inLanguage\":\"de\",\"@id\":\"https:\\\/\\\/saborcito.de\\\/?product=chile-poblano-en-rajas-220-gr-san-miguel#primaryimage\",\"url\":\"https:\\\/\\\/saborcito.de\\\/wp-content\\\/uploads\\\/2025\\\/09\\\/San_Miguel_Chile_Poblano_en_tiras_220g_110gjpg-e1731330015341.webp\",\"contentUrl\":\"https:\\\/\\\/saborcito.de\\\/wp-content\\\/uploads\\\/2025\\\/09\\\/San_Miguel_Chile_Poblano_en_tiras_220g_110gjpg-e1731330015341.webp\",\"width\":660,\"height\":680},{\"@type\":\"BreadcrumbList\",\"@id\":\"https:\\\/\\\/saborcito.de\\\/?product=chile-poblano-en-rajas-220-gr-san-miguel#breadcrumb\",\"itemListElement\":[{\"@type\":\"ListItem\",\"position\":1,\"name\":\"Home\",\"item\":\"https:\\\/\\\/saborcito.de\\\/de\\\/\"},{\"@type\":\"ListItem\",\"position\":2,\"name\":\"Tienda\",\"item\":\"https:\\\/\\\/saborcito.de\\\/de\\\/\"},{\"@type\":\"ListItem\",\"position\":3,\"name\":\"Chile Poblano en Rajas 220 gr. San Miguel\"}]},{\"@type\":\"WebSite\",\"@id\":\"https:\\\/\\\/saborcito.de\\\/#website\",\"url\":\"https:\\\/\\\/saborcito.de\\\/\",\"name\":\"Saborcito\",\"description\":\"\u00a1El sabor que extra\u00f1abas!\",\"publisher\":{\"@id\":\"https:\\\/\\\/saborcito.de\\\/#organization\"},\"potentialAction\":[{\"@type\":\"SearchAction\",\"target\":{\"@type\":\"EntryPoint\",\"urlTemplate\":\"https:\\\/\\\/saborcito.de\\\/?s={search_term_string}\"},\"query-input\":{\"@type\":\"PropertyValueSpecification\",\"valueRequired\":true,\"valueName\":\"search_term_string\"}}],\"inLanguage\":\"de\"},{\"@type\":\"Organization\",\"@id\":\"https:\\\/\\\/saborcito.de\\\/#organization\",\"name\":\"Saborcito\",\"url\":\"https:\\\/\\\/saborcito.de\\\/\",\"logo\":{\"@type\":\"ImageObject\",\"inLanguage\":\"de\",\"@id\":\"https:\\\/\\\/saborcito.de\\\/#\\\/schema\\\/logo\\\/image\\\/\",\"url\":\"https:\\\/\\\/saborcito.de\\\/wp-content\\\/uploads\\\/2025\\\/09\\\/Gemini_Generated_Image_u5txh9u5txh9u5tx.png\",\"contentUrl\":\"https:\\\/\\\/saborcito.de\\\/wp-content\\\/uploads\\\/2025\\\/09\\\/Gemini_Generated_Image_u5txh9u5txh9u5tx.png\",\"width\":1024,\"height\":330,\"caption\":\"Saborcito\"},\"image\":{\"@id\":\"https:\\\/\\\/saborcito.de\\\/#\\\/schema\\\/logo\\\/image\\\/\"}}]}<\/script>\n<!-- \/ Yoast SEO plugin. -->","yoast_head_json":{"title":"Chile Poblano en Rajas 220 gr. San Miguel - Saborcito","robots":{"index":"index","follow":"follow","max-snippet":"max-snippet:-1","max-image-preview":"max-image-preview:large","max-video-preview":"max-video-preview:-1"},"canonical":"https:\/\/saborcito.de\/de\/?product=chile-poblano-en-rajas-220-gr-san-miguel","og_locale":"de_DE","og_type":"article","og_title":"Chile Poblano en Rajas 220 gr. San Miguel - Saborcito","og_description":"Chile Poblano en Rajas 220 gr. San Migue","og_url":"https:\/\/saborcito.de\/de\/?product=chile-poblano-en-rajas-220-gr-san-miguel","og_site_name":"Saborcito","article_modified_time":"2026-04-21T04:24:41+00:00","og_image":[{"width":660,"height":680,"url":"https:\/\/saborcito.de\/wp-content\/uploads\/2025\/09\/San_Miguel_Chile_Poblano_en_tiras_220g_110gjpg-e1731330015341.webp","type":"image\/webp"}],"twitter_card":"summary_large_image","twitter_misc":{"Gesch\u00e4tzte Lesezeit":"1\u00a0Minute"},"schema":{"@context":"https:\/\/schema.org","@graph":[{"@type":"WebPage","@id":"https:\/\/saborcito.de\/?product=chile-poblano-en-rajas-220-gr-san-miguel","url":"https:\/\/saborcito.de\/?product=chile-poblano-en-rajas-220-gr-san-miguel","name":"Chile Poblano en Rajas 220 gr. San Miguel - Saborcito","isPartOf":{"@id":"https:\/\/saborcito.de\/#website"},"primaryImageOfPage":{"@id":"https:\/\/saborcito.de\/?product=chile-poblano-en-rajas-220-gr-san-miguel#primaryimage"},"image":{"@id":"https:\/\/saborcito.de\/?product=chile-poblano-en-rajas-220-gr-san-miguel#primaryimage"},"thumbnailUrl":"https:\/\/saborcito.de\/wp-content\/uploads\/2025\/09\/San_Miguel_Chile_Poblano_en_tiras_220g_110gjpg-e1731330015341.webp","datePublished":"2025-09-28T19:30:21+00:00","dateModified":"2026-04-21T04:24:41+00:00","breadcrumb":{"@id":"https:\/\/saborcito.de\/?product=chile-poblano-en-rajas-220-gr-san-miguel#breadcrumb"},"inLanguage":"de","potentialAction":[{"@type":"ReadAction","target":["https:\/\/saborcito.de\/?product=chile-poblano-en-rajas-220-gr-san-miguel"]}]},{"@type":"ImageObject","inLanguage":"de","@id":"https:\/\/saborcito.de\/?product=chile-poblano-en-rajas-220-gr-san-miguel#primaryimage","url":"https:\/\/saborcito.de\/wp-content\/uploads\/2025\/09\/San_Miguel_Chile_Poblano_en_tiras_220g_110gjpg-e1731330015341.webp","contentUrl":"https:\/\/saborcito.de\/wp-content\/uploads\/2025\/09\/San_Miguel_Chile_Poblano_en_tiras_220g_110gjpg-e1731330015341.webp","width":660,"height":680},{"@type":"BreadcrumbList","@id":"https:\/\/saborcito.de\/?product=chile-poblano-en-rajas-220-gr-san-miguel#breadcrumb","itemListElement":[{"@type":"ListItem","position":1,"name":"Home","item":"https:\/\/saborcito.de\/de\/"},{"@type":"ListItem","position":2,"name":"Tienda","item":"https:\/\/saborcito.de\/de\/"},{"@type":"ListItem","position":3,"name":"Chile Poblano en Rajas 220 gr. San Miguel"}]},{"@type":"WebSite","@id":"https:\/\/saborcito.de\/#website","url":"https:\/\/saborcito.de\/","name":"Saborcito","description":"\u00a1El sabor que extra\u00f1abas!","publisher":{"@id":"https:\/\/saborcito.de\/#organization"},"potentialAction":[{"@type":"SearchAction","target":{"@type":"EntryPoint","urlTemplate":"https:\/\/saborcito.de\/?s={search_term_string}"},"query-input":{"@type":"PropertyValueSpecification","valueRequired":true,"valueName":"search_term_string"}}],"inLanguage":"de"},{"@type":"Organization","@id":"https:\/\/saborcito.de\/#organization","name":"Saborcito","url":"https:\/\/saborcito.de\/","logo":{"@type":"ImageObject","inLanguage":"de","@id":"https:\/\/saborcito.de\/#\/schema\/logo\/image\/","url":"https:\/\/saborcito.de\/wp-content\/uploads\/2025\/09\/Gemini_Generated_Image_u5txh9u5txh9u5tx.png","contentUrl":"https:\/\/saborcito.de\/wp-content\/uploads\/2025\/09\/Gemini_Generated_Image_u5txh9u5txh9u5tx.png","width":1024,"height":330,"caption":"Saborcito"},"image":{"@id":"https:\/\/saborcito.de\/#\/schema\/logo\/image\/"}}]}},"jetpack_sharing_enabled":true,"_links":{"self":[{"href":"https:\/\/saborcito.de\/de\/wp-json\/wp\/v2\/product\/257","targetHints":{"allow":["GET"]}}],"collection":[{"href":"https:\/\/saborcito.de\/de\/wp-json\/wp\/v2\/product"}],"about":[{"href":"https:\/\/saborcito.de\/de\/wp-json\/wp\/v2\/types\/product"}],"replies":[{"embeddable":true,"href":"https:\/\/saborcito.de\/de\/wp-json\/wp\/v2\/comments?post=257"}],"wp:featuredmedia":[{"embeddable":true,"href":"https:\/\/saborcito.de\/de\/wp-json\/wp\/v2\/media\/216"}],"wp:attachment":[{"href":"https:\/\/saborcito.de\/de\/wp-json\/wp\/v2\/media?parent=257"}],"wp:term":[{"taxonomy":"product_brand","embeddable":true,"href":"https:\/\/saborcito.de\/de\/wp-json\/wp\/v2\/product_brand?post=257"},{"taxonomy":"product_cat","embeddable":true,"href":"https:\/\/saborcito.de\/de\/wp-json\/wp\/v2\/product_cat?post=257"},{"taxonomy":"product_tag","embeddable":true,"href":"https:\/\/saborcito.de\/de\/wp-json\/wp\/v2\/product_tag?post=257"}],"curies":[{"name":"wp","href":"https:\/\/api.w.org\/{rel}","templated":true}]}}