{"id":380,"date":"2025-12-16T11:05:49","date_gmt":"2025-12-16T11:05:49","guid":{"rendered":"https:\/\/saborcito.de\/product\/tortilla-de-maiz-nixtamalizada-las-luchas-mx\/"},"modified":"2026-04-27T17:56:38","modified_gmt":"2026-04-27T17:56:38","slug":"tortilla-de-maiz-nixtamalizada-las-luchas-mx","status":"publish","type":"product","link":"https:\/\/saborcito.de\/de\/product\/tortilla-de-maiz-nixtamalizada-las-luchas-mx\/","title":{"rendered":"Tortilla de Ma\u00edz Amarillo Nixtamalizada Las Luchas MX &#8211; 500 gr."},"content":{"rendered":"<p>La tortilla mexicana, es un tipo de pan plano, flexible y suave, elaborado con Ma\u00edz Nixtamalizado.<\/p>\n<p>Es la base de la preparaci\u00f3n de platillos como tacos y enchiladas y se utilizan para la fabricaci\u00f3n de Totopos y Tostadas.<\/p>\n<p>La nixtamalizaci\u00f3n es el proceso mediante el cual se realiza la cocci\u00f3n del ma\u00edz con agua y cal, para suavizar el grano, romper la c\u00e1scara y disolver y gelatinizar los almidones, lo que permite que se forme una masa maleable.<\/p>\n<p>Necesitan refrigeraci\u00f3n.<\/p>","protected":false},"excerpt":{"rendered":"<p>La tortilla mexicana, es un tipo de pan plano, flexible y suave, elaborado con Ma\u00edz Nixtamalizado. Es la base de la preparaci\u00f3n de platillos como tacos y enchiladas y se utilizan para la fabricaci\u00f3n de Totopos y Tostadas. La nixtamalizaci\u00f3n es el proceso mediante el cual se realiza la cocci\u00f3n del ma\u00edz con agua y [&hellip;]<\/p>\n","protected":false},"featured_media":378,"comment_status":"open","ping_status":"closed","template":"","meta":[],"product_brand":[],"product_cat":[22],"product_tag":[],"class_list":{"0":"post-380","1":"product","2":"type-product","3":"status-publish","4":"has-post-thumbnail","6":"product_cat-tortillas-y-tostadas","8":"first","9":"instock","10":"taxable","11":"shipping-taxable","12":"purchasable","13":"product-type-simple"},"yoast_head":"<!-- This site is optimized with the Yoast SEO plugin v27.5 - https:\/\/yoast.com\/product\/yoast-seo-wordpress\/ -->\n<title>Tortilla de Ma\u00edz Amarillo Nixtamalizada Las Luchas MX - 500 gr. - Saborcito<\/title>\n<meta name=\"robots\" content=\"index, follow, max-snippet:-1, max-image-preview:large, max-video-preview:-1\" \/>\n<link rel=\"canonical\" href=\"https:\/\/saborcito.de\/de\/product\/tortilla-de-maiz-nixtamalizada-las-luchas-mx\/\" \/>\n<meta property=\"og:locale\" content=\"de_DE\" \/>\n<meta property=\"og:type\" content=\"article\" \/>\n<meta property=\"og:title\" content=\"Tortilla de Ma\u00edz Amarillo Nixtamalizada Las Luchas MX - 500 gr. - Saborcito\" \/>\n<meta property=\"og:description\" content=\"La tortilla mexicana, es un tipo de pan plano, flexible y suave, elaborado con Ma\u00edz Nixtamalizado. Es la base de la preparaci\u00f3n de platillos como tacos y enchiladas y se utilizan para la fabricaci\u00f3n de Totopos y Tostadas. La nixtamalizaci\u00f3n es el proceso mediante el cual se realiza la cocci\u00f3n del ma\u00edz con agua y [&hellip;]\" \/>\n<meta property=\"og:url\" content=\"https:\/\/saborcito.de\/de\/product\/tortilla-de-maiz-nixtamalizada-las-luchas-mx\/\" \/>\n<meta property=\"og:site_name\" content=\"Saborcito\" \/>\n<meta property=\"article:modified_time\" content=\"2026-04-27T17:56:38+00:00\" \/>\n<meta property=\"og:image\" content=\"https:\/\/saborcito.de\/wp-content\/uploads\/2025\/12\/1000086700.jpg\" \/>\n\t<meta property=\"og:image:width\" content=\"768\" \/>\n\t<meta property=\"og:image:height\" content=\"810\" \/>\n\t<meta property=\"og:image:type\" content=\"image\/jpeg\" \/>\n<meta name=\"twitter:card\" content=\"summary_large_image\" \/>\n<script type=\"application\/ld+json\" class=\"yoast-schema-graph\">{\"@context\":\"https:\\\/\\\/schema.org\",\"@graph\":[{\"@type\":\"WebPage\",\"@id\":\"https:\\\/\\\/saborcito.de\\\/product\\\/tortilla-de-maiz-nixtamalizada-las-luchas-mx\\\/\",\"url\":\"https:\\\/\\\/saborcito.de\\\/product\\\/tortilla-de-maiz-nixtamalizada-las-luchas-mx\\\/\",\"name\":\"Tortilla de Ma\u00edz Amarillo Nixtamalizada Las Luchas MX - 500 gr. - Saborcito\",\"isPartOf\":{\"@id\":\"https:\\\/\\\/saborcito.de\\\/#website\"},\"primaryImageOfPage\":{\"@id\":\"https:\\\/\\\/saborcito.de\\\/product\\\/tortilla-de-maiz-nixtamalizada-las-luchas-mx\\\/#primaryimage\"},\"image\":{\"@id\":\"https:\\\/\\\/saborcito.de\\\/product\\\/tortilla-de-maiz-nixtamalizada-las-luchas-mx\\\/#primaryimage\"},\"thumbnailUrl\":\"https:\\\/\\\/saborcito.de\\\/wp-content\\\/uploads\\\/2025\\\/12\\\/1000086700.jpg\",\"datePublished\":\"2025-12-16T11:05:49+00:00\",\"dateModified\":\"2026-04-27T17:56:38+00:00\",\"breadcrumb\":{\"@id\":\"https:\\\/\\\/saborcito.de\\\/product\\\/tortilla-de-maiz-nixtamalizada-las-luchas-mx\\\/#breadcrumb\"},\"inLanguage\":\"de\",\"potentialAction\":[{\"@type\":\"ReadAction\",\"target\":[\"https:\\\/\\\/saborcito.de\\\/product\\\/tortilla-de-maiz-nixtamalizada-las-luchas-mx\\\/\"]}]},{\"@type\":\"ImageObject\",\"inLanguage\":\"de\",\"@id\":\"https:\\\/\\\/saborcito.de\\\/product\\\/tortilla-de-maiz-nixtamalizada-las-luchas-mx\\\/#primaryimage\",\"url\":\"https:\\\/\\\/saborcito.de\\\/wp-content\\\/uploads\\\/2025\\\/12\\\/1000086700.jpg\",\"contentUrl\":\"https:\\\/\\\/saborcito.de\\\/wp-content\\\/uploads\\\/2025\\\/12\\\/1000086700.jpg\",\"width\":768,\"height\":810},{\"@type\":\"BreadcrumbList\",\"@id\":\"https:\\\/\\\/saborcito.de\\\/product\\\/tortilla-de-maiz-nixtamalizada-las-luchas-mx\\\/#breadcrumb\",\"itemListElement\":[{\"@type\":\"ListItem\",\"position\":1,\"name\":\"Home\",\"item\":\"https:\\\/\\\/saborcito.de\\\/de\\\/\"},{\"@type\":\"ListItem\",\"position\":2,\"name\":\"Tienda\",\"item\":\"https:\\\/\\\/saborcito.de\\\/de\\\/\"},{\"@type\":\"ListItem\",\"position\":3,\"name\":\"Tortilla de Ma\u00edz Amarillo Nixtamalizada Las Luchas MX &#8211; 500 gr.\"}]},{\"@type\":\"WebSite\",\"@id\":\"https:\\\/\\\/saborcito.de\\\/#website\",\"url\":\"https:\\\/\\\/saborcito.de\\\/\",\"name\":\"Saborcito\",\"description\":\"\u00a1El sabor que extra\u00f1abas!\",\"publisher\":{\"@id\":\"https:\\\/\\\/saborcito.de\\\/#organization\"},\"potentialAction\":[{\"@type\":\"SearchAction\",\"target\":{\"@type\":\"EntryPoint\",\"urlTemplate\":\"https:\\\/\\\/saborcito.de\\\/?s={search_term_string}\"},\"query-input\":{\"@type\":\"PropertyValueSpecification\",\"valueRequired\":true,\"valueName\":\"search_term_string\"}}],\"inLanguage\":\"de\"},{\"@type\":\"Organization\",\"@id\":\"https:\\\/\\\/saborcito.de\\\/#organization\",\"name\":\"Saborcito\",\"url\":\"https:\\\/\\\/saborcito.de\\\/\",\"logo\":{\"@type\":\"ImageObject\",\"inLanguage\":\"de\",\"@id\":\"https:\\\/\\\/saborcito.de\\\/#\\\/schema\\\/logo\\\/image\\\/\",\"url\":\"https:\\\/\\\/saborcito.de\\\/wp-content\\\/uploads\\\/2025\\\/09\\\/Gemini_Generated_Image_u5txh9u5txh9u5tx.png\",\"contentUrl\":\"https:\\\/\\\/saborcito.de\\\/wp-content\\\/uploads\\\/2025\\\/09\\\/Gemini_Generated_Image_u5txh9u5txh9u5tx.png\",\"width\":1024,\"height\":330,\"caption\":\"Saborcito\"},\"image\":{\"@id\":\"https:\\\/\\\/saborcito.de\\\/#\\\/schema\\\/logo\\\/image\\\/\"}}]}<\/script>\n<!-- \/ Yoast SEO plugin. -->","yoast_head_json":{"title":"Tortilla de Ma\u00edz Amarillo Nixtamalizada Las Luchas MX - 500 gr. - Saborcito","robots":{"index":"index","follow":"follow","max-snippet":"max-snippet:-1","max-image-preview":"max-image-preview:large","max-video-preview":"max-video-preview:-1"},"canonical":"https:\/\/saborcito.de\/de\/product\/tortilla-de-maiz-nixtamalizada-las-luchas-mx\/","og_locale":"de_DE","og_type":"article","og_title":"Tortilla de Ma\u00edz Amarillo Nixtamalizada Las Luchas MX - 500 gr. - Saborcito","og_description":"La tortilla mexicana, es un tipo de pan plano, flexible y suave, elaborado con Ma\u00edz Nixtamalizado. Es la base de la preparaci\u00f3n de platillos como tacos y enchiladas y se utilizan para la fabricaci\u00f3n de Totopos y Tostadas. La nixtamalizaci\u00f3n es el proceso mediante el cual se realiza la cocci\u00f3n del ma\u00edz con agua y [&hellip;]","og_url":"https:\/\/saborcito.de\/de\/product\/tortilla-de-maiz-nixtamalizada-las-luchas-mx\/","og_site_name":"Saborcito","article_modified_time":"2026-04-27T17:56:38+00:00","og_image":[{"width":768,"height":810,"url":"https:\/\/saborcito.de\/wp-content\/uploads\/2025\/12\/1000086700.jpg","type":"image\/jpeg"}],"twitter_card":"summary_large_image","schema":{"@context":"https:\/\/schema.org","@graph":[{"@type":"WebPage","@id":"https:\/\/saborcito.de\/product\/tortilla-de-maiz-nixtamalizada-las-luchas-mx\/","url":"https:\/\/saborcito.de\/product\/tortilla-de-maiz-nixtamalizada-las-luchas-mx\/","name":"Tortilla de Ma\u00edz Amarillo Nixtamalizada Las Luchas MX - 500 gr. - Saborcito","isPartOf":{"@id":"https:\/\/saborcito.de\/#website"},"primaryImageOfPage":{"@id":"https:\/\/saborcito.de\/product\/tortilla-de-maiz-nixtamalizada-las-luchas-mx\/#primaryimage"},"image":{"@id":"https:\/\/saborcito.de\/product\/tortilla-de-maiz-nixtamalizada-las-luchas-mx\/#primaryimage"},"thumbnailUrl":"https:\/\/saborcito.de\/wp-content\/uploads\/2025\/12\/1000086700.jpg","datePublished":"2025-12-16T11:05:49+00:00","dateModified":"2026-04-27T17:56:38+00:00","breadcrumb":{"@id":"https:\/\/saborcito.de\/product\/tortilla-de-maiz-nixtamalizada-las-luchas-mx\/#breadcrumb"},"inLanguage":"de","potentialAction":[{"@type":"ReadAction","target":["https:\/\/saborcito.de\/product\/tortilla-de-maiz-nixtamalizada-las-luchas-mx\/"]}]},{"@type":"ImageObject","inLanguage":"de","@id":"https:\/\/saborcito.de\/product\/tortilla-de-maiz-nixtamalizada-las-luchas-mx\/#primaryimage","url":"https:\/\/saborcito.de\/wp-content\/uploads\/2025\/12\/1000086700.jpg","contentUrl":"https:\/\/saborcito.de\/wp-content\/uploads\/2025\/12\/1000086700.jpg","width":768,"height":810},{"@type":"BreadcrumbList","@id":"https:\/\/saborcito.de\/product\/tortilla-de-maiz-nixtamalizada-las-luchas-mx\/#breadcrumb","itemListElement":[{"@type":"ListItem","position":1,"name":"Home","item":"https:\/\/saborcito.de\/de\/"},{"@type":"ListItem","position":2,"name":"Tienda","item":"https:\/\/saborcito.de\/de\/"},{"@type":"ListItem","position":3,"name":"Tortilla de Ma\u00edz Amarillo Nixtamalizada Las Luchas MX &#8211; 500 gr."}]},{"@type":"WebSite","@id":"https:\/\/saborcito.de\/#website","url":"https:\/\/saborcito.de\/","name":"Saborcito","description":"\u00a1El sabor que extra\u00f1abas!","publisher":{"@id":"https:\/\/saborcito.de\/#organization"},"potentialAction":[{"@type":"SearchAction","target":{"@type":"EntryPoint","urlTemplate":"https:\/\/saborcito.de\/?s={search_term_string}"},"query-input":{"@type":"PropertyValueSpecification","valueRequired":true,"valueName":"search_term_string"}}],"inLanguage":"de"},{"@type":"Organization","@id":"https:\/\/saborcito.de\/#organization","name":"Saborcito","url":"https:\/\/saborcito.de\/","logo":{"@type":"ImageObject","inLanguage":"de","@id":"https:\/\/saborcito.de\/#\/schema\/logo\/image\/","url":"https:\/\/saborcito.de\/wp-content\/uploads\/2025\/09\/Gemini_Generated_Image_u5txh9u5txh9u5tx.png","contentUrl":"https:\/\/saborcito.de\/wp-content\/uploads\/2025\/09\/Gemini_Generated_Image_u5txh9u5txh9u5tx.png","width":1024,"height":330,"caption":"Saborcito"},"image":{"@id":"https:\/\/saborcito.de\/#\/schema\/logo\/image\/"}}]}},"jetpack_sharing_enabled":true,"_links":{"self":[{"href":"https:\/\/saborcito.de\/de\/wp-json\/wp\/v2\/product\/380","targetHints":{"allow":["GET"]}}],"collection":[{"href":"https:\/\/saborcito.de\/de\/wp-json\/wp\/v2\/product"}],"about":[{"href":"https:\/\/saborcito.de\/de\/wp-json\/wp\/v2\/types\/product"}],"replies":[{"embeddable":true,"href":"https:\/\/saborcito.de\/de\/wp-json\/wp\/v2\/comments?post=380"}],"wp:featuredmedia":[{"embeddable":true,"href":"https:\/\/saborcito.de\/de\/wp-json\/wp\/v2\/media\/378"}],"wp:attachment":[{"href":"https:\/\/saborcito.de\/de\/wp-json\/wp\/v2\/media?parent=380"}],"wp:term":[{"taxonomy":"product_brand","embeddable":true,"href":"https:\/\/saborcito.de\/de\/wp-json\/wp\/v2\/product_brand?post=380"},{"taxonomy":"product_cat","embeddable":true,"href":"https:\/\/saborcito.de\/de\/wp-json\/wp\/v2\/product_cat?post=380"},{"taxonomy":"product_tag","embeddable":true,"href":"https:\/\/saborcito.de\/de\/wp-json\/wp\/v2\/product_tag?post=380"}],"curies":[{"name":"wp","href":"https:\/\/api.w.org\/{rel}","templated":true}]}}