{"id":413,"date":"2026-01-15T15:44:45","date_gmt":"2026-01-15T15:44:45","guid":{"rendered":"https:\/\/saborcito.de\/product\/totopo-triangular-500-gr\/"},"modified":"2026-04-13T14:37:51","modified_gmt":"2026-04-13T14:37:51","slug":"totopo-triangular-500-gr","status":"publish","type":"product","link":"https:\/\/saborcito.de\/de\/product\/totopo-triangular-500-gr\/","title":{"rendered":"Totopo triangular &#8211; 500 gr."},"content":{"rendered":"<p>El totopo mexicano es un producto a base de trozos de tortilla de ma\u00edz nixtamalizada, deshidratada y frita, hasta obtener una textura crujiente.<\/p>\n<p>El totopo es utilizado para acompa\u00f1ar pastas como frijoles, guacamoles o diversas salsas. Tambi\u00e9n se utiliza para la elaboraci\u00f3n de Chilaquiles y Nachos.<\/p>\n<p>Se le conoce coloquialmente como Nachos, aunque este t\u00e9rmino corresponde a un platillo preparado con Totopos cubiertos con queso, nata, y otros ingredientes como guacamole, carne, etc.<\/p>","protected":false},"excerpt":{"rendered":"<p>El totopo mexicano es un producto a base de trozos de tortilla de ma\u00edz nixtamalizada, deshidratada y frita, hasta obtener una textura crujiente. El totopo es utilizado para acompa\u00f1ar pastas como frijoles, guacamoles o diversas salsas. Tambi\u00e9n se utiliza para la elaboraci\u00f3n de Chilaquiles y Nachos. Se le conoce coloquialmente como Nachos, aunque este t\u00e9rmino [&hellip;]<\/p>\n","protected":false},"featured_media":407,"comment_status":"open","ping_status":"closed","template":"","meta":[],"product_brand":[],"product_cat":[22],"product_tag":[],"class_list":{"0":"post-413","1":"product","2":"type-product","3":"status-publish","4":"has-post-thumbnail","6":"product_cat-tortillas-y-tostadas","8":"first","9":"outofstock","10":"taxable","11":"shipping-taxable","12":"purchasable","13":"product-type-simple"},"yoast_head":"<!-- This site is optimized with the Yoast SEO plugin v27.5 - https:\/\/yoast.com\/product\/yoast-seo-wordpress\/ -->\n<title>Totopo triangular - 500 gr. - Saborcito<\/title>\n<meta name=\"robots\" content=\"index, follow, max-snippet:-1, max-image-preview:large, max-video-preview:-1\" \/>\n<link rel=\"canonical\" href=\"https:\/\/saborcito.de\/de\/product\/totopo-triangular-500-gr\/\" \/>\n<meta property=\"og:locale\" content=\"de_DE\" \/>\n<meta property=\"og:type\" content=\"article\" \/>\n<meta property=\"og:title\" content=\"Totopo triangular - 500 gr. - Saborcito\" \/>\n<meta property=\"og:description\" content=\"El totopo mexicano es un producto a base de trozos de tortilla de ma\u00edz nixtamalizada, deshidratada y frita, hasta obtener una textura crujiente. El totopo es utilizado para acompa\u00f1ar pastas como frijoles, guacamoles o diversas salsas. Tambi\u00e9n se utiliza para la elaboraci\u00f3n de Chilaquiles y Nachos. Se le conoce coloquialmente como Nachos, aunque este t\u00e9rmino [&hellip;]\" \/>\n<meta property=\"og:url\" content=\"https:\/\/saborcito.de\/de\/product\/totopo-triangular-500-gr\/\" \/>\n<meta property=\"og:site_name\" content=\"Saborcito\" \/>\n<meta property=\"article:modified_time\" content=\"2026-04-13T14:37:51+00:00\" \/>\n<meta name=\"twitter:card\" content=\"summary_large_image\" \/>\n<script type=\"application\/ld+json\" class=\"yoast-schema-graph\">{\"@context\":\"https:\\\/\\\/schema.org\",\"@graph\":[{\"@type\":\"WebPage\",\"@id\":\"https:\\\/\\\/saborcito.de\\\/product\\\/totopo-triangular-500-gr\\\/\",\"url\":\"https:\\\/\\\/saborcito.de\\\/product\\\/totopo-triangular-500-gr\\\/\",\"name\":\"Totopo triangular - 500 gr. - Saborcito\",\"isPartOf\":{\"@id\":\"https:\\\/\\\/saborcito.de\\\/#website\"},\"primaryImageOfPage\":{\"@id\":\"https:\\\/\\\/saborcito.de\\\/product\\\/totopo-triangular-500-gr\\\/#primaryimage\"},\"image\":{\"@id\":\"https:\\\/\\\/saborcito.de\\\/product\\\/totopo-triangular-500-gr\\\/#primaryimage\"},\"thumbnailUrl\":\"https:\\\/\\\/saborcito.de\\\/wp-content\\\/uploads\\\/2026\\\/01\\\/1000091274.jpg\",\"datePublished\":\"2026-01-15T15:44:45+00:00\",\"dateModified\":\"2026-04-13T14:37:51+00:00\",\"breadcrumb\":{\"@id\":\"https:\\\/\\\/saborcito.de\\\/product\\\/totopo-triangular-500-gr\\\/#breadcrumb\"},\"inLanguage\":\"de\",\"potentialAction\":[{\"@type\":\"ReadAction\",\"target\":[\"https:\\\/\\\/saborcito.de\\\/product\\\/totopo-triangular-500-gr\\\/\"]}]},{\"@type\":\"ImageObject\",\"inLanguage\":\"de\",\"@id\":\"https:\\\/\\\/saborcito.de\\\/product\\\/totopo-triangular-500-gr\\\/#primaryimage\",\"url\":\"https:\\\/\\\/saborcito.de\\\/wp-content\\\/uploads\\\/2026\\\/01\\\/1000091274.jpg\",\"contentUrl\":\"https:\\\/\\\/saborcito.de\\\/wp-content\\\/uploads\\\/2026\\\/01\\\/1000091274.jpg\",\"width\":768,\"height\":810},{\"@type\":\"BreadcrumbList\",\"@id\":\"https:\\\/\\\/saborcito.de\\\/product\\\/totopo-triangular-500-gr\\\/#breadcrumb\",\"itemListElement\":[{\"@type\":\"ListItem\",\"position\":1,\"name\":\"Home\",\"item\":\"https:\\\/\\\/saborcito.de\\\/de\\\/\"},{\"@type\":\"ListItem\",\"position\":2,\"name\":\"Tienda\",\"item\":\"https:\\\/\\\/saborcito.de\\\/de\\\/\"},{\"@type\":\"ListItem\",\"position\":3,\"name\":\"Totopo triangular &#8211; 500 gr.\"}]},{\"@type\":\"WebSite\",\"@id\":\"https:\\\/\\\/saborcito.de\\\/#website\",\"url\":\"https:\\\/\\\/saborcito.de\\\/\",\"name\":\"Saborcito\",\"description\":\"\u00a1El sabor que extra\u00f1abas!\",\"publisher\":{\"@id\":\"https:\\\/\\\/saborcito.de\\\/#organization\"},\"potentialAction\":[{\"@type\":\"SearchAction\",\"target\":{\"@type\":\"EntryPoint\",\"urlTemplate\":\"https:\\\/\\\/saborcito.de\\\/?s={search_term_string}\"},\"query-input\":{\"@type\":\"PropertyValueSpecification\",\"valueRequired\":true,\"valueName\":\"search_term_string\"}}],\"inLanguage\":\"de\"},{\"@type\":\"Organization\",\"@id\":\"https:\\\/\\\/saborcito.de\\\/#organization\",\"name\":\"Saborcito\",\"url\":\"https:\\\/\\\/saborcito.de\\\/\",\"logo\":{\"@type\":\"ImageObject\",\"inLanguage\":\"de\",\"@id\":\"https:\\\/\\\/saborcito.de\\\/#\\\/schema\\\/logo\\\/image\\\/\",\"url\":\"https:\\\/\\\/saborcito.de\\\/wp-content\\\/uploads\\\/2025\\\/09\\\/Gemini_Generated_Image_u5txh9u5txh9u5tx.png\",\"contentUrl\":\"https:\\\/\\\/saborcito.de\\\/wp-content\\\/uploads\\\/2025\\\/09\\\/Gemini_Generated_Image_u5txh9u5txh9u5tx.png\",\"width\":1024,\"height\":330,\"caption\":\"Saborcito\"},\"image\":{\"@id\":\"https:\\\/\\\/saborcito.de\\\/#\\\/schema\\\/logo\\\/image\\\/\"}}]}<\/script>\n<!-- \/ Yoast SEO plugin. -->","yoast_head_json":{"title":"Totopo triangular - 500 gr. - Saborcito","robots":{"index":"index","follow":"follow","max-snippet":"max-snippet:-1","max-image-preview":"max-image-preview:large","max-video-preview":"max-video-preview:-1"},"canonical":"https:\/\/saborcito.de\/de\/product\/totopo-triangular-500-gr\/","og_locale":"de_DE","og_type":"article","og_title":"Totopo triangular - 500 gr. - Saborcito","og_description":"El totopo mexicano es un producto a base de trozos de tortilla de ma\u00edz nixtamalizada, deshidratada y frita, hasta obtener una textura crujiente. El totopo es utilizado para acompa\u00f1ar pastas como frijoles, guacamoles o diversas salsas. Tambi\u00e9n se utiliza para la elaboraci\u00f3n de Chilaquiles y Nachos. Se le conoce coloquialmente como Nachos, aunque este t\u00e9rmino [&hellip;]","og_url":"https:\/\/saborcito.de\/de\/product\/totopo-triangular-500-gr\/","og_site_name":"Saborcito","article_modified_time":"2026-04-13T14:37:51+00:00","twitter_card":"summary_large_image","schema":{"@context":"https:\/\/schema.org","@graph":[{"@type":"WebPage","@id":"https:\/\/saborcito.de\/product\/totopo-triangular-500-gr\/","url":"https:\/\/saborcito.de\/product\/totopo-triangular-500-gr\/","name":"Totopo triangular - 500 gr. - Saborcito","isPartOf":{"@id":"https:\/\/saborcito.de\/#website"},"primaryImageOfPage":{"@id":"https:\/\/saborcito.de\/product\/totopo-triangular-500-gr\/#primaryimage"},"image":{"@id":"https:\/\/saborcito.de\/product\/totopo-triangular-500-gr\/#primaryimage"},"thumbnailUrl":"https:\/\/saborcito.de\/wp-content\/uploads\/2026\/01\/1000091274.jpg","datePublished":"2026-01-15T15:44:45+00:00","dateModified":"2026-04-13T14:37:51+00:00","breadcrumb":{"@id":"https:\/\/saborcito.de\/product\/totopo-triangular-500-gr\/#breadcrumb"},"inLanguage":"de","potentialAction":[{"@type":"ReadAction","target":["https:\/\/saborcito.de\/product\/totopo-triangular-500-gr\/"]}]},{"@type":"ImageObject","inLanguage":"de","@id":"https:\/\/saborcito.de\/product\/totopo-triangular-500-gr\/#primaryimage","url":"https:\/\/saborcito.de\/wp-content\/uploads\/2026\/01\/1000091274.jpg","contentUrl":"https:\/\/saborcito.de\/wp-content\/uploads\/2026\/01\/1000091274.jpg","width":768,"height":810},{"@type":"BreadcrumbList","@id":"https:\/\/saborcito.de\/product\/totopo-triangular-500-gr\/#breadcrumb","itemListElement":[{"@type":"ListItem","position":1,"name":"Home","item":"https:\/\/saborcito.de\/de\/"},{"@type":"ListItem","position":2,"name":"Tienda","item":"https:\/\/saborcito.de\/de\/"},{"@type":"ListItem","position":3,"name":"Totopo triangular &#8211; 500 gr."}]},{"@type":"WebSite","@id":"https:\/\/saborcito.de\/#website","url":"https:\/\/saborcito.de\/","name":"Saborcito","description":"\u00a1El sabor que extra\u00f1abas!","publisher":{"@id":"https:\/\/saborcito.de\/#organization"},"potentialAction":[{"@type":"SearchAction","target":{"@type":"EntryPoint","urlTemplate":"https:\/\/saborcito.de\/?s={search_term_string}"},"query-input":{"@type":"PropertyValueSpecification","valueRequired":true,"valueName":"search_term_string"}}],"inLanguage":"de"},{"@type":"Organization","@id":"https:\/\/saborcito.de\/#organization","name":"Saborcito","url":"https:\/\/saborcito.de\/","logo":{"@type":"ImageObject","inLanguage":"de","@id":"https:\/\/saborcito.de\/#\/schema\/logo\/image\/","url":"https:\/\/saborcito.de\/wp-content\/uploads\/2025\/09\/Gemini_Generated_Image_u5txh9u5txh9u5tx.png","contentUrl":"https:\/\/saborcito.de\/wp-content\/uploads\/2025\/09\/Gemini_Generated_Image_u5txh9u5txh9u5tx.png","width":1024,"height":330,"caption":"Saborcito"},"image":{"@id":"https:\/\/saborcito.de\/#\/schema\/logo\/image\/"}}]}},"jetpack_sharing_enabled":true,"_links":{"self":[{"href":"https:\/\/saborcito.de\/de\/wp-json\/wp\/v2\/product\/413","targetHints":{"allow":["GET"]}}],"collection":[{"href":"https:\/\/saborcito.de\/de\/wp-json\/wp\/v2\/product"}],"about":[{"href":"https:\/\/saborcito.de\/de\/wp-json\/wp\/v2\/types\/product"}],"replies":[{"embeddable":true,"href":"https:\/\/saborcito.de\/de\/wp-json\/wp\/v2\/comments?post=413"}],"wp:featuredmedia":[{"embeddable":true,"href":"https:\/\/saborcito.de\/de\/wp-json\/wp\/v2\/media\/407"}],"wp:attachment":[{"href":"https:\/\/saborcito.de\/de\/wp-json\/wp\/v2\/media?parent=413"}],"wp:term":[{"taxonomy":"product_brand","embeddable":true,"href":"https:\/\/saborcito.de\/de\/wp-json\/wp\/v2\/product_brand?post=413"},{"taxonomy":"product_cat","embeddable":true,"href":"https:\/\/saborcito.de\/de\/wp-json\/wp\/v2\/product_cat?post=413"},{"taxonomy":"product_tag","embeddable":true,"href":"https:\/\/saborcito.de\/de\/wp-json\/wp\/v2\/product_tag?post=413"}],"curies":[{"name":"wp","href":"https:\/\/api.w.org\/{rel}","templated":true}]}}