{"id":447,"date":"2026-03-03T21:38:09","date_gmt":"2026-03-03T21:38:09","guid":{"rendered":"https:\/\/saborcito.de\/product\/producto\/"},"modified":"2026-04-26T21:07:43","modified_gmt":"2026-04-26T21:07:43","slug":"producto","status":"publish","type":"product","link":"https:\/\/saborcito.de\/de\/product\/producto\/","title":{"rendered":"Totopos Ma\u00edz Maya 400gr."},"content":{"rendered":"<p>Los cl\u00e1sicos totopos de Ma\u00edz nixtamalizado para tus reuniones y platillos aut\u00e9nticamente mexicanos.<\/p>\n<p>Estos deliciosos totopos fritos son ideales para botanas, chilaquiles, nachos, etc.<\/p>\n<p>\u00a1Atenci\u00f3n! \u00a1Los totopos cl\u00e1sicos de Ma\u00edz Maya son altamente adictivos!<\/p>\n<p>\u2705  Sin gluten<\/p>\n<p>\u2705  Sin conservantes<\/p>\n<p>\u2705  Sin transg\u00e9nicos<\/p>\n<p>\u2705  Nixtamalizaci\u00f3n.<\/p>\n<p>\u2705  Receta 100% Mexicana \ud83c\uddf2\ud83c\uddfd<\/p>","protected":false},"excerpt":{"rendered":"<p>Los cl\u00e1sicos totopos de Ma\u00edz nixtamalizado para tus reuniones y platillos aut\u00e9nticamente mexicanos. Estos deliciosos totopos fritos son ideales para botanas, chilaquiles, nachos, etc. \u00a1Atenci\u00f3n! \u00a1Los totopos cl\u00e1sicos de Ma\u00edz Maya son altamente adictivos! \u2705 Sin gluten \u2705 Sin conservantes \u2705 Sin transg\u00e9nicos \u2705 Nixtamalizaci\u00f3n. \u2705 Receta 100% Mexicana \ud83c\uddf2\ud83c\uddfd<\/p>","protected":false},"featured_media":446,"comment_status":"open","ping_status":"closed","template":"","meta":[],"product_brand":[],"product_cat":[22],"product_tag":[],"class_list":{"0":"post-447","1":"product","2":"type-product","3":"status-publish","4":"has-post-thumbnail","6":"product_cat-tortillas-y-tostadas","8":"first","9":"instock","10":"taxable","11":"shipping-taxable","12":"purchasable","13":"product-type-simple"},"yoast_head":"<!-- This site is optimized with the Yoast SEO plugin v27.5 - https:\/\/yoast.com\/product\/yoast-seo-wordpress\/ -->\n<title>Totopos Ma\u00edz Maya 400gr. - Saborcito<\/title>\n<meta name=\"robots\" content=\"index, follow, max-snippet:-1, max-image-preview:large, max-video-preview:-1\" \/>\n<link rel=\"canonical\" href=\"https:\/\/saborcito.de\/de\/product\/producto\/\" \/>\n<meta property=\"og:locale\" content=\"de_DE\" \/>\n<meta property=\"og:type\" content=\"article\" \/>\n<meta property=\"og:title\" content=\"Totopos Ma\u00edz Maya 400gr. - Saborcito\" \/>\n<meta property=\"og:description\" content=\"Los cl\u00e1sicos totopos de Ma\u00edz nixtamalizado para tus reuniones y platillos aut\u00e9nticamente mexicanos. Estos deliciosos totopos fritos son ideales para botanas, chilaquiles, nachos, etc. \u00a1Atenci\u00f3n! \u00a1Los totopos cl\u00e1sicos de Ma\u00edz Maya son altamente adictivos! \u2705 Sin gluten \u2705 Sin conservantes \u2705 Sin transg\u00e9nicos \u2705 Nixtamalizaci\u00f3n. \u2705 Receta 100% Mexicana \ud83c\uddf2\ud83c\uddfd\" \/>\n<meta property=\"og:url\" content=\"https:\/\/saborcito.de\/de\/product\/producto\/\" \/>\n<meta property=\"og:site_name\" content=\"Saborcito\" \/>\n<meta property=\"article:modified_time\" content=\"2026-04-26T21:07:43+00:00\" \/>\n<meta property=\"og:image\" content=\"https:\/\/saborcito.de\/wp-content\/uploads\/2026\/03\/1000098527.jpg\" \/>\n\t<meta property=\"og:image:width\" content=\"900\" \/>\n\t<meta property=\"og:image:height\" content=\"900\" \/>\n\t<meta property=\"og:image:type\" content=\"image\/jpeg\" \/>\n<meta name=\"twitter:card\" content=\"summary_large_image\" \/>\n<script type=\"application\/ld+json\" class=\"yoast-schema-graph\">{\"@context\":\"https:\\\/\\\/schema.org\",\"@graph\":[{\"@type\":\"WebPage\",\"@id\":\"https:\\\/\\\/saborcito.de\\\/product\\\/producto\\\/\",\"url\":\"https:\\\/\\\/saborcito.de\\\/product\\\/producto\\\/\",\"name\":\"Totopos Ma\u00edz Maya 400gr. - Saborcito\",\"isPartOf\":{\"@id\":\"https:\\\/\\\/saborcito.de\\\/#website\"},\"primaryImageOfPage\":{\"@id\":\"https:\\\/\\\/saborcito.de\\\/product\\\/producto\\\/#primaryimage\"},\"image\":{\"@id\":\"https:\\\/\\\/saborcito.de\\\/product\\\/producto\\\/#primaryimage\"},\"thumbnailUrl\":\"https:\\\/\\\/saborcito.de\\\/wp-content\\\/uploads\\\/2026\\\/03\\\/1000098527.jpg\",\"datePublished\":\"2026-03-03T21:38:09+00:00\",\"dateModified\":\"2026-04-26T21:07:43+00:00\",\"breadcrumb\":{\"@id\":\"https:\\\/\\\/saborcito.de\\\/product\\\/producto\\\/#breadcrumb\"},\"inLanguage\":\"de\",\"potentialAction\":[{\"@type\":\"ReadAction\",\"target\":[\"https:\\\/\\\/saborcito.de\\\/product\\\/producto\\\/\"]}]},{\"@type\":\"ImageObject\",\"inLanguage\":\"de\",\"@id\":\"https:\\\/\\\/saborcito.de\\\/product\\\/producto\\\/#primaryimage\",\"url\":\"https:\\\/\\\/saborcito.de\\\/wp-content\\\/uploads\\\/2026\\\/03\\\/1000098527.jpg\",\"contentUrl\":\"https:\\\/\\\/saborcito.de\\\/wp-content\\\/uploads\\\/2026\\\/03\\\/1000098527.jpg\",\"width\":900,\"height\":900},{\"@type\":\"BreadcrumbList\",\"@id\":\"https:\\\/\\\/saborcito.de\\\/product\\\/producto\\\/#breadcrumb\",\"itemListElement\":[{\"@type\":\"ListItem\",\"position\":1,\"name\":\"Home\",\"item\":\"https:\\\/\\\/saborcito.de\\\/de\\\/\"},{\"@type\":\"ListItem\",\"position\":2,\"name\":\"Tienda\",\"item\":\"https:\\\/\\\/saborcito.de\\\/de\\\/\"},{\"@type\":\"ListItem\",\"position\":3,\"name\":\"Totopos Ma\u00edz Maya 400gr.\"}]},{\"@type\":\"WebSite\",\"@id\":\"https:\\\/\\\/saborcito.de\\\/#website\",\"url\":\"https:\\\/\\\/saborcito.de\\\/\",\"name\":\"Saborcito\",\"description\":\"\u00a1El sabor que extra\u00f1abas!\",\"publisher\":{\"@id\":\"https:\\\/\\\/saborcito.de\\\/#organization\"},\"potentialAction\":[{\"@type\":\"SearchAction\",\"target\":{\"@type\":\"EntryPoint\",\"urlTemplate\":\"https:\\\/\\\/saborcito.de\\\/?s={search_term_string}\"},\"query-input\":{\"@type\":\"PropertyValueSpecification\",\"valueRequired\":true,\"valueName\":\"search_term_string\"}}],\"inLanguage\":\"de\"},{\"@type\":\"Organization\",\"@id\":\"https:\\\/\\\/saborcito.de\\\/#organization\",\"name\":\"Saborcito\",\"url\":\"https:\\\/\\\/saborcito.de\\\/\",\"logo\":{\"@type\":\"ImageObject\",\"inLanguage\":\"de\",\"@id\":\"https:\\\/\\\/saborcito.de\\\/#\\\/schema\\\/logo\\\/image\\\/\",\"url\":\"https:\\\/\\\/saborcito.de\\\/wp-content\\\/uploads\\\/2025\\\/09\\\/Gemini_Generated_Image_u5txh9u5txh9u5tx.png\",\"contentUrl\":\"https:\\\/\\\/saborcito.de\\\/wp-content\\\/uploads\\\/2025\\\/09\\\/Gemini_Generated_Image_u5txh9u5txh9u5tx.png\",\"width\":1024,\"height\":330,\"caption\":\"Saborcito\"},\"image\":{\"@id\":\"https:\\\/\\\/saborcito.de\\\/#\\\/schema\\\/logo\\\/image\\\/\"}}]}<\/script>\n<!-- \/ Yoast SEO plugin. -->","yoast_head_json":{"title":"Totopos Ma\u00edz Maya 400gr. - Saborcito","robots":{"index":"index","follow":"follow","max-snippet":"max-snippet:-1","max-image-preview":"max-image-preview:large","max-video-preview":"max-video-preview:-1"},"canonical":"https:\/\/saborcito.de\/de\/product\/producto\/","og_locale":"de_DE","og_type":"article","og_title":"Totopos Ma\u00edz Maya 400gr. - Saborcito","og_description":"Los cl\u00e1sicos totopos de Ma\u00edz nixtamalizado para tus reuniones y platillos aut\u00e9nticamente mexicanos. Estos deliciosos totopos fritos son ideales para botanas, chilaquiles, nachos, etc. \u00a1Atenci\u00f3n! \u00a1Los totopos cl\u00e1sicos de Ma\u00edz Maya son altamente adictivos! \u2705 Sin gluten \u2705 Sin conservantes \u2705 Sin transg\u00e9nicos \u2705 Nixtamalizaci\u00f3n. \u2705 Receta 100% Mexicana \ud83c\uddf2\ud83c\uddfd","og_url":"https:\/\/saborcito.de\/de\/product\/producto\/","og_site_name":"Saborcito","article_modified_time":"2026-04-26T21:07:43+00:00","og_image":[{"width":900,"height":900,"url":"https:\/\/saborcito.de\/wp-content\/uploads\/2026\/03\/1000098527.jpg","type":"image\/jpeg"}],"twitter_card":"summary_large_image","schema":{"@context":"https:\/\/schema.org","@graph":[{"@type":"WebPage","@id":"https:\/\/saborcito.de\/product\/producto\/","url":"https:\/\/saborcito.de\/product\/producto\/","name":"Totopos Ma\u00edz Maya 400gr. - Saborcito","isPartOf":{"@id":"https:\/\/saborcito.de\/#website"},"primaryImageOfPage":{"@id":"https:\/\/saborcito.de\/product\/producto\/#primaryimage"},"image":{"@id":"https:\/\/saborcito.de\/product\/producto\/#primaryimage"},"thumbnailUrl":"https:\/\/saborcito.de\/wp-content\/uploads\/2026\/03\/1000098527.jpg","datePublished":"2026-03-03T21:38:09+00:00","dateModified":"2026-04-26T21:07:43+00:00","breadcrumb":{"@id":"https:\/\/saborcito.de\/product\/producto\/#breadcrumb"},"inLanguage":"de","potentialAction":[{"@type":"ReadAction","target":["https:\/\/saborcito.de\/product\/producto\/"]}]},{"@type":"ImageObject","inLanguage":"de","@id":"https:\/\/saborcito.de\/product\/producto\/#primaryimage","url":"https:\/\/saborcito.de\/wp-content\/uploads\/2026\/03\/1000098527.jpg","contentUrl":"https:\/\/saborcito.de\/wp-content\/uploads\/2026\/03\/1000098527.jpg","width":900,"height":900},{"@type":"BreadcrumbList","@id":"https:\/\/saborcito.de\/product\/producto\/#breadcrumb","itemListElement":[{"@type":"ListItem","position":1,"name":"Home","item":"https:\/\/saborcito.de\/de\/"},{"@type":"ListItem","position":2,"name":"Tienda","item":"https:\/\/saborcito.de\/de\/"},{"@type":"ListItem","position":3,"name":"Totopos Ma\u00edz Maya 400gr."}]},{"@type":"WebSite","@id":"https:\/\/saborcito.de\/#website","url":"https:\/\/saborcito.de\/","name":"Saborcito","description":"\u00a1El sabor que extra\u00f1abas!","publisher":{"@id":"https:\/\/saborcito.de\/#organization"},"potentialAction":[{"@type":"SearchAction","target":{"@type":"EntryPoint","urlTemplate":"https:\/\/saborcito.de\/?s={search_term_string}"},"query-input":{"@type":"PropertyValueSpecification","valueRequired":true,"valueName":"search_term_string"}}],"inLanguage":"de"},{"@type":"Organization","@id":"https:\/\/saborcito.de\/#organization","name":"Saborcito","url":"https:\/\/saborcito.de\/","logo":{"@type":"ImageObject","inLanguage":"de","@id":"https:\/\/saborcito.de\/#\/schema\/logo\/image\/","url":"https:\/\/saborcito.de\/wp-content\/uploads\/2025\/09\/Gemini_Generated_Image_u5txh9u5txh9u5tx.png","contentUrl":"https:\/\/saborcito.de\/wp-content\/uploads\/2025\/09\/Gemini_Generated_Image_u5txh9u5txh9u5tx.png","width":1024,"height":330,"caption":"Saborcito"},"image":{"@id":"https:\/\/saborcito.de\/#\/schema\/logo\/image\/"}}]}},"jetpack_sharing_enabled":true,"_links":{"self":[{"href":"https:\/\/saborcito.de\/de\/wp-json\/wp\/v2\/product\/447","targetHints":{"allow":["GET"]}}],"collection":[{"href":"https:\/\/saborcito.de\/de\/wp-json\/wp\/v2\/product"}],"about":[{"href":"https:\/\/saborcito.de\/de\/wp-json\/wp\/v2\/types\/product"}],"replies":[{"embeddable":true,"href":"https:\/\/saborcito.de\/de\/wp-json\/wp\/v2\/comments?post=447"}],"wp:featuredmedia":[{"embeddable":true,"href":"https:\/\/saborcito.de\/de\/wp-json\/wp\/v2\/media\/446"}],"wp:attachment":[{"href":"https:\/\/saborcito.de\/de\/wp-json\/wp\/v2\/media?parent=447"}],"wp:term":[{"taxonomy":"product_brand","embeddable":true,"href":"https:\/\/saborcito.de\/de\/wp-json\/wp\/v2\/product_brand?post=447"},{"taxonomy":"product_cat","embeddable":true,"href":"https:\/\/saborcito.de\/de\/wp-json\/wp\/v2\/product_cat?post=447"},{"taxonomy":"product_tag","embeddable":true,"href":"https:\/\/saborcito.de\/de\/wp-json\/wp\/v2\/product_tag?post=447"}],"curies":[{"name":"wp","href":"https:\/\/api.w.org\/{rel}","templated":true}]}}